{"id":48960,"date":"2026-04-26T16:13:09","date_gmt":"2026-04-26T16:13:09","guid":{"rendered":"https:\/\/greenheatscinawaspolka.com\/?page_id=48960"},"modified":"2026-04-26T16:42:14","modified_gmt":"2026-04-26T16:42:14","slug":"about-us","status":"publish","type":"page","link":"https:\/\/greenheatscinawaspolka.com\/index.php\/about-us\/","title":{"rendered":"About Us"},"content":{"rendered":"<p>[et_pb_section fb_built=&#8221;1&#8243; fullwidth=&#8221;on&#8221; _builder_version=&#8221;4.27.5&#8243; animation_style=&#8221;slide&#8221; animation_direction=&#8221;top&#8221; animation_intensity_slide=&#8221;2%&#8221; animation_starting_opacity=&#8221;100%&#8221; global_colors_info=&#8221;{}&#8221;][et_pb_fullwidth_header title=&#8221;About Us&#8221; content_max_width=&#8221;800px&#8221; _builder_version=&#8221;4.27.5&#8243; title_level=&#8221;h2&#8243; title_font=&#8221;Lato||||||||&#8221; title_font_size=&#8221;60px&#8221; title_line_height=&#8221;1.2em&#8221; content_font=&#8221;||||||||&#8221; content_font_size=&#8221;20px&#8221; content_line_height=&#8221;1.8em&#8221; background_color=&#8221;rgba(255, 255, 255, 0)&#8221; use_background_color_gradient=&#8221;on&#8221; background_color_gradient_direction=&#8221;90deg&#8221; background_color_gradient_stops=&#8221;rgba(0,0,0,0.75) 0%|rgba(0,0,0,0) 100%&#8221; background_color_gradient_overlays_image=&#8221;on&#8221; background_color_gradient_start=&#8221;rgba(0,0,0,0.75)&#8221; background_color_gradient_end=&#8221;rgba(0,0,0,0)&#8221; background_image=&#8221;https:\/\/greenheatscinawaspolka.com\/wp-content\/uploads\/2026\/04\/estufa-de-pellets-no-enciende-01-1.jpg&#8221; custom_button_one=&#8221;on&#8221; button_one_text_size=&#8221;18px&#8221; button_one_bg_color=&#8221;#02d002&#8243; button_one_border_width=&#8221;8px&#8221; button_one_border_color=&#8221;#02d002&#8243; button_one_border_radius=&#8221;0px&#8221; button_one_letter_spacing=&#8221;1px&#8221; button_one_font=&#8221;Lato|700|||||||&#8221; button_one_use_icon=&#8221;off&#8221; custom_button_two=&#8221;on&#8221; button_two_text_size=&#8221;18px&#8221; button_two_text_color=&#8221;#353740&#8243; button_two_bg_color=&#8221;#ffffff&#8221; button_two_border_width=&#8221;8px&#8221; button_two_border_color=&#8221;#ffffff&#8221; button_two_border_radius=&#8221;0px&#8221; button_two_letter_spacing=&#8221;1px&#8221; button_two_font=&#8221;Lato|700|||||||&#8221; button_two_use_icon=&#8221;off&#8221; custom_margin=&#8221;|||&#8221; custom_padding=&#8221;8%||8%|&#8221; hover_enabled=&#8221;0&#8243; button_one_letter_spacing_hover=&#8221;1px&#8221; button_two_letter_spacing_hover=&#8221;1px&#8221; locked=&#8221;off&#8221; global_colors_info=&#8221;{}&#8221; button_one_text_size__hover_enabled=&#8221;off&#8221; button_two_text_size__hover_enabled=&#8221;off&#8221; button_one_text_color__hover_enabled=&#8221;off&#8221; button_two_text_color__hover_enabled=&#8221;off&#8221; button_one_border_width__hover_enabled=&#8221;off&#8221; button_two_border_width__hover_enabled=&#8221;off&#8221; button_one_border_color__hover_enabled=&#8221;off&#8221; button_two_border_color__hover_enabled=&#8221;off&#8221; button_one_border_radius__hover_enabled=&#8221;off&#8221; button_two_border_radius__hover_enabled=&#8221;off&#8221; button_one_letter_spacing__hover_enabled=&#8221;on&#8221; button_one_letter_spacing__hover=&#8221;1px&#8221; button_two_letter_spacing__hover_enabled=&#8221;on&#8221; button_two_letter_spacing__hover=&#8221;1px&#8221; button_one_bg_color__hover_enabled=&#8221;off&#8221; button_two_bg_color__hover_enabled=&#8221;off&#8221; title_text=&#8221;estufa-de-pellets-no-enciende-01&#8243; sticky_enabled=&#8221;0&#8243;][\/et_pb_fullwidth_header][\/et_pb_section][et_pb_section fb_built=&#8221;1&#8243; admin_label=&#8221;Our Story Section&#8221; _builder_version=&#8221;4.27.5&#8243; custom_padding=&#8221;32px||0px|||&#8221; global_colors_info=&#8221;{}&#8221;][et_pb_row column_structure=&#8221;1_2,1_2&#8243; admin_label=&#8221;Our Story Area&#8221; _builder_version=&#8221;4.27.5&#8243; hover_enabled=&#8221;0&#8243; global_colors_info=&#8221;{}&#8221; use_custom_gutter=&#8221;on&#8221; make_equal=&#8221;on&#8221; max_width=&#8221;2410px&#8221; width=&#8221;98%&#8221; sticky_enabled=&#8221;0&#8243;][et_pb_column type=&#8221;1_2&#8243; _builder_version=&#8221;4.16&#8243; custom_padding=&#8221;|||&#8221; global_colors_info=&#8221;{}&#8221; custom_padding__hover=&#8221;|||&#8221;][et_pb_image src=&#8221;https:\/\/greenheatscinawaspolka.com\/wp-content\/uploads\/2026\/04\/about-us-east-coast.jpg&#8221; title_text=&#8221;about-us-east-coast&#8221; align_tablet=&#8221;center&#8221; align_phone=&#8221;&#8221; align_last_edited=&#8221;on|desktop&#8221; _builder_version=&#8221;4.27.5&#8243; global_colors_info=&#8221;{}&#8221;][\/et_pb_image][\/et_pb_column][et_pb_column type=&#8221;1_2&#8243; _builder_version=&#8221;4.16&#8243; custom_padding=&#8221;|||&#8221; global_colors_info=&#8221;{}&#8221; custom_padding__hover=&#8221;|||&#8221;][et_pb_text admin_label=&#8221;Title&#8221; _builder_version=&#8221;4.27.5&#8243; text_font=&#8221;||||||||&#8221; header_font=&#8221;||||||||&#8221; header_2_font=&#8221;Lato||||||||&#8221; header_2_font_size=&#8221;36px&#8221; header_2_line_height=&#8221;1.5em&#8221; module_alignment=&#8221;center&#8221; custom_margin=&#8221;||15px|&#8221; custom_padding=&#8221;|||&#8221; animation_direction=&#8221;left&#8221; border_width_bottom=&#8221;2px&#8221; border_color_bottom=&#8221;#E09900&#8243; global_colors_info=&#8221;{}&#8221;]<\/p>\n<h2>Who We Are<\/h2>\n<p>[\/et_pb_text][et_pb_text _builder_version=&#8221;4.27.5&#8243; text_font=&#8221;||||||||&#8221; text_font_size=&#8221;16px&#8221; text_line_height=&#8221;1.8em&#8221; animation_direction=&#8221;left&#8221; global_colors_info=&#8221;{}&#8221;]<\/p>\n<p>GREEN HEAT \u015aCINAWA SP\u00d3\u0141KA Z OGRANICZON\u0104 ODPOWIEDZIALNO\u015aCI\u0104 is a trusted Italian supplier specializing in high-quality wood pellets and wood-based products for industrial, commercial, and energy applications. Based in Cremona, Italy, we are committed to delivering reliable solutions that support efficient logistics, safe transportation, and sustainable energy use.<br \/>With a strong focus on durability, consistency, and customer satisfaction, we serve businesses that require dependable wood products tailored to modern supply chain demands.<\/p>\n<p>[\/et_pb_text][\/et_pb_column][\/et_pb_row][\/et_pb_section][et_pb_section fb_built=&#8221;1&#8243; _builder_version=&#8221;4.27.5&#8243; _module_preset=&#8221;default&#8221; background_color=&#8221;#FFFFFF&#8221; global_colors_info=&#8221;{}&#8221;][et_pb_row column_structure=&#8221;2_3,1_3&#8243; use_custom_gutter=&#8221;on&#8221; make_equal=&#8221;on&#8221; _builder_version=&#8221;4.27.5&#8243; _module_preset=&#8221;default&#8221; width=&#8221;89%&#8221; max_width=&#8221;2379px&#8221; global_colors_info=&#8221;{}&#8221;][et_pb_column type=&#8221;2_3&#8243; _builder_version=&#8221;4.27.5&#8243; _module_preset=&#8221;default&#8221; global_colors_info=&#8221;{}&#8221;][et_pb_heading title=&#8221;Wood Pellets&#8221; _builder_version=&#8221;4.27.5&#8243; _module_preset=&#8221;default&#8221; title_font=&#8221;|700|||||||&#8221; border_width_bottom=&#8221;2px&#8221; border_color_bottom=&#8221;#E09900&#8243; global_colors_info=&#8221;{}&#8221;][\/et_pb_heading][et_pb_text _builder_version=&#8221;4.27.5&#8243; _module_preset=&#8221;default&#8221; global_colors_info=&#8221;{}&#8221;]<\/p>\n<p>Our company\u2019s products meet the quality standards set for the world market as A1 and A2 standard. The key quality indicators for pellets from our company often exceed the established by A1 and A2 standard \u2013 ash below 1%, humidity below 10% and calorific value of 18.5 Joule \/ ton or 4.8KWt \/ kg. The company has its own laboratory at the plant which regularly conduct tests of our products.<\/p>\n<p>Our experts employ one of the best methods to process our products in accordance with the international standard of wood pellets production. Furthermore, our quality inspectors test these products on the basis of several parameters to ensure their premium standard. We also encompass a well-furnished Factory with modern equipment and warehousing facility to best carry out our production.<\/p>\n<p>Our products can be transported\/delivered by road and or shipped by sea. About 80% of our pellets sales are export deliveries. We work with many transport companies in Italy and abroad. These transport companies helps us to deliver our supplies on time.<\/p>\n<p>GREEN HEAT \u015aCINAWA SP\u00d3\u0141KA Z OGRANICZON\u0104 ODPOWIEDZIALNO\u015aCI\u0104 produces wood pellets which are compressed biofuel generally produced of sawdust. We provide wood pellets which are a modern form of heating fuel and have more potential to reduce CO2 emissions. Wood pellets are cylindrical in shape and with a measurement of between 6-8mm in diameter and 10-30mm long. The moisture content of wood pellets is less than 10% that allows them to be burned with very high combustion efficiencies.<\/p>\n<p>Biomass wood shaving is milled into fine sawdust and then fed into a pelletising machine (granulator) where it is compressed under immense pressure and extruded through a die. This process is accompanied by lignin melting, contained in the biomass, which serves as a binding material forming the pellets as they dry. The glaze observed on the exterior of the pellets is also the result of lignin melting. The process of forming wood pellets is called extrusion. When pelleting sawdust raises its temperature to 90 degree celsius. There are no used additives when producing wood pellets. The pellets are either bagged or loaded into container lorries for bulk distribution after cooling. Order your wood pellets from GREEN HEAT \u015aCINAWA SP\u00d3\u0141KA Z OGRANICZON\u0104 ODPOWIEDZIALNO\u015aCI\u0104.<\/p>\n<p>GREEN HEAT \u015aCINAWA SP\u00d3\u0141KA Z OGRANICZON\u0104 ODPOWIEDZIALNO\u015aCI\u0104, wood pellets as biomass are basically used for residential heating and burned in high efficiency stoves, fireplaces, and central heating systems. There is very little ash from burning premium wood pellets.<\/p>\n<p>Under the visionary guidance of our well organized (GREEN HEAT \u015aCINAWA SP\u00d3\u0141KA Z OGRANICZON\u0104 ODPOWIEDZIALNO\u015aCI\u0104) management staffs, we have been successful in establishing a standard in terms of client\u2019s satisfaction. It is with immense knowledge, wise managerial skills that we have attained a strong history as regard the top quality of finish products and supplies.<\/p>\n<p>GREEN HEAT \u015aCINAWA SP\u00d3\u0141KA Z OGRANICZON\u0104 ODPOWIEDZIALNO\u015aCI\u0104 is a firm in Italy promoting energy (The Pellet Fuels) independently through the efficient use of clean, renewable, densified biomass fuel.<\/p>\n<p>GREEN HEAT \u015aCINAWA SP\u00d3\u0141KA Z OGRANICZON\u0104 ODPOWIEDZIALNO\u015aCI\u0104 is the suppliers and carriage of wood pellets have increased over the last few years because of their use as a non-fossil heating fuel.<\/p>\n<p>The manufacturing process is based on a process used in Ukraine but it is believed that the method of manufacture used elsewhere is similar. Wood pellets are produced totally from sawdust and wood shavings and do not contain any additives or binders. The sawdust and shavings are dried, and then milled into particles of up to approximately 2 mm particle size. The compression leads to an increase in temperature.<\/p>\n<p>The entry of \u201cwood pulp pellets\u201d while referring to oxygen depletion and the generation of carbon dioxide does not refer to the formation of carbon monoxide. Bulk wood pellets are prone to off-gassing and self-heating, which can be mitigated by procurement.<\/p>\n<p>Over the years we have been able to meet the needs and requirements of wide range of clients from retailers to wholesalers, and also with direct consumers. \u201cOur future is sure and we\u2019re never satisfied until the client is satisfied.\u201d<\/p>\n<p>GREEN HEAT \u015aCINAWA SP\u00d3\u0141KA Z OGRANICZON\u0104 ODPOWIEDZIALNO\u015aCI\u0104 production capacity is 7 tons of wood pellets per hour. We produce 50 000 to 100 000 tons of wood pellets per year. All raw materials are only 100% softwood used such as pine wood, fir wood, birch wood, beech wood, oak wood and spruce wood. Each raw material is used independently in the production process of the wood pellets. GREEN HEAT \u015aCINAWA SP\u00d3\u0141KA Z OGRANICZON\u0104 ODPOWIEDZIALNO\u015aCI\u0104.<\/p>\n<p>The acceptance of raw material acceptance and storage:<\/p>\n<p>The product is performed on the plant territory.<\/p>\n<p>Raw material acceptance site is made of concrete slabs.<\/p>\n<p>Railway feeder comes to the site which can be used for raw material delivery. Access routes for trucks are also available.<\/p>\n<p>Raw material storage site consists of storage area and area of raw material immediate supply to processing.<\/p>\n<p>Transport unloading is executed by a wood loader on base of excavator LIEBHERR A 924 \u0412.<\/p>\n<p>Unloading runs into storage areas or directly to the working area of wood supply to processing.<\/p>\n<p>Timber quality and quantity acceptance is carried out on site along with radiological control.<\/p>\n<h4><strong>OUR OBJECTIVE:<\/strong><\/h4>\n<p>\u2013 Our main objective at Europe-Pellets is to maintain customer\u2019s satisfaction always. We make sure that the quality standard of the pellet is high and clients\u2019 needs are meets on schedule.\u00a0<\/p>\n<p>\u2013 The company (Europe-Pellets) also set goals within a period of time and make sure it is achievable. <br \/>We offer one of the best services to our customers which makes us an outstanding company in the world.<\/p>\n<p>[\/et_pb_text][\/et_pb_column][et_pb_column type=&#8221;1_3&#8243; _builder_version=&#8221;4.27.5&#8243; _module_preset=&#8221;default&#8221; global_colors_info=&#8221;{}&#8221;][et_pb_image src=&#8221;https:\/\/greenheatscinawaspolka.com\/wp-content\/uploads\/2026\/04\/Senza-titolo-1-2.jpg&#8221; title_text=&#8221;Senza-titolo-1&#8243; _builder_version=&#8221;4.27.5&#8243; _module_preset=&#8221;default&#8221; global_colors_info=&#8221;{}&#8221;][\/et_pb_image][\/et_pb_column][\/et_pb_row][\/et_pb_section][et_pb_section fb_built=&#8221;1&#8243; _builder_version=&#8221;4.27.5&#8243; _module_preset=&#8221;default&#8221; background_color=&#8221;#d1d1d1&#8243; background_enable_image=&#8221;off&#8221; custom_padding=&#8221;8px||0px|||&#8221; global_colors_info=&#8221;{}&#8221;][et_pb_row column_structure=&#8221;1_4,1_4,1_4,1_4&#8243; use_custom_gutter=&#8221;on&#8221; make_equal=&#8221;on&#8221; _builder_version=&#8221;4.27.5&#8243; _module_preset=&#8221;default&#8221; width=&#8221;91%&#8221; max_width=&#8221;2319px&#8221; global_colors_info=&#8221;{}&#8221;][et_pb_column type=&#8221;1_4&#8243; _builder_version=&#8221;4.27.5&#8243; _module_preset=&#8221;default&#8221; global_colors_info=&#8221;{}&#8221;][et_pb_blurb title=&#8221;World-Class Support&#8221; use_icon=&#8221;on&#8221; font_icon=&#8221;&#xf590;||fa||900&#8243; icon_color=&#8221;#E09900&#8243; image_icon_width=&#8221;45px&#8221; _builder_version=&#8221;4.27.5&#8243; _module_preset=&#8221;default&#8221; header_level=&#8221;h3&#8243; header_font=&#8221;|700|||||||&#8221; header_text_align=&#8221;center&#8221; background_color=&#8221;#FFFFFF&#8221; custom_padding=&#8221;14px||27px|||&#8221; box_shadow_style=&#8221;preset6&#8243; global_colors_info=&#8221;{}&#8221;]<\/p>\n<p style=\"text-align: center;\">Our top-notch customer care team is always there to respond to your queries professionally.<\/p>\n<p>[\/et_pb_blurb][\/et_pb_column][et_pb_column type=&#8221;1_4&#8243; _builder_version=&#8221;4.27.5&#8243; _module_preset=&#8221;default&#8221; global_colors_info=&#8221;{}&#8221;][et_pb_blurb title=&#8221;Quality Assurance&#8221; use_icon=&#8221;on&#8221; font_icon=&#8221;&#xf058;||fa||900&#8243; icon_color=&#8221;#E09900&#8243; image_icon_width=&#8221;45px&#8221; _builder_version=&#8221;4.27.5&#8243; _module_preset=&#8221;default&#8221; header_level=&#8221;h3&#8243; header_font=&#8221;|700|||||||&#8221; header_text_align=&#8221;center&#8221; background_color=&#8221;#FFFFFF&#8221; custom_padding=&#8221;14px||30px|||&#8221; box_shadow_style=&#8221;preset6&#8243; global_colors_info=&#8221;{}&#8221;]<\/p>\n<p style=\"text-align: center;\">We make sure that we provide finest quality of every product we deal, ensuring total quality assurance.<\/p>\n<p>[\/et_pb_blurb][\/et_pb_column][et_pb_column type=&#8221;1_4&#8243; _builder_version=&#8221;4.27.5&#8243; _module_preset=&#8221;default&#8221; global_colors_info=&#8221;{}&#8221;][et_pb_blurb title=&#8221;Shipping Services&#8221; use_icon=&#8221;on&#8221; font_icon=&#8221;&#xf48b;||fa||900&#8243; icon_color=&#8221;#E09900&#8243; image_icon_width=&#8221;45px&#8221; _builder_version=&#8221;4.27.5&#8243; _module_preset=&#8221;default&#8221; header_level=&#8221;h3&#8243; header_font=&#8221;|700|||||||&#8221; header_text_align=&#8221;center&#8221; background_color=&#8221;#FFFFFF&#8221; custom_padding=&#8221;15px||29px|||&#8221; box_shadow_style=&#8221;preset6&#8243; global_colors_info=&#8221;{}&#8221;]<\/p>\n<p style=\"text-align: center;\">We always strive on making timely delivery of products to attain optimum customer satisfaction.<\/p>\n<p>[\/et_pb_blurb][\/et_pb_column][et_pb_column type=&#8221;1_4&#8243; _builder_version=&#8221;4.27.5&#8243; _module_preset=&#8221;default&#8221; global_colors_info=&#8221;{}&#8221;][et_pb_blurb title=&#8221;Best Prices&#8221; use_icon=&#8221;on&#8221; font_icon=&#8221;&#xf560;||fa||900&#8243; icon_color=&#8221;#E09900&#8243; image_icon_width=&#8221;45px&#8221; _builder_version=&#8221;4.27.5&#8243; _module_preset=&#8221;default&#8221; header_level=&#8221;h3&#8243; header_font=&#8221;|700|||||||&#8221; header_text_align=&#8221;center&#8221; background_color=&#8221;#FFFFFF&#8221; custom_padding=&#8221;12px||32px|||&#8221; box_shadow_style=&#8221;preset6&#8243; global_colors_info=&#8221;{}&#8221;]<\/p>\n<p style=\"text-align: center;\">We always make it sure to quote the best and reasonable prices for all our products to save our customers money.<\/p>\n<p>[\/et_pb_blurb][\/et_pb_column][\/et_pb_row][\/et_pb_section][et_pb_section fb_built=&#8221;1&#8243; _builder_version=&#8221;4.27.5&#8243; _module_preset=&#8221;default&#8221; custom_padding=&#8221;||6px|||&#8221; global_colors_info=&#8221;{}&#8221;][et_pb_row column_structure=&#8221;1_2,1_2&#8243; _builder_version=&#8221;4.27.5&#8243; _module_preset=&#8221;default&#8221; width=&#8221;90%&#8221; max_width=&#8221;1753px&#8221; global_colors_info=&#8221;{}&#8221;][et_pb_column type=&#8221;1_2&#8243; _builder_version=&#8221;4.27.5&#8243; _module_preset=&#8221;default&#8221; global_colors_info=&#8221;{}&#8221;][et_pb_heading title=&#8221;Expanding Beyond Pellets&#8221; _builder_version=&#8221;4.27.5&#8243; _module_preset=&#8221;default&#8221; title_font=&#8221;|700|||||||&#8221; border_width_bottom=&#8221;2px&#8221; border_color_bottom=&#8221;#E09900&#8243; global_colors_info=&#8221;{}&#8221;][\/et_pb_heading][et_pb_text _builder_version=&#8221;4.27.5&#8243; _module_preset=&#8221;default&#8221; global_colors_info=&#8221;{}&#8221;]<\/p>\n<p>In addition to wood pellets, we supply a range of high-quality wood-based products, including:<\/p>\n<ul>\n<li>Wood briquettes<\/li>\n<li>Wood chips<\/li>\n<li>Wood shavings<\/li>\n<li>Firewood<\/li>\n<li>Charcoal<\/li>\n<\/ul>\n<p>These products serve industries such as biomass energy, agriculture, heating, and packaging, allowing us to meet diverse market needs while maintaining consistent quality standards.<\/p>\n<p>[\/et_pb_text][\/et_pb_column][et_pb_column type=&#8221;1_2&#8243; _builder_version=&#8221;4.27.5&#8243; _module_preset=&#8221;default&#8221; global_colors_info=&#8221;{}&#8221;][et_pb_heading title=&#8221;Our Commitment to Quality &#038; Safety&#8221; _builder_version=&#8221;4.27.5&#8243; _module_preset=&#8221;default&#8221; title_font=&#8221;|700|||||||&#8221; border_color_all=&#8221;#E09900&#8243; border_width_bottom=&#8221;2px&#8221; global_colors_info=&#8221;{}&#8221;][\/et_pb_heading][et_pb_text _builder_version=&#8221;4.27.5&#8243; _module_preset=&#8221;default&#8221; global_colors_info=&#8221;{}&#8221;]<\/p>\n<p>At GREEN HEAT \u015aCINAWA SP\u00d3\u0141KA Z OGRANICZON\u0104 ODPOWIEDZIALNO\u015aCI\u0104, quality control is integrated into every stage of our operations. From material selection to final inspection, we ensure that all products meet industry standards and customer expectations.<\/p>\n<p>We prioritize:<\/p>\n<ul>\n<li>Structural integrity and durability<\/li>\n<li>Compliance with international shipping requirements<\/li>\n<li>Responsible sourcing practices<\/li>\n<li>Safe production processes<\/li>\n<\/ul>\n<p>Our goal is simple: to deliver products our clients can rely on every time<\/p>\n<p>[\/et_pb_text][\/et_pb_column][\/et_pb_row][\/et_pb_section][et_pb_section fb_built=&#8221;1&#8243; _builder_version=&#8221;4.27.5&#8243; _module_preset=&#8221;default&#8221; background_color=&#8221;rgba(28,15,66,0.91)&#8221; custom_padding=&#8221;||1px|||&#8221; global_colors_info=&#8221;{}&#8221; theme_builder_area=&#8221;post_content&#8221;][et_pb_row column_structure=&#8221;1_2,1_2&#8243; use_custom_gutter=&#8221;on&#8221; make_equal=&#8221;on&#8221; _builder_version=&#8221;4.27.5&#8243; _module_preset=&#8221;default&#8221; width=&#8221;88%&#8221; max_width=&#8221;1995px&#8221; global_colors_info=&#8221;{}&#8221; theme_builder_area=&#8221;post_content&#8221;][et_pb_column type=&#8221;1_2&#8243; _builder_version=&#8221;4.27.5&#8243; _module_preset=&#8221;default&#8221; global_colors_info=&#8221;{}&#8221; theme_builder_area=&#8221;post_content&#8221;][et_pb_heading title=&#8221;Quality, Safety &#038; Reliability&#8221; _builder_version=&#8221;4.27.5&#8243; _module_preset=&#8221;default&#8221; title_level=&#8221;h2&#8243; title_font=&#8221;|700|||||||&#8221; title_text_color=&#8221;#FFFFFF&#8221; border_color_all=&#8221;#E09900&#8243; border_width_bottom=&#8221;2px&#8221; global_colors_info=&#8221;{}&#8221; theme_builder_area=&#8221;post_content&#8221;][\/et_pb_heading][et_pb_text _builder_version=&#8221;4.27.5&#8243; _module_preset=&#8221;default&#8221; global_colors_info=&#8221;{}&#8221; theme_builder_area=&#8221;post_content&#8221;]<\/p>\n<p><span style=\"color: #ffffff;\">At GREEN HEAT \u015aCINAWA SP\u00d3\u0141KA Z OGRANICZON\u0104 ODPOWIEDZIALNO\u015aCI\u0104, quality is not optional \u2014 it is a standard. Every product undergoes careful inspection to ensure consistency, durability, and performance. We maintain responsible sourcing practices and operate with a strong commitment to safety and environmental awareness.<\/span><\/p>\n<p><span style=\"color: #ffffff;\">Our team focuses on delivering products that support efficient operations while maintaining the highest industry standards.<\/span><\/p>\n<p>[\/et_pb_text][\/et_pb_column][et_pb_column type=&#8221;1_2&#8243; _builder_version=&#8221;4.27.5&#8243; _module_preset=&#8221;default&#8221; global_colors_info=&#8221;{}&#8221; theme_builder_area=&#8221;post_content&#8221;][et_pb_image src=&#8221;https:\/\/greenheatscinawaspolka.com\/wp-content\/uploads\/2026\/04\/360_F_1667046435_Ja6mPufG0Dexgxk54G5utePiutnaDh8V.jpg&#8221; title_text=&#8221;360_F_1667046435_Ja6mPufG0Dexgxk54G5utePiutnaDh8V&#8221; align=&#8221;center&#8221; _builder_version=&#8221;4.27.5&#8243; _module_preset=&#8221;default&#8221; background_color=&#8221;#FFFFFF&#8221; global_colors_info=&#8221;{}&#8221; theme_builder_area=&#8221;post_content&#8221;][\/et_pb_image][\/et_pb_column][\/et_pb_row][\/et_pb_section][et_pb_section fb_built=&#8221;1&#8243; admin_label=&#8221;Our Mission Section&#8221; _builder_version=&#8221;4.16&#8243; background_color=&#8221;#f7f7f7&#8243; custom_padding=&#8221;13px||8px|||&#8221; global_colors_info=&#8221;{}&#8221;][et_pb_row column_structure=&#8221;1_3,2_3&#8243; admin_label=&#8221;Our Mission Area&#8221; _builder_version=&#8221;4.16&#8243; global_colors_info=&#8221;{}&#8221;][et_pb_column type=&#8221;1_3&#8243; _builder_version=&#8221;4.16&#8243; custom_padding=&#8221;|||&#8221; global_colors_info=&#8221;{}&#8221; custom_padding__hover=&#8221;|||&#8221;][et_pb_text admin_label=&#8221;Title&#8221; _builder_version=&#8221;4.16&#8243; text_font=&#8221;||||||||&#8221; header_font=&#8221;||||||||&#8221; header_2_font=&#8221;Lato||||||||&#8221; header_2_font_size=&#8221;36px&#8221; header_2_line_height=&#8221;1.5em&#8221; module_alignment=&#8221;center&#8221; custom_margin=&#8221;||15px|&#8221; custom_padding=&#8221;|||&#8221; animation_direction=&#8221;left&#8221; global_colors_info=&#8221;{}&#8221;]<\/p>\n<h2>Our Mission<\/h2>\n<p>[\/et_pb_text][\/et_pb_column][et_pb_column type=&#8221;2_3&#8243; _builder_version=&#8221;4.16&#8243; custom_padding=&#8221;|||&#8221; global_colors_info=&#8221;{}&#8221; custom_padding__hover=&#8221;|||&#8221;][et_pb_text _builder_version=&#8221;4.27.5&#8243; text_font=&#8221;||||||||&#8221; text_font_size=&#8221;16px&#8221; text_line_height=&#8221;1.8em&#8221; animation_direction=&#8221;left&#8221; global_colors_info=&#8221;{}&#8221;]<\/p>\n<p>Our mission is to provide dependable wood pellet and wood product solutions that enhance operational efficiency, support safe transportation, and contribute to sustainable resource use.<\/p>\n<p>Through professionalism, transparency, and long-term partnerships, we continue to grow as a reliable supplier in both local and international markets.<\/p>\n<p>[\/et_pb_text][\/et_pb_column][\/et_pb_row][\/et_pb_section]<\/p>\n","protected":false},"excerpt":{"rendered":"<p>Who We AreGREEN HEAT \u015aCINAWA SP\u00d3\u0141KA Z OGRANICZON\u0104 ODPOWIEDZIALNO\u015aCI\u0104 is a trusted Italian supplier specializing in high-quality wood pellets and wood-based products for industrial, commercial, and energy applications. Based in Cremona, Italy, we are committed to delivering reliable solutions that support efficient logistics, safe transportation, and sustainable energy use.With a strong focus on durability, consistency, [&hellip;]<\/p>\n","protected":false},"author":1,"featured_media":0,"parent":0,"menu_order":0,"comment_status":"closed","ping_status":"closed","template":"","meta":{"_et_pb_use_builder":"on","_et_pb_old_content":"","_et_gb_content_width":"","footnotes":""},"class_list":["post-48960","page","type-page","status-publish","hentry"],"_links":{"self":[{"href":"https:\/\/greenheatscinawaspolka.com\/index.php\/wp-json\/wp\/v2\/pages\/48960","targetHints":{"allow":["GET"]}}],"collection":[{"href":"https:\/\/greenheatscinawaspolka.com\/index.php\/wp-json\/wp\/v2\/pages"}],"about":[{"href":"https:\/\/greenheatscinawaspolka.com\/index.php\/wp-json\/wp\/v2\/types\/page"}],"author":[{"embeddable":true,"href":"https:\/\/greenheatscinawaspolka.com\/index.php\/wp-json\/wp\/v2\/users\/1"}],"replies":[{"embeddable":true,"href":"https:\/\/greenheatscinawaspolka.com\/index.php\/wp-json\/wp\/v2\/comments?post=48960"}],"version-history":[{"count":8,"href":"https:\/\/greenheatscinawaspolka.com\/index.php\/wp-json\/wp\/v2\/pages\/48960\/revisions"}],"predecessor-version":[{"id":48980,"href":"https:\/\/greenheatscinawaspolka.com\/index.php\/wp-json\/wp\/v2\/pages\/48960\/revisions\/48980"}],"wp:attachment":[{"href":"https:\/\/greenheatscinawaspolka.com\/index.php\/wp-json\/wp\/v2\/media?parent=48960"}],"curies":[{"name":"wp","href":"https:\/\/api.w.org\/{rel}","templated":true}]}}