{"id":39,"date":"2026-04-25T18:27:49","date_gmt":"2026-04-25T18:27:49","guid":{"rendered":"https:\/\/greenheatscinawaspolka.com\/?post_type=product&#038;p=39"},"modified":"2026-04-25T18:27:49","modified_gmt":"2026-04-25T18:27:49","slug":"bolitas-de-madera-a1","status":"publish","type":"product","link":"https:\/\/greenheatscinawaspolka.com\/index.php\/product\/bolitas-de-madera-a1\/","title":{"rendered":"Bolitas De Madera A1"},"content":{"rendered":"<p><strong>Descripci\u00f3n de pellets de madera de 6 mm<\/strong>:<br \/>\nLos pellets de madera de 6 mm son una forma conveniente, econ\u00f3mica y eficiente de calentar una casa o negocio con combustibles dom\u00e9sticos y de origen. Bolitas de madera A1.\u00a0<a href=\"https:\/\/en.wikipedia.org\/wiki\/Pellet_fuel\">https:\/\/en.wikipedia.org\/wiki\/Pellet_fuel<\/a><\/p>\n<p>Bolitas de madera de grado A1<br \/>\nDi\u00e1metro: 6 mm-8 mm<br \/>\nBajo contenido de polvo &lt;1%<br \/>\nAlta temperatura de fusi\u00f3n de cenizas&gt; 1200 \u00b0 C<br \/>\nHecho de las mejores maderas v\u00edrgenes<\/p>\n<p><strong>Pellets de madera dura vs madera blanda 6 mm<\/strong>:<br \/>\nmaderas duras como arce, roble, abedul y fresno. Y todos sabemos que poner maderas blandas como pino, abeto y abeto. Bolitas de madera A1<\/p>\n<p><strong>Consumo europeo de pellets de madera<\/strong>:<br \/>\nLa mayor parte del consumo se destin\u00f3 a la producci\u00f3n de calor, que representa el 61,8%. El consumo de pellets para el calor se puede dividir en tres mercados: calefacci\u00f3n residencial (69%), calefacci\u00f3n comercial (19%) y calor generado a partir de CHP (12%). El 38,2% restante de pellets de madera se utiliz\u00f3 para la producci\u00f3n de energ\u00eda. Cabe se\u00f1alar que las tecnolog\u00edas para producir energ\u00eda a partir de pellets para calor, electricidad o ambas, son maduras y ofrecen procesos eficientes y confiables. Bolitas de madera A1.<\/p>\n<p><strong>Los beneficios de los pellets de madera de 6 mm<\/strong>:<br \/>\nSi desea obtener una fuente confiable de calor, ahorrar dinero y ayudar a proteger el medio ambiente, los pellets de madera de biomasa de 6 mm son una excelente opci\u00f3n. Cuando los gr\u00e1nulos se queman, liberan la misma cantidad de di\u00f3xido de carbono que la biomasa de madera absorbe durante su crecimiento, haci\u00e9ndolos neutrales en carbono.<\/p>\n<p>La excelente calidad de los gr\u00e1nulos es esencial para lograr un proceso de calentamiento constante y \u00f3ptimo. Como existen diferentes calidades de combustible, es esencial que los propietarios de estufas y calderas elijan el combustible de calidad adecuada que mejor se adapte a sus instalaciones. Bolitas de madera A1.<\/p>\n<p>El uso de pellets para producir calor sigui\u00f3 siendo un sector fuerte en la UE. El uso de pellets para la producci\u00f3n de electricidad.<\/p>\n<p><strong>De la calefacci\u00f3n a la cama del caballo: los pellets de madera A1 utilizan<\/strong>:<br \/>\nUn producto peque\u00f1o y compacto que aborda algunos grandes desaf\u00edos, nuestros pellets son una verdadera fuerza de la naturaleza. Aproximadamente a la altura de un corcho de botella, son una fuente de calefacci\u00f3n rica en energ\u00eda, baja ceniza, baja humedad y combusti\u00f3n limpia para calentadores y calderas de pellets de madera en aplicaciones de calefacci\u00f3n industrial residencial, comercial y a gran escala.<\/p>\n<p>Nuestros pellets de madera de 6 mm tambi\u00e9n son una opci\u00f3n natural y c\u00f3moda para la ropa de cama equina. Son altamente absorbentes, reducen dr\u00e1sticamente el tiempo de limpieza, reducen el consumo de ropa de cama y son f\u00e1ciles de almacenar y transportar. Bolitas de madera A1.<\/p>\n<p><strong>Almacenamiento de pellets de madera de 6 mm<\/strong>:<br \/>\nPara una mejor longevidad, los pellets de madera deben almacenarse en interiores. Las ubicaciones h\u00famedas pueden requerir un deshumidificador. Cuando se almacenan adecuadamente, los gr\u00e1nulos pueden tener una vida \u00fatil de m\u00e1s de dos a\u00f1os, pero idealmente se usan dentro de un per\u00edodo de seis meses. En Europe Pellets podemos almacenar pellets en el exterior debido a nuestra alta tasa de rotaci\u00f3n, por lo que no hay toneladas de pellets en el exterior durante m\u00e1s de un mes o dos. Bolitas de madera A1.<\/p>\n<p>El agua destruir\u00e1 los gr\u00e1nulos de madera. Las bolsas de pellets de madera no son impermeables. Cada bolsa contiene peque\u00f1os agujeros para el cabello para permitir que los gr\u00e1nulos respiren. Tenga especial cuidado para evitar la absorci\u00f3n de agua. Bolitas de madera A1.<\/p>\n<p>Los pellets de madera A1 de la paleta vendr\u00e1n cubiertos con una bolsa \/ capucha resistente a los rayos UV que es efectiva hasta por 12 meses. No retire la bolsa \/ capucha hasta que se utilicen los gr\u00e1nulos. Bolitas de madera A1.<\/p>\n<p>La aceptaci\u00f3n de la aceptaci\u00f3n y el almacenamiento de la materia prima:<\/p>\n<p>El producto se realiza en el territorio de la planta.<\/p>\n<p>El sitio de aceptaci\u00f3n de la materia prima est\u00e1 hecho de losas de hormig\u00f3n.<\/p>\n<p>El alimentador ferroviario llega al sitio que se puede utilizar para la entrega de materia prima. Tambi\u00e9n se encuentran disponibles rutas de acceso para camiones.<\/p>\n<p>El sitio de almacenamiento de materia prima consta de \u00e1rea de almacenamiento y \u00e1rea de suministro inmediato de materia prima para procesamiento.<\/p>\n<p>La descarga de transporte es cumplida por el cargador de madera en la base de la excavadora LIEBHERR A 924 \u0412.<\/p>\n<p>La descarga corre a las \u00e1reas de almacenamiento o directamente al \u00e1rea de trabajo de suministro de madera para procesamiento.<\/p>\n<p>La aceptaci\u00f3n de la calidad y cantidad de la madera se realiza in situ junto con el control radiol\u00f3gico.<\/p>\n<p>Los combustibles de pellets (o pellets) son biocombustibles fabricados a partir de materia org\u00e1nica comprimida o biomasa. Los pellets se pueden fabricar a partir de cualquiera de las cinco categor\u00edas generales de biomasa: desechos y coproductos industriales, desechos de alimentos, residuos agr\u00edcolas, cultivos energ\u00e9ticos y madera virgen.<\/p>\n<p>Los pellets de madera son el tipo m\u00e1s com\u00fan de combustible de pellets y generalmente se fabrican a partir de aserr\u00edn compactado y desechos industriales relacionados de la molienda de madera, la fabricaci\u00f3n de productos y muebles de madera y la construcci\u00f3n. Otras fuentes de desechos industriales incluyen racimos de frutas vac\u00edos, c\u00e1scaras de palmiste, c\u00e1scaras de coco y copas de \u00e1rboles y ramas desechadas durante las operaciones de tala. Los llamados \u201cgr\u00e1nulos negros\u201d est\u00e1n hechos de biomasa, refinados para parecerse a la hulla y fueron desarrollados para ser utilizados en centrales el\u00e9ctricas de carb\u00f3n existentes.<\/p>\n<p>Los pellets se clasifican por su valor calor\u00edfico, contenido de humedad y cenizas y dimensiones. Se pueden utilizar como combustibles para la generaci\u00f3n de energ\u00eda, calefacci\u00f3n comercial o residencial y para cocinar. Los pellets son extremadamente densos y se pueden producir con un bajo contenido de humedad (inferior al 10%) que permite que se quemen con una eficiencia de combusti\u00f3n muy alta.<\/p>\n<p>Todos los equipos de calefacci\u00f3n europeos se suministran con fichas t\u00e9cnicas que indican los par\u00e1metros del biocombustible para lograr la mayor eficiencia posible y un funcionamiento eficiente. A menudo hay casos en los que la causa del fallo de las calderas de pellets fue el proveedor de combustible de pellets de mala calidad. Por eso los consumidores prestan mucha atenci\u00f3n a la calidad de los pellets de madera.<\/p>\n<p>La empresa se aplica a las materias primas respetuosas con el medio ambiente para la producci\u00f3n de pellets, suministradas bajo contratos con la silvicultura estatal de Ucrania. Esto nos da la oportunidad no solo de garantizar la estabilidad de los indicadores de calidad, sino tambi\u00e9n de dar garant\u00edas de la estabilidad de los vol\u00famenes de productos entregados. Este tipo de cooperaci\u00f3n predetermina el cumplimiento incondicional de nuestras obligaciones con las contrapartes.<\/p>\n<p>Cada lote liberado de nuestros pellets de madera corresponde a condiciones t\u00e9cnicas especialmente desarrolladas y aprobadas que hacen que nuestros pellets sean competitivos en los mercados nacionales y extranjeros. El contenido de cenizas de nuestros pellets est\u00e1 dentro del 1%, lo que permite su uso para la calefacci\u00f3n de casas privadas.<\/p>\n<p>6 mm de di\u00e1metro;<br \/>\nContenido de ceniza hasta 1%;<br \/>\nHumedad hasta el 9%;<br \/>\nDensidad aparente 630 kg \/ m3;<br \/>\nAbrasi\u00f3n: hasta un 3%;<br \/>\nContenido cal\u00f3rico: 4600 kcal \/ kg.<br \/>\nT\u00e9cnicas de producci\u00f3n:<\/p>\n<p>La materia prima ingresa a la trituradora, que se reduce al estado de harina. La masa resultante se alimenta a la secadora desde ella, en una prensa de pellets en la que se granula una harina de madera comprimida. La compresi\u00f3n durante el prensado aumenta la temperatura del material, la lignina, contenida en las part\u00edculas de madera, se ablandan y se adhieren en un cilindro apretado. Para producir una tonelada de pellets se necesitan alrededor de 2,3 -2,6 metros c\u00fabicos de madera residual, m\u00e1s 0,6 metros c\u00fabicos de aserr\u00edn se queman por tonelada de producci\u00f3n.<\/p>\n<p>Los pellets finales se enfr\u00edan, se envasan en diferentes envases, desde peque\u00f1os paquetes de 15 kg hasta big-bags (grandes envases industriales) que pesan 1,1 st ton, o se entregan al consumidor a granel.<br \/>\nUna estufa de pellets es una estufa que quema madera comprimida o pellets de biomasa para crear una fuente de calor para espacios residenciales y, a veces, industriales. Al alimentar de manera constante combustible desde un contenedor de almacenamiento (tolva) a un \u00e1rea de quemador, produce una llama constante que requiere pocos o ning\u00fan ajuste f\u00edsico.<\/p>\n<p>La eficiencia de una estufa de pellets puede llegar al 90% o m\u00e1s. \u2026 Esto es m\u00e1s que una estufa de le\u00f1a cl\u00e1sica, con una eficiencia de solo 40 a 50% (60 a 80% para estufas recientes de alta eficiencia) y mucho m\u00e1s que un fuego abierto, con una eficiencia de 5 a 15 %.<\/p>\n<p>Las estufas de pellets solo pueden quemar pellets de madera (como mencion\u00f3 Jodi) o biocombustibles como ma\u00edz seco (seg\u00fan el modelo real). No ser\u00eda prudente intentar quemar le\u00f1os o palos dentro de una estufa de pellets, debido a c\u00f3mo funciona realmente una estufa de pellets.<\/p>\n","protected":false},"excerpt":{"rendered":"<p>Bolitas de madera de grado A1<br \/>\nDi\u00e1metro: 6 mm-8 mm<br \/>\nBajo contenido de polvo &lt;1%<br \/>\nAlta temperatura de fusi\u00f3n de cenizas&gt; 1200 \u00b0 C<br \/>\nHecho de las mejores maderas v\u00edrgenes<\/p>\n","protected":false},"featured_media":40,"comment_status":"open","ping_status":"closed","template":"","meta":{"_et_pb_use_builder":"","_et_pb_old_content":"","_et_gb_content_width":""},"product_brand":[],"product_cat":[21],"product_tag":[],"class_list":{"0":"post-39","1":"product","2":"type-product","3":"status-publish","4":"has-post-thumbnail","6":"product_cat-wood-pellets","8":"first","9":"instock","10":"shipping-taxable","11":"product-type-simple"},"_links":{"self":[{"href":"https:\/\/greenheatscinawaspolka.com\/index.php\/wp-json\/wp\/v2\/product\/39","targetHints":{"allow":["GET"]}}],"collection":[{"href":"https:\/\/greenheatscinawaspolka.com\/index.php\/wp-json\/wp\/v2\/product"}],"about":[{"href":"https:\/\/greenheatscinawaspolka.com\/index.php\/wp-json\/wp\/v2\/types\/product"}],"replies":[{"embeddable":true,"href":"https:\/\/greenheatscinawaspolka.com\/index.php\/wp-json\/wp\/v2\/comments?post=39"}],"wp:featuredmedia":[{"embeddable":true,"href":"https:\/\/greenheatscinawaspolka.com\/index.php\/wp-json\/wp\/v2\/media\/40"}],"wp:attachment":[{"href":"https:\/\/greenheatscinawaspolka.com\/index.php\/wp-json\/wp\/v2\/media?parent=39"}],"wp:term":[{"taxonomy":"product_brand","embeddable":true,"href":"https:\/\/greenheatscinawaspolka.com\/index.php\/wp-json\/wp\/v2\/product_brand?post=39"},{"taxonomy":"product_cat","embeddable":true,"href":"https:\/\/greenheatscinawaspolka.com\/index.php\/wp-json\/wp\/v2\/product_cat?post=39"},{"taxonomy":"product_tag","embeddable":true,"href":"https:\/\/greenheatscinawaspolka.com\/index.php\/wp-json\/wp\/v2\/product_tag?post=39"}],"curies":[{"name":"wp","href":"https:\/\/api.w.org\/{rel}","templated":true}]}}