{"id":42,"date":"2026-04-25T18:29:31","date_gmt":"2026-04-25T18:29:31","guid":{"rendered":"https:\/\/greenheatscinawaspolka.com\/?post_type=product&#038;p=42"},"modified":"2026-04-26T07:03:52","modified_gmt":"2026-04-26T07:03:52","slug":"drevene-palety","status":"publish","type":"product","link":"https:\/\/greenheatscinawaspolka.com\/index.php\/product\/drevene-palety\/","title":{"rendered":"D\u0159ev\u011bn\u00e9 palety"},"content":{"rendered":"<p><strong>Popis d\u0159ev\u011bn\u00fdch pelet 6mm<\/strong>:<br \/>\nD\u0159ev\u011bn\u00e9 pelety 6 mm pohodln\u00fd, ekonomick\u00fd a efektivn\u00ed zp\u016fsob vyt\u00e1p\u011bn\u00ed domu nebo podnik\u00e1n\u00ed dom\u00e1c\u00edmi a zdrojov\u00fdmi palivy. D\u0159ev\u011bn\u00e9 palety.<\/p>\n<p>D\u0159ev\u011bn\u00e9 pelety t\u0159\u00eddy A1<br \/>\nPr\u016fm\u011br: 6 mm \u2013 8 mm<br \/>\nN\u00edzk\u00fd obsah prachu &lt;1%<br \/>\nVysok\u00e1 teplota t\u00e1n\u00ed popela&gt; 1200 \u00b0 C<br \/>\nVyrobeno z nejlep\u0161\u00edch panensk\u00fdch les\u016f<\/p>\n<p><strong>Tvrd\u00e9 d\u0159evo vs m\u011bkk\u00e9 d\u0159ev\u011bn\u00e9 pelety 6mm<\/strong>:<br \/>\ntvrd\u00e1 d\u0159eva jako javor, dub, b\u0159\u00edza a popel. A v\u0161ichni v\u00edme, \u017ee uveden\u00ed m\u011bkk\u00e9ho d\u0159eva, jako je borovice, jedle a smrk.<\/p>\n<p><strong>Spot\u0159eba evropsk\u00fdch d\u0159ev\u011bn\u00fdch pelet<\/strong>:<br \/>\nV\u011bt\u0161ina spot\u0159eby sm\u011b\u0159ovala na v\u00fdrobu tepla, co\u017e p\u0159edstavuje 61,8%. Spot\u0159eba pelet na teplo lze d\u00e1le rozd\u011blit na t\u0159i trhy \u2013 vyt\u00e1p\u011bn\u00ed dom\u00e1cnost\u00ed (69%), komer\u010dn\u00ed vyt\u00e1p\u011bn\u00ed (19%) a teplo vyroben\u00e9 z KVET (12%). Zb\u00fdvaj\u00edc\u00edch 38,2% d\u0159ev\u011bn\u00fdch pelet bylo pou\u017eito pro v\u00fdrobu energie. Je t\u0159eba poznamenat, \u017ee technologie v\u00fdroby energie z pelet pro teplo, elekt\u0159inu nebo oboj\u00ed jsou vysp\u011bl\u00e9 a nab\u00edzej\u00ed efektivn\u00ed a spolehliv\u00e9 procesy. D\u0159ev\u011bn\u00e9 palety.<\/p>\n<p><strong>V\u00fdhody d\u0159ev\u011bn\u00fdch pelet 6mm<\/strong>:<br \/>\nPokud chcete z\u00edskat spolehliv\u00fd zdroj tepla, u\u0161et\u0159it pen\u00edze a p\u0159isp\u011bt k ochran\u011b \u017eivotn\u00edho prost\u0159ed\u00ed, biomasa D\u0159ev\u011bn\u00e9 pelety 6 mm jsou skv\u011blou volbou. Kdy\u017e pelety p\u00e1l\u00ed, uvol\u0148uj\u00ed stejn\u00e9 mno\u017estv\u00ed oxidu uhli\u010dit\u00e9ho, kter\u00e9 d\u0159ev\u011bn\u00e1 biomasa b\u011bhem r\u016fstu absorbuje, tak\u017ee jsou uhl\u00edkov\u011b neutr\u00e1ln\u00ed. D\u0159ev\u011bn\u00e9 palety.<\/p>\n<p>Vynikaj\u00edc\u00ed kvalita pelet je nezbytn\u00e1 pro dosa\u017een\u00ed st\u00e1l\u00e9ho a optim\u00e1ln\u00edho procesu zah\u0159\u00edv\u00e1n\u00ed. Proto\u017ee existuj\u00ed r\u016fzn\u00e9 kvality paliva, je nezbytn\u00e9, aby si majitel\u00e9 kamen a kotl\u016f vybrali palivo spr\u00e1vn\u00e9 kvality, kter\u00e9 nejl\u00e9pe odpov\u00edd\u00e1 jejich instalaci.<\/p>\n<p>Pou\u017e\u00edv\u00e1n\u00ed pelet k v\u00fdrob\u011b tepla z\u016fstalo v EU siln\u00fdm odv\u011btv\u00edm. Vyu\u017eit\u00ed pelet pro v\u00fdrobu elekt\u0159iny. D\u0159ev\u011bn\u00e9 palety.<\/p>\n<p><strong>Od vyt\u00e1p\u011bn\u00ed a\u017e po podest\u00fdlku kon\u011b: D\u0159ev\u011bn\u00e9 pelety A1 pou\u017e\u00edv\u00e1<\/strong>:<br \/>\nNa\u0161e pelety jsou mal\u00fdm a kompaktn\u00edm produktem, kter\u00fd \u0159e\u0161\u00ed n\u011bkter\u00e9 velk\u00e9 v\u00fdzvy, jsou skute\u010dnou silou p\u0159\u00edrody. O v\u00fd\u0161ce korku na l\u00e1hev jsou energeticky bohat\u00fdm, n\u00edzk\u00fdm popelem, n\u00edzkou vlhkost\u00ed a \u010dist\u00edc\u00edm topn\u00fdm zdrojem pro oh\u0159\u00edva\u010de a kotle na d\u0159ev\u011bn\u00e9 pelety v obytn\u00fdch, komer\u010dn\u00edch a velkoobjemov\u00fdch pr\u016fmyslov\u00fdch topn\u00fdch aplikac\u00edch. D\u0159ev\u011bn\u00e9 palety.<\/p>\n<p>Na\u0161e d\u0159ev\u011bn\u00e9 pelety 6 mm jsou tak\u00e9 p\u0159irozenou a pohodlnou volbou pro ko\u0148sk\u00e9 podest\u00fdlky. Jsou vysoce sav\u00e9, drasticky zkracuj\u00ed \u010das vykl\u00e1d\u00e1n\u00ed, sni\u017euj\u00ed spot\u0159ebu podest\u00fdlky a snadno se skladuj\u00ed a p\u0159epravuj\u00ed. D\u0159ev\u011bn\u00e9 palety.<\/p>\n<p><strong>Skladov\u00e1n\u00ed d\u0159ev\u011bn\u00fdch pelet 6mm<\/strong>:<br \/>\nPro dosa\u017een\u00ed dlouh\u00e9 \u017eivotnosti by se d\u0159ev\u011bn\u00e9 pelety m\u011bly skladovat uvnit\u0159. Vlhk\u00e1 m\u00edsta mohou vy\u017eadovat odvlh\u010dova\u010d. P\u0159i spr\u00e1vn\u00e9m skladov\u00e1n\u00ed mohou m\u00edt pelety skladovatelnost v\u00edce ne\u017e dva roky, ale v ide\u00e1ln\u00edm p\u0159\u00edpad\u011b se pou\u017e\u00edvaj\u00ed do \u0161esti m\u011bs\u00edc\u016f. V Evrop\u011b Pelety jsme schopni skladovat pelety venku kv\u016fli na\u0161\u00ed vysok\u00e9 m\u00ed\u0159e obratu, tak\u017ee \u017e\u00e1dn\u00e1 tuna pelet nen\u00ed venku d\u00e9le ne\u017e m\u011bs\u00edc nebo dv\u011b. D\u0159ev\u011bn\u00e9 palety.<\/p>\n<p>Voda ni\u010d\u00ed d\u0159ev\u011bn\u00e9 pelety. Pytle na d\u0159ev\u011bn\u00e9 pelety nejsou vodot\u011bsn\u00e9. Ka\u017ed\u00e1 ta\u0161ka obsahuje mal\u00e9 otvory pro vlasy, aby se pelety mohly nadechnout. Zvl\u00e1\u0161tn\u00ed pozornost v\u011bnujte absorpci vody. D\u0159ev\u011bn\u00e9 palety.<\/p>\n<p>D\u0159ev\u011bn\u00e9 pelety A1 u palety budou pokryty UV odoln\u00fdm s\u00e1\u010dkem \/ kapuc\u00ed, kter\u00fd je \u00fa\u010dinn\u00fd a\u017e 12 m\u011bs\u00edc\u016f. Neodstra\u0148ujte vak \/ kapotu, dokud nebudou pou\u017eity pelety. D\u0159ev\u011bn\u00e9 palety.<\/p>\n<p><strong>P\u0159ij\u00edm\u00e1n\u00ed a skladov\u00e1n\u00ed surovin<\/strong>:<\/p>\n<p>Produkt se prov\u00e1d\u00ed na \u00fazem\u00ed z\u00e1vodu.<\/p>\n<p>M\u00edsto p\u0159ijet\u00ed suroviny je vyrobeno z betonov\u00fdch desek.<\/p>\n<p>Na m\u00edsto p\u0159ich\u00e1z\u00ed \u017eelezni\u010dn\u00ed podava\u010d, kter\u00fd lze pou\u017e\u00edt pro dod\u00e1vku surovin. K dispozici jsou tak\u00e9 p\u0159\u00edstupov\u00e9 cesty pro n\u00e1kladn\u00ed automobily.<\/p>\n<p>Skladi\u0161t\u011b surovin se skl\u00e1d\u00e1 z oblasti skladov\u00e1n\u00ed a oblasti okam\u017eit\u00e9 dod\u00e1vky suroviny ke zpracov\u00e1n\u00ed.<\/p>\n<p>Vykl\u00e1dku transportu prov\u00e1d\u00ed naklada\u010d d\u0159eva na z\u00e1kladn\u011b rypadla LIEBHERR A 924 \u00b0.<\/p>\n<p>Vykl\u00e1dka prob\u00edh\u00e1 do skladovac\u00edch prostor nebo p\u0159\u00edmo do pracovn\u00edho prostoru dod\u00e1vky d\u0159eva ke zpracov\u00e1n\u00ed.<\/p>\n<p>Kvalita a kvantita d\u0159eva se prov\u00e1d\u00ed na m\u00edst\u011b spolu s radiologickou kontrolou. D\u0159ev\u011bn\u00e9 palety<\/p>\n<p>Palivov\u00e1 paliva (nebo pelety) jsou biopaliva vyroben\u00e1 ze stla\u010den\u00e9 organick\u00e9 hmoty nebo biomasy. Pelety lze vyr\u00e1b\u011bt z kter\u00e9koli z p\u011bti obecn\u00fdch kategori\u00ed biomasy: pr\u016fmyslov\u00e9ho odpadu a vedlej\u0161\u00edch produkt\u016f, potravinov\u00e9ho odpadu, zem\u011bd\u011blsk\u00fdch zbytk\u016f, energetick\u00fdch plodin a panensk\u00e9ho \u0159eziva. D\u0159ev\u011bn\u00e9 pelety jsou nejb\u011b\u017en\u011bj\u0161\u00edm typem paliva na pelety a obvykle se vyr\u00e1b\u011bj\u00ed ze stla\u010den\u00fdch pilin a souvisej\u00edc\u00edch pr\u016fmyslov\u00fdch odpad\u016f z mlet\u00ed d\u0159eva, v\u00fdroby d\u0159ev\u011bn\u00fdch v\u00fdrobk\u016f a n\u00e1bytku a stavebnictv\u00ed. Mezi dal\u0161\u00ed zdroje pr\u016fmyslov\u00e9ho odpadu pat\u0159\u00ed pr\u00e1zdn\u00e9 ovocn\u00e9 svazky, sko\u0159\u00e1pky palmov\u00fdch jader, sko\u0159\u00e1pky kokosov\u00fdch o\u0159ech\u016f a vrcholky strom\u016f a v\u011btve vy\u0159azen\u00e9 b\u011bhem t\u011b\u017eby d\u0159eva. Takzvan\u00e9 \u201e\u010dern\u00e9 pelety\u201c jsou vyrobeny z biomasy, rafinovan\u00e9 tak, aby p\u0159ipom\u00ednaly \u010dern\u00e9 uhl\u00ed, a byly vyvinuty pro pou\u017eit\u00ed ve st\u00e1vaj\u00edc\u00edch uheln\u00fdch elektr\u00e1rn\u00e1ch. Pelety jsou rozd\u011bleny do kategori\u00ed podle jejich v\u00fdh\u0159evnosti, obsahu vlhkosti a popela a rozm\u011br\u016f. Mohou b\u00fdt pou\u017eity jako paliva pro v\u00fdrobu energie, komer\u010dn\u00ed nebo dom\u00e1c\u00ed vyt\u00e1p\u011bn\u00ed a va\u0159en\u00ed. Pelety jsou extr\u00e9mn\u011b hust\u00e9 a lze je vyr\u00e1b\u011bt s n\u00edzk\u00fdm obsahem vlhkosti (pod 10%), co\u017e umo\u017e\u0148uje jejich spalov\u00e1n\u00ed s velmi vysokou \u00fa\u010dinnost\u00ed spalov\u00e1n\u00ed. D\u0159ev\u011bn\u00e9 palety<\/p>\n<p>V\u0161echna evropsk\u00e1 topn\u00e1 za\u0159\u00edzen\u00ed jsou dod\u00e1v\u00e1na s technick\u00fdmi listy s \u00fadaji o parametrech biopaliva, aby bylo dosa\u017eeno nejvy\u0161\u0161\u00ed mo\u017en\u00e9 \u00fa\u010dinnosti a efektivn\u00edho provozu. \u010casto existuj\u00ed p\u0159\u00edpady, kdy p\u0159\u00ed\u010dinou poruchy kotle na pelety byl dodavatel nekvalitn\u00edho paliva na pelety. Proto spot\u0159ebitel\u00e9 v\u011bnuj\u00ed zvl\u00e1\u0161tn\u00ed pozornost kvalit\u011b d\u0159ev\u011bn\u00fdch pelet. Spole\u010dnost se vztahuje na ekologicky nez\u00e1vadn\u00e9 suroviny pro v\u00fdrobu pelet dod\u00e1van\u00e9 na z\u00e1klad\u011b smluv se st\u00e1tn\u00edm lesnictv\u00edm na Ukrajin\u011b. To n\u00e1m d\u00e1v\u00e1 p\u0159\u00edle\u017eitost nejen zaru\u010dit stabilitu indik\u00e1tor\u016f kvality, ale tak\u00e9 poskytnout z\u00e1ruky stability dod\u00e1van\u00fdch objem\u016f produkt\u016f. Tento typ spolupr\u00e1ce p\u0159edur\u010duje bezpodm\u00edne\u010dn\u00e9 pln\u011bn\u00ed na\u0161ich z\u00e1vazk\u016f v\u016f\u010di protistran\u00e1m. D\u0159ev\u011bn\u00e9 palety<\/p>\n<p>Ka\u017ed\u00e1 uvoln\u011bn\u00e1 \u0161ar\u017ee na\u0161ich d\u0159ev\u011bn\u00fdch pelet odpov\u00edd\u00e1 speci\u00e1ln\u011b vyvinut\u00fdm a schv\u00e1len\u00fdm technick\u00fdm podm\u00ednk\u00e1m, d\u00edky nim\u017e jsou na\u0161e pelety konkurenceschopn\u00e9 na dom\u00e1c\u00edch i zahrani\u010dn\u00edch trz\u00edch. Obsah popela v na\u0161ich pelet\u00e1ch je do 1%, co\u017e umo\u017e\u0148uje pou\u017e\u00edvat je k vyt\u00e1p\u011bn\u00ed soukrom\u00fdch dom\u016f.<\/p>\n<p>Pr\u016fm\u011br 6 mm;<br \/>\nObsah popela do 1%;<br \/>\nVlhkost a\u017e 9%;<br \/>\nSypn\u00e1 hustota 630 kg \/ m3;<br \/>\nOpot\u0159eben\u00ed \u2013 a\u017e 3%;<br \/>\nV\u00fdh\u0159evnost: 4600 kcal \/ kg.<br \/>\nV\u00fdrobn\u00ed techniky:<\/p>\n<p>Surovina vstupuje do drti\u010de, kter\u00fd je redukov\u00e1n na stav mouky. V\u00fdsledn\u00e1 hmota se z n\u00ed p\u0159iv\u00e1d\u00ed do su\u0161i\u010dky \u2013 v lisu na pelety, ve kter\u00e9m jsou lisov\u00e1ny pelety ze d\u0159ev\u011bn\u00e9 mouky. Stla\u010den\u00edm b\u011bhem lisov\u00e1n\u00ed se zvy\u0161uje teplota materi\u00e1lu, lignin obsa\u017een\u00fd v d\u0159ev\u011bn\u00fdch \u010d\u00e1stic\u00edch m\u011bkne a dr\u017e\u00ed se v t\u011bsn\u00e9m v\u00e1lci. V\u00fdroba jedn\u00e9 tuny pelet vy\u017eaduje p\u0159ibli\u017en\u011b 2,3-2,6 kubick\u00fdch metr\u016f odpadn\u00edho d\u0159eva a na tunu produkce se sp\u00e1l\u00ed 0,6 kubick\u00fdch metr\u016f pilin. D\u0159ev\u011bn\u00e9 palety<\/p>\n<p>Fin\u00e1ln\u00ed pelety jsou chlazeny, baleny do r\u016fzn\u00fdch obal\u016f \u2013 od mal\u00fdch 15 kg balen\u00ed a\u017e po big-bagy (velk\u00e9 pr\u016fmyslov\u00e9 obaly) o hmotnosti 1,1 tuny \u2013 nebo dod\u00e1v\u00e1ny spot\u0159ebiteli hromadn\u011b.<br \/>\nPeletov\u00e1 kamna jsou kamna, kter\u00e1 spaluj\u00ed lisovan\u00e9 pelety ze d\u0159eva nebo biomasy a vytv\u00e1\u0159ej\u00ed tak zdroj tepla pro obytn\u00e9 a n\u011bkdy i pr\u016fmyslov\u00e9 prostory. Stabiln\u00edm d\u00e1vkov\u00e1n\u00edm paliva ze skladovac\u00ed n\u00e1doby (n\u00e1sypky) do prostoru ho\u0159\u00e1ku vytv\u00e1\u0159\u00ed konstantn\u00ed plamen, kter\u00fd vy\u017eaduje jen mal\u00e9 nebo \u017e\u00e1dn\u00e9 fyzick\u00e9 \u00fapravy. D\u0159ev\u011bn\u00e9 palety<\/p>\n<p>\u00da\u010dinnost peletov\u00fdch kamen m\u016f\u017ee b\u00fdt a\u017e 90% nebo v\u00edce. \u2026 To je v\u00edce ne\u017e klasick\u00e1 kamna na d\u0159evo s \u00fa\u010dinnost\u00ed pouze 40 a\u017e 50% (60 a\u017e 80% u ned\u00e1vn\u00fdch vysoce \u00fa\u010dinn\u00fdch kamen) a mnohem v\u00edce ne\u017e otev\u0159en\u00fd ohe\u0148 s \u00fa\u010dinnost\u00ed 5 a\u017e 15 %. D\u0159ev\u011bn\u00e9 palety<\/p>\n<p>Kamna na pelety mohou spalovat pouze d\u0159ev\u011bn\u00e9 pelety (jak zm\u00ednil Jodi) nebo biopaliva, jako je su\u0161en\u00e1 kuku\u0159ice (v z\u00e1vislosti na konkr\u00e9tn\u00edm modelu). Nebylo by moudr\u00e9 pokou\u0161et se spalovat kmeny nebo ty\u010dinky uvnit\u0159 peletov\u00fdch kamen, kv\u016fli tomu, jak peletov\u00e1 kamna vlastn\u011b funguj\u00ed. D\u0159ev\u011bn\u00e9 palety<\/p>\n","protected":false},"excerpt":{"rendered":"<p>D\u0159ev\u011bn\u00e9 pelety t\u0159\u00eddy A1<br \/>\nPr\u016fm\u011br: 6 mm \u2013 8 mm<br \/>\nN\u00edzk\u00fd obsah prachu &lt;1%<br \/>\nVysok\u00e1 teplota t\u00e1n\u00ed popela&gt; 1200 \u00b0 C<br \/>\nVyrobeno z nejlep\u0161\u00edch panensk\u00fdch les\u016f<\/p>\n","protected":false},"featured_media":44,"comment_status":"open","ping_status":"closed","template":"","meta":{"_et_pb_use_builder":"","_et_pb_old_content":"","_et_gb_content_width":""},"product_brand":[],"product_cat":[21],"product_tag":[],"class_list":{"0":"post-42","1":"product","2":"type-product","3":"status-publish","4":"has-post-thumbnail","6":"product_cat-wood-pellets","8":"first","9":"instock","10":"shipping-taxable","11":"product-type-simple"},"_links":{"self":[{"href":"https:\/\/greenheatscinawaspolka.com\/index.php\/wp-json\/wp\/v2\/product\/42","targetHints":{"allow":["GET"]}}],"collection":[{"href":"https:\/\/greenheatscinawaspolka.com\/index.php\/wp-json\/wp\/v2\/product"}],"about":[{"href":"https:\/\/greenheatscinawaspolka.com\/index.php\/wp-json\/wp\/v2\/types\/product"}],"replies":[{"embeddable":true,"href":"https:\/\/greenheatscinawaspolka.com\/index.php\/wp-json\/wp\/v2\/comments?post=42"}],"wp:featuredmedia":[{"embeddable":true,"href":"https:\/\/greenheatscinawaspolka.com\/index.php\/wp-json\/wp\/v2\/media\/44"}],"wp:attachment":[{"href":"https:\/\/greenheatscinawaspolka.com\/index.php\/wp-json\/wp\/v2\/media?parent=42"}],"wp:term":[{"taxonomy":"product_brand","embeddable":true,"href":"https:\/\/greenheatscinawaspolka.com\/index.php\/wp-json\/wp\/v2\/product_brand?post=42"},{"taxonomy":"product_cat","embeddable":true,"href":"https:\/\/greenheatscinawaspolka.com\/index.php\/wp-json\/wp\/v2\/product_cat?post=42"},{"taxonomy":"product_tag","embeddable":true,"href":"https:\/\/greenheatscinawaspolka.com\/index.php\/wp-json\/wp\/v2\/product_tag?post=42"}],"curies":[{"name":"wp","href":"https:\/\/api.w.org\/{rel}","templated":true}]}}