{"id":45,"date":"2026-04-26T07:07:50","date_gmt":"2026-04-26T07:07:50","guid":{"rendered":"https:\/\/greenheatscinawaspolka.com\/?post_type=product&#038;p=45"},"modified":"2026-04-26T07:07:50","modified_gmt":"2026-04-26T07:07:50","slug":"granules-de-bois","status":"publish","type":"product","link":"https:\/\/greenheatscinawaspolka.com\/index.php\/product\/granules-de-bois\/","title":{"rendered":"Granul\u00e9s de bois"},"content":{"rendered":"<p><strong>Description des granul\u00e9s de bois 6mm<\/strong>:<br \/>\nLes granul\u00e9s de bois 6 mm constituent un moyen pratique, \u00e9conomique et efficace de chauffer une maison ou une entreprise \u00e0 l\u2019aide de combustibles domestiques et \u00e0 base de combustibles.\u00a0<a href=\"https:\/\/en.wikipedia.org\/wiki\/Biomass\">https:\/\/en.wikipedia.org\/wiki\/Biomass<\/a><\/p>\n<p>Granul\u00e9s de bois de qualit\u00e9 A1<br \/>\nDiam\u00e8tre: 6mm-8mm<br \/>\nFaible teneur en poussi\u00e8re &lt;1%<br \/>\nTemp\u00e9rature de fusion des cendres \u00e9lev\u00e9e&gt; 1200 \u00b0 C<br \/>\nFabriqu\u00e9 \u00e0 partir de meilleurs bois vierges<\/p>\n<p><strong>Granul\u00e9s Bois Dur vs Bois R\u00e9sineux 6mm<\/strong>:<br \/>\nbois durs comme l\u2019\u00e9rable, le ch\u00eane, le bouleau et le fr\u00eane. Et nous savons tous que mettre des r\u00e9sineux comme le pin, le sapin et l\u2019\u00e9pinette.<\/p>\n<p><strong>Consommation europ\u00e9enne de granul\u00e9s de bois<\/strong>:<br \/>\nLa majorit\u00e9 de la consommation est all\u00e9e \u00e0 la production de chaleur, repr\u00e9sentant 61,8%. La consommation de pellets pour le chauffage peut \u00eatre divis\u00e9e en trois march\u00e9s: le chauffage r\u00e9sidentiel (69%), le chauffage commercial (19%) et la chaleur produite \u00e0 partir de cog\u00e9n\u00e9ration (12%). Les 38,2% restants de granul\u00e9s de bois ont \u00e9t\u00e9 utilis\u00e9s pour la production d\u2019\u00e9lectricit\u00e9. Il convient de noter que les technologies permettant de produire de l\u2019\u00e9nergie \u00e0 partir de pellets pour le chauffage, l\u2019\u00e9lectricit\u00e9 ou les deux \u00e0 la fois sont bien \u00e9tablies et offrent des processus efficaces et fiables.<\/p>\n<p><strong>Les avantages des granul\u00e9s de bois 6mm<\/strong>:<br \/>\nSi vous souhaitez obtenir une source de chaleur fiable, \u00e9conomiser de l\u2019argent et contribuer \u00e0 la protection de l\u2019environnement, les granul\u00e9s de biomasse 6 mm constituent un excellent choix. Lorsque les pellets br\u00fblent, ils lib\u00e8rent la m\u00eame quantit\u00e9 de dioxyde de carbone que la biomasse de bois absorbe pendant sa croissance, ce qui les rend neutres en carbone.<\/p>\n<p>Une excellente qualit\u00e9 de pellets est essentielle pour atteindre un processus de chauffage constant et optimal. \u00c9tant donn\u00e9 qu\u2019il existe diff\u00e9rentes qualit\u00e9s de combustible, il est essentiel que les propri\u00e9taires de po\u00eales et de chaudi\u00e8res choisissent le combustible de qualit\u00e9 qui convient le mieux \u00e0 leurs installations.<\/p>\n<p>L\u2019utilisation de granul\u00e9s pour la production de chaleur est rest\u00e9e un secteur important dans l\u2019UE. L\u2019utilisation de pellets pour la production d\u2019\u00e9lectricit\u00e9.<\/p>\n<p><strong>Du chauffage \u00e0 la liti\u00e8re: Les granul\u00e9s de A1 utilisent<\/strong>:<br \/>\nUn produit petit et compact qui rel\u00e8ve de grands d\u00e9fis, nos pellets sont une v\u00e9ritable force de la nature. De la hauteur d\u2019une bouteille de li\u00e8ge, ils constituent une source de chaleur riche en \u00e9nergie, \u00e0 faible teneur en cendres, \u00e0 faible teneur en humidit\u00e9 et \u00e0 combustion propre pour les chaudi\u00e8res \u00e0 granul\u00e9s de bois et les chaudi\u00e8res pour les applications de chauffage r\u00e9sidentiel, commercial et industriel \u00e0 grande \u00e9chelle.<\/p>\n<p>Nos granul\u00e9s de bois de 6 mm constituent \u00e9galement un choix naturel et confortable pour la literie \u00e9quine. Ils sont tr\u00e8s absorbants, r\u00e9duisent consid\u00e9rablement le temps de nettoyage, r\u00e9duisent la consommation de literie et sont faciles \u00e0 stocker et \u00e0 transporter.<\/p>\n<p><strong>Stockage des granul\u00e9s de 6mm<\/strong>:<br \/>\nPour une meilleure long\u00e9vit\u00e9, les granul\u00e9s de bois doivent \u00eatre stock\u00e9s \u00e0 l\u2019int\u00e9rieur. Les endroits humides peuvent n\u00e9cessiter un d\u00e9shumidificateur. Une fois stock\u00e9s correctement, les granul\u00e9s peuvent avoir une dur\u00e9e de conservation de plus de deux ans, mais sont id\u00e9alement utilis\u00e9s dans un d\u00e9lai de six mois. Chez Europe Pellets, nous sommes en mesure de stocker des pellets \u00e0 l\u2019ext\u00e9rieur en raison de notre taux de rotation \u00e9lev\u00e9, de sorte qu\u2019aucune tonne de pellets ne reste dehors plus d\u2019un mois ou deux.<\/p>\n<p>L\u2019eau d\u00e9truira les granul\u00e9s de bois. Les sacs \u00e0 pellets de bois ne sont pas imperm\u00e9ables. Chaque sac contient de petits trous pour permettre aux pellets de respirer. Prendre des pr\u00e9cautions particuli\u00e8res pour emp\u00eacher l\u2019absorption d\u2019eau.<\/p>\n<p>Les granul\u00e9s de A1 de la palette seront recouverts d\u2019un sac \/ cagoule r\u00e9sistant aux rayons ultraviolets efficace jusqu\u2019\u00e0 12 mois. Ne retirez pas le sac \/ capuchon avant que les pellets ne soient utilis\u00e9s.<\/p>\n<p><strong>L\u2019acceptation de la r\u00e9ception et du stockage des mati\u00e8res premi\u00e8res<\/strong>:<\/p>\n<p>Le produit est r\u00e9alis\u00e9 sur le territoire de l\u2019usine.<\/p>\n<p>Le site de r\u00e9ception des mati\u00e8res premi\u00e8res est constitu\u00e9 de dalles de b\u00e9ton.<\/p>\n<p>Le convoyeur ferroviaire arrive sur le site et peut \u00eatre utilis\u00e9 pour la livraison des mati\u00e8res premi\u00e8res. Des voies d\u2019acc\u00e8s pour les camions sont \u00e9galement disponibles.<\/p>\n<p>Le site de stockage des mati\u00e8res premi\u00e8res comprend une zone de stockage et une zone d\u2019approvisionnement imm\u00e9diat en mati\u00e8res premi\u00e8res pour le traitement.<\/p>\n<p>Le d\u00e9chargement du transport est effectu\u00e9 par un chargeur de bois sur la base de la pelle LIEBHERR A 924 \u0412.<\/p>\n<p>Le d\u00e9chargement s\u2019effectue dans les zones de stockage ou directement dans la zone de travail de l\u2019approvisionnement en bois \u00e0 la transformation.<\/p>\n<p>L\u2019acceptation de la qualit\u00e9 et de la quantit\u00e9 du bois est effectu\u00e9e sur place avec un contr\u00f4le radiologique.<\/p>\n<p>Les granul\u00e9s (ou granul\u00e9s) sont des biocarburants fabriqu\u00e9s \u00e0 partir de mati\u00e8re organique comprim\u00e9e ou de biomasse. Les granul\u00e9s peuvent \u00eatre fabriqu\u00e9s \u00e0 partir de l\u2019une des cinq cat\u00e9gories g\u00e9n\u00e9rales de biomasse: d\u00e9chets industriels et coproduits, d\u00e9chets alimentaires, r\u00e9sidus agricoles, cultures \u00e9nerg\u00e9tiques et bois vierge. Les granul\u00e9s de bois sont le type le plus courant de granul\u00e9s de bois et sont g\u00e9n\u00e9ralement fabriqu\u00e9s \u00e0 partir de sciure de bois compact\u00e9e [3] et de d\u00e9chets industriels connexes provenant du broyage du bois, de la fabrication de produits en bois et de meubles et de la construction. Les autres sources de d\u00e9chets industriels comprennent les grappes de fruits vides, les coquilles de palmiste, les coquilles de noix de coco et les cimes et branches d\u2019arbres jet\u00e9es pendant les op\u00e9rations d\u2019exploitation foresti\u00e8re. Les soi-disant \u00abboulettes noires\u00bb sont faites de biomasse, raffin\u00e9es pour ressembler \u00e0 du charbon et ont \u00e9t\u00e9 d\u00e9velopp\u00e9es pour \u00eatre utilis\u00e9es dans les centrales \u00e9lectriques au charbon existantes. Les granul\u00e9s sont class\u00e9s selon leur pouvoir calorifique, leur teneur en humidit\u00e9 et en cendres et leurs dimensions. Ils peuvent \u00eatre utilis\u00e9s comme combustibles pour la production d\u2019\u00e9lectricit\u00e9, le chauffage commercial ou r\u00e9sidentiel et la cuisine. Les granul\u00e9s sont extr\u00eamement denses et peuvent \u00eatre produits avec une faible teneur en humidit\u00e9 (inf\u00e9rieure \u00e0 10%) qui leur permet d\u2019\u00eatre br\u00fbl\u00e9s avec une efficacit\u00e9 de combustion tr\u00e8s \u00e9lev\u00e9e.<\/p>\n<p>Tous les \u00e9quipements de chauffage europ\u00e9ens sont fournis avec des fiches techniques indiquant les param\u00e8tres des biocarburants pour atteindre une efficacit\u00e9 maximale et un fonctionnement efficace. Il y a souvent des cas o\u00f9 la cause de la panne des chaudi\u00e8res \u00e0 pellets \u00e9tait le fournisseur de combustible \u00e0 pellets de mauvaise qualit\u00e9. C\u2019est pourquoi les consommateurs accordent une attention particuli\u00e8re \u00e0 la qualit\u00e9 des granul\u00e9s de bois. L\u2019entreprise applique des mati\u00e8res premi\u00e8res respectueuses de l\u2019environnement pour la production de granul\u00e9s, fournies dans le cadre de contrats avec la foresterie nationale d\u2019Ukraine. Cela nous donne l\u2019opportunit\u00e9 non seulement de garantir la stabilit\u00e9 des indicateurs de qualit\u00e9, mais aussi de donner des garanties de stabilit\u00e9 des volumes de produits livr\u00e9s. Ce type de coop\u00e9ration pr\u00e9d\u00e9termine le respect inconditionnel de nos obligations envers les contreparties.<\/p>\n<p>Chaque lot lib\u00e9r\u00e9 de nos granul\u00e9s de bois correspond \u00e0 des conditions techniques sp\u00e9cialement d\u00e9velopp\u00e9es et approuv\u00e9es qui rendent nos granul\u00e9s comp\u00e9titifs sur les march\u00e9s nationaux et \u00e9trangers. La teneur en cendres de nos pellets est \u00e0 moins de 1%, ce qui permet de les utiliser pour le chauffage des maisons priv\u00e9es.<\/p>\n<p>Diam\u00e8tre 6 mm;<br \/>\nTeneur en cendres jusqu\u2019\u00e0 1%;<br \/>\nHumidit\u00e9 jusqu\u2019\u00e0 9%;<br \/>\nMasse volumique apparente 630 kg \/ m3;<br \/>\nAbrasion \u2013 jusqu\u2019\u00e0 3%;<br \/>\nPouvoir calorifique: 4600 kcal \/ kg.<br \/>\nTechniques de production:<\/p>\n<p>La mati\u00e8re premi\u00e8re entre dans le broyeur, qui est r\u00e9duite \u00e0 l\u2019\u00e9tat de farine. La masse r\u00e9sultante est introduite dans le s\u00e9cheur \u00e0 partir de celui-ci \u2013 dans une presse \u00e0 granul\u00e9s dans laquelle des granul\u00e9s de farine de bois comprim\u00e9s. La compression lors du pressage augmente la temp\u00e9rature du mat\u00e9riau, la lignine, contenue dans les particules de bois qui se ramollissent et se collent dans un cylindre \u00e9tanche. Pour produire une tonne de granul\u00e9s, il faut environ 2,3 \u00e0 2,6 m\u00e8tres cubes de d\u00e9chets de bois, plus 0,6 m\u00e8tre cube de sciure de bois est br\u00fbl\u00e9 par tonne de production.<\/p>\n<p>Les granul\u00e9s finaux sont refroidis, conditionn\u00e9s dans diff\u00e9rents emballages \u2013 des petits emballages de 15 kg aux big-bags (gros emballages industriels) pesant 1,1 tonne \u2013 ou livr\u00e9s au consommateur en vrac.<\/p>\n<p>Un po\u00eale \u00e0 granul\u00e9s est un po\u00eale qui br\u00fble du bois comprim\u00e9 ou des granul\u00e9s de biomasse pour cr\u00e9er une source de chaleur pour les espaces r\u00e9sidentiels et parfois industriels. En alimentant r\u00e9guli\u00e8rement le carburant d\u2019un conteneur de stockage (tr\u00e9mie) dans une zone de pot de combustion, il produit une flamme constante qui n\u00e9cessite peu ou pas d\u2019ajustements physiques.<\/p>\n<p>L\u2019efficacit\u00e9 d\u2019un po\u00eale \u00e0 granul\u00e9s peut atteindre 90% ou plus. \u2026 C\u2019est plus qu\u2019un po\u00eale \u00e0 bois classique, avec une efficacit\u00e9 de seulement 40 \u00e0 50% (60 \u00e0 80% pour les po\u00eales r\u00e9cents \u00e0 haute efficacit\u00e9) et bien plus qu\u2019un feu ouvert, avec une efficacit\u00e9 de 5 \u00e0 15 %.<\/p>\n<p>Les po\u00eales \u00e0 pellets ne peuvent br\u00fbler que des granul\u00e9s de bois (comme Jodi l\u2019a mentionn\u00e9) ou des biocarburants tels que le ma\u00efs s\u00e9ch\u00e9 (selon le mod\u00e8le r\u00e9el). Il ne serait pas sage d\u2019essayer de br\u00fbler des b\u00fbches ou des b\u00e2tons \u00e0 l\u2019int\u00e9rieur d\u2019un po\u00eale \u00e0 granul\u00e9s, \u00e0 cause du fonctionnement d\u2019un po\u00eale \u00e0 granul\u00e9s.<\/p>\n","protected":false},"excerpt":{"rendered":"<p>Granul\u00e9s de bois de qualit\u00e9 A1<br \/>\nDiam\u00e8tre: 6mm-8mm<br \/>\nFaible teneur en poussi\u00e8re &lt;1%<br \/>\nTemp\u00e9rature de fusion des cendres \u00e9lev\u00e9e&gt; 1200 \u00b0 C<br \/>\nFabriqu\u00e9 \u00e0 partir de meilleurs bois vierges<\/p>\n","protected":false},"featured_media":46,"comment_status":"open","ping_status":"closed","template":"","meta":{"_et_pb_use_builder":"","_et_pb_old_content":"","_et_gb_content_width":""},"product_brand":[],"product_cat":[21],"product_tag":[],"class_list":{"0":"post-45","1":"product","2":"type-product","3":"status-publish","4":"has-post-thumbnail","6":"product_cat-wood-pellets","8":"first","9":"instock","10":"shipping-taxable","11":"product-type-simple"},"_links":{"self":[{"href":"https:\/\/greenheatscinawaspolka.com\/index.php\/wp-json\/wp\/v2\/product\/45","targetHints":{"allow":["GET"]}}],"collection":[{"href":"https:\/\/greenheatscinawaspolka.com\/index.php\/wp-json\/wp\/v2\/product"}],"about":[{"href":"https:\/\/greenheatscinawaspolka.com\/index.php\/wp-json\/wp\/v2\/types\/product"}],"replies":[{"embeddable":true,"href":"https:\/\/greenheatscinawaspolka.com\/index.php\/wp-json\/wp\/v2\/comments?post=45"}],"wp:featuredmedia":[{"embeddable":true,"href":"https:\/\/greenheatscinawaspolka.com\/index.php\/wp-json\/wp\/v2\/media\/46"}],"wp:attachment":[{"href":"https:\/\/greenheatscinawaspolka.com\/index.php\/wp-json\/wp\/v2\/media?parent=45"}],"wp:term":[{"taxonomy":"product_brand","embeddable":true,"href":"https:\/\/greenheatscinawaspolka.com\/index.php\/wp-json\/wp\/v2\/product_brand?post=45"},{"taxonomy":"product_cat","embeddable":true,"href":"https:\/\/greenheatscinawaspolka.com\/index.php\/wp-json\/wp\/v2\/product_cat?post=45"},{"taxonomy":"product_tag","embeddable":true,"href":"https:\/\/greenheatscinawaspolka.com\/index.php\/wp-json\/wp\/v2\/product_tag?post=45"}],"curies":[{"name":"wp","href":"https:\/\/api.w.org\/{rel}","templated":true}]}}