{"id":53,"date":"2026-04-26T07:18:32","date_gmt":"2026-04-26T07:18:32","guid":{"rendered":"https:\/\/greenheatscinawaspolka.com\/?post_type=product&#038;p=53"},"modified":"2026-04-26T07:18:32","modified_gmt":"2026-04-26T07:18:32","slug":"houten-pellets","status":"publish","type":"product","link":"https:\/\/greenheatscinawaspolka.com\/index.php\/product\/houten-pellets\/","title":{"rendered":"Houten pellets"},"content":{"rendered":"<p><strong>Beschrijving van houtpellets 6mm<\/strong>:<br \/>\nHouten pellets 6 mm een \u200b\u200bhandige, voordelige en effici\u00ebnte manier om een \u200b\u200bhuis of bedrijf te verwarmen met brandstoffen voor huishoudelijk gebruik.\u00a0<a href=\"https:\/\/en.wikipedia.org\/wiki\/Torrefaction\">https:\/\/en.wikipedia.org\/wiki\/Torrefaction<\/a><\/p>\n<p>A1 houtpellets<br \/>\nDiameter: 6 mm \u2013 8 mm<br \/>\nLaag stofgehalte &lt;1%<br \/>\nHoge as smelttemperatuur&gt; 1200 \u00b0 C<br \/>\nGemaakt van de beste maagdelijke bossen.<\/p>\n<p><strong>Hardhout versus zachthout houtkorrels 6 mm<\/strong>:<br \/>\nhardhout zoals esdoorn, eik, berk en essen. En we weten allemaal dat het plaatsen van naaldhout zoals dennen, sparren en sparren.<\/p>\n<p><strong>Europees houtpelletsverbruik<\/strong>:<br \/>\nHet grootste deel van het verbruik ging naar warmteproductie, ofwel 61,8%. Het pelletverbruik voor warmte kan verder worden onderverdeeld in drie markten \u2013 residenti\u00eble verwarming (69%), commerci\u00eble verwarming (19%) en warmte uit WKK (12%). De resterende 38,2% houtpellets werd gebruikt voor energieproductie. Opgemerkt moet worden dat de technologie\u00ebn voor het produceren van energie uit pellets voor warmte, elektriciteit of beide volwassen zijn en effici\u00ebnte en betrouwbare processen bieden. Houten pellets.<\/p>\n<p><strong>De voordelen van houtpellets 6 mm<\/strong>:<br \/>\nAls u een betrouwbare warmtebron wilt krijgen, geld wilt besparen en het milieu wilt beschermen, zijn houtpellets van biomassa 6 mm een \u200b\u200buitstekende keuze. Wanneer de pellets verbranden, geven ze dezelfde hoeveelheid koolstofdioxide vrij die de houtbiomassa absorbeert tijdens de groei, waardoor ze koolstofneutraal worden.<\/p>\n<p>Uitstekende pelletkwaliteit is essentieel om een \u200b\u200bconstant en optimaal verhittingsproces te bereiken. Aangezien er verschillende brandstofkwaliteiten bestaan, is het voor eigenaren van kachels en ketels essentieel om de juiste kwaliteit brandstof te kiezen die het beste bij hun installaties past.<\/p>\n<p>Het gebruik van pellets voor de productie van warmte bleef een sterke sector in de EU. Het gebruik van pellets voor elektriciteitsproductie. Houten pellets.<\/p>\n<p><strong>Van verwarming tot paardenstrooisel: Wood Pellets A1 gebruikt<\/strong>:<br \/>\nEen klein en compact product dat enkele grote uitdagingen aangaat, onze pellets zijn een ware natuurkracht. Ongeveer de hoogte van een flessenkurk, ze zijn een energierijke, asarme, vochtarme en schoon brandende warmtebron voor houtpelletverwarmers en -ketels in residenti\u00eble, commerci\u00eble en grootschalige industri\u00eble verwarmingstoepassingen. Houten pellets.<\/p>\n<p>Onze houten pellets van 6 mm maken ook een natuurlijke en comfortabele keuze voor paardenbedden. Ze zijn zeer absorberend, verminderen de mesttijd drastisch, verminderen het beddengoedverbruik en zijn gemakkelijk op te slaan en te vervoeren.<\/p>\n<p><strong>Opslag van houten pellets 6 mm<\/strong>:<br \/>\nVoor de beste levensduur moeten houtpellets binnenshuis worden opgeslagen. Op vochtige locaties kan een ontvochtiger nodig zijn. Bij juiste opslag kunnen pellets een houdbaarheid van meer dan twee jaar hebben, maar worden idealiter binnen een periode van zes maanden gebruikt. Bij Europe Pellets kunnen we pellets buiten opslaan vanwege onze hoge omzetsnelheid, dus er staat geen ton pellets langer dan een maand of twee buiten. Houten pellets.<\/p>\n<p>Water vernietigt houtpellets. Houten pelletszakken zijn niet waterdicht. Elke zak bevat kleine haargaatjes om de pellets te laten ademen. Wees extra voorzichtig om waterabsorptie te voorkomen. Houten pellets.<\/p>\n<p>Houten pellets A1 bij de pallet worden afgedekt met een UV-bestendige zak \/ kap die tot 12 maanden effectief is. Verwijder de zak \/ kap niet voordat de pellets zijn gebruikt. Houten pellets.<\/p>\n<p>De acceptatie van acceptatie en opslag van grondstoffen:<\/p>\n<p>Het product wordt uitgevoerd op het plantgebied.<\/p>\n<p>De acceptatieplaats voor grondstoffen is gemaakt van betonplaten.<\/p>\n<p>Railway feeder komt naar de site die kan worden gebruikt voor levering van grondstoffen. Toegangswegen voor vrachtwagens zijn ook beschikbaar.<\/p>\n<p>De opslagplaats voor grondstoffen bestaat uit een opslagruimte en een gebied met directe aanvoer van grondstoffen voor verwerking.<\/p>\n<p>Het lossen van het transport gebeurt door een houtlader op basis van de graafmachine LIEBHERR A 924 \u0412.<\/p>\n<p>Het lossen loopt in opslagruimten of direct naar het werkgebied van houtaanvoer voor verwerking.<\/p>\n<p>De aanvaarding van de kwaliteit en kwantiteit van het hout wordt ter plaatse uitgevoerd, samen met radiologische controle.<\/p>\n<p>Pelletbrandstoffen (of pellets) zijn biobrandstoffen gemaakt van gecomprimeerd organisch materiaal of biomassa. Pellets kunnen worden gemaakt van een van de vijf algemene categorie\u00ebn biomassa: industrieel afval en bijproducten, voedselafval, landbouwresiduen, energiegewassen en nieuw hout.<\/p>\n<p>Houtpellets zijn het meest voorkomende type pelletbrandstof en worden over het algemeen gemaakt van samengeperst zaagsel en aanverwant industrieel afval van het frezen van hout, de fabricage van houtproducten en meubels, en de bouw. Andere bronnen van industrieel afval zijn onder meer lege vruchtentrossen, palmpitschalen, kokosnootschalen en boomtoppen en takken die tijdens de houtkap worden weggegooid. Zogenaamde \u201czwarte pellets\u201d zijn gemaakt van biomassa, verfijnd om op steenkool te lijken en zijn ontwikkeld om te worden gebruikt in bestaande kolencentrales.<\/p>\n<p>Pellets worden gecategoriseerd op basis van hun verwarmingswaarde, vocht- en asgehalte en afmetingen. Ze kunnen worden gebruikt als brandstof voor energieopwekking, commerci\u00eble of residenti\u00eble verwarming en koken. Pellets zijn extreem compact en kunnen worden geproduceerd met een laag vochtgehalte (minder dan 10%) waardoor ze met een zeer hoog verbrandingsrendement kunnen worden verbrand.<\/p>\n<p>Alle Europese verwarmingsapparatuur wordt geleverd met technische gegevensbladen met parameters voor biobrandstof om de hoogst mogelijke effici\u00ebntie en effici\u00ebnte werking te bereiken. Er zijn vaak gevallen waarin de oorzaak van het falen van pelletketels de leverancier was van pelletbrandstof van slechte kwaliteit. Daarom letten consumenten goed op de kwaliteit van houtpellets. Houten pellets<\/p>\n<p>Het bedrijf past milieuvriendelijke grondstoffen toe voor de productie van pellets, geleverd op basis van contracten met de staatsbosbeheer van Oekra\u00efne. Dit geeft ons de mogelijkheid om niet alleen de stabiliteit van kwaliteitsindicatoren te garanderen, maar ook om de stabiliteit van de geleverde productvolumes te garanderen. Dit type samenwerking bepaalt vooraf de onvoorwaardelijke nakoming van onze verplichtingen jegens tegenpartijen. Houten pellets<\/p>\n<p>Elke vrijgegeven batch van onze houtpellets beantwoordt aan speciaal ontwikkelde en goedgekeurde technische voorwaarden waardoor onze pellets concurrerend zijn op zowel de binnenlandse als buitenlandse markten. Het asgehalte van onze pellets ligt binnen 1%, waardoor men ze kan gebruiken voor het verwarmen van priv\u00e9woningen. Houten pellets<\/p>\n<p>Doorsnede 6 mm;<br \/>\nAsgehalte tot 1%;<br \/>\nVochtigheid tot 9%;<br \/>\nBulk soortelijk gewicht 630 kg \/ m3;<br \/>\nSlijtage \u2013 tot 3%;<br \/>\nCalorische inhoud: 4600 kcal \/ kg.<br \/>\nProductietechnieken:<\/p>\n<p>De grondstof komt de breker binnen, die wordt teruggebracht tot de staat van meel. De resulterende massa wordt van daaruit in de droger gevoerd \u2013 in een pelletpers waarin een gecomprimeerd houtmeel pellets. Compressie tijdens het persen verhoogt de temperatuur van het materiaal, lignine, dat zich in houtdeeltjes bevindt, zacht wordt en aan elkaar blijft kleven in een strakke cilinder. Voor de productie van \u00e9\u00e9n ton pellets is ongeveer 2,3 \u2013 2,6 kubieke meter afvalhout nodig, plus 0,6 kubieke meter zaagsel per ton productie. Houten pellets<\/p>\n<p>De uiteindelijke pellets worden gekoeld, verpakt in verschillende verpakkingen \u2013 van kleine verpakkingen van 15 kg tot big-bags (grote industri\u00eble verpakkingen) met een gewicht van 1,1 st ton \u2013 of in bulk aan de consument geleverd. Houten pellets<\/p>\n<p>Een pelletkachel is een kachel die samengeperst hout of biomassapellets verbrandt om een \u200b\u200bwarmtebron te cre\u00ebren voor residenti\u00eble en soms industri\u00eble ruimtes. Door gestaag brandstof vanuit een opslagcontainer (hopper) in een vuurpotgebied te voeren, produceert het een constante vlam die weinig tot geen fysieke aanpassingen vereist. Houten pellets<\/p>\n<p>Het rendement van een pelletkachel kan oplopen tot 90% of meer. dit is meer dan een klassieke houtkachel, met een rendement van slechts 40 tot 50% (60 tot 80% voor recente hoogrendementskachels) en veel meer dan een open haard, met een rendement van 5 tot 15 %. Houten pellets<\/p>\n<p>Pelletkachels kunnen alleen houtpellets verbranden (zoals Jodi al zei) of biobrandstoffen zoals gedroogde ma\u00efs (afhankelijk van het daadwerkelijke model). Het zou niet verstandig zijn om houtblokken of stokken in een pelletkachel te verbranden, omdat een pelletkachel eigenlijk werkt. Houten pellets<\/p>\n","protected":false},"excerpt":{"rendered":"<div class=\"woocommerce-product-details__short-description\">\n<div class=\"woocommerce-product-details__short-description\">\n<p>Elke vrijgegeven batch van onze houtpellets beantwoordt aan speciaal ontwikkelde en goedgekeurde technische voorwaarden waardoor onze pellets concurrerend zijn op zowel de binnenlandse als buitenlandse markten.<\/p>\n<p>A1 houtpellets<br \/>\nDiameter: 6 mm \u2013 8 mm<br \/>\nLaag stofgehalte &lt;1%<br \/>\nHoge as smelttemperatuur&gt; 1200 \u00b0 C<br \/>\nGemaakt van de beste maagdelijke bossen<\/p>\n<\/div>\n<\/div>\n<div class=\"gmwqp_inquirybtn\"><\/div>\n","protected":false},"featured_media":54,"comment_status":"open","ping_status":"closed","template":"","meta":{"_et_pb_use_builder":"","_et_pb_old_content":"","_et_gb_content_width":""},"product_brand":[],"product_cat":[21],"product_tag":[],"class_list":{"0":"post-53","1":"product","2":"type-product","3":"status-publish","4":"has-post-thumbnail","6":"product_cat-wood-pellets","8":"first","9":"instock","10":"shipping-taxable","11":"product-type-simple"},"_links":{"self":[{"href":"https:\/\/greenheatscinawaspolka.com\/index.php\/wp-json\/wp\/v2\/product\/53","targetHints":{"allow":["GET"]}}],"collection":[{"href":"https:\/\/greenheatscinawaspolka.com\/index.php\/wp-json\/wp\/v2\/product"}],"about":[{"href":"https:\/\/greenheatscinawaspolka.com\/index.php\/wp-json\/wp\/v2\/types\/product"}],"replies":[{"embeddable":true,"href":"https:\/\/greenheatscinawaspolka.com\/index.php\/wp-json\/wp\/v2\/comments?post=53"}],"wp:featuredmedia":[{"embeddable":true,"href":"https:\/\/greenheatscinawaspolka.com\/index.php\/wp-json\/wp\/v2\/media\/54"}],"wp:attachment":[{"href":"https:\/\/greenheatscinawaspolka.com\/index.php\/wp-json\/wp\/v2\/media?parent=53"}],"wp:term":[{"taxonomy":"product_brand","embeddable":true,"href":"https:\/\/greenheatscinawaspolka.com\/index.php\/wp-json\/wp\/v2\/product_brand?post=53"},{"taxonomy":"product_cat","embeddable":true,"href":"https:\/\/greenheatscinawaspolka.com\/index.php\/wp-json\/wp\/v2\/product_cat?post=53"},{"taxonomy":"product_tag","embeddable":true,"href":"https:\/\/greenheatscinawaspolka.com\/index.php\/wp-json\/wp\/v2\/product_tag?post=53"}],"curies":[{"name":"wp","href":"https:\/\/api.w.org\/{rel}","templated":true}]}}