{"id":58,"date":"2026-04-26T09:56:20","date_gmt":"2026-04-26T09:56:20","guid":{"rendered":"https:\/\/greenheatscinawaspolka.com\/?post_type=product&#038;p=58"},"modified":"2026-04-26T09:56:20","modified_gmt":"2026-04-26T09:56:20","slug":"pasutit-koksnes-granulas-6mm","status":"publish","type":"product","link":"https:\/\/greenheatscinawaspolka.com\/index.php\/product\/pasutit-koksnes-granulas-6mm\/","title":{"rendered":"Pas\u016bt\u012bt Koksnes Granulas 6mm"},"content":{"rendered":"<p><strong>Koka granulu apraksts 6mm<\/strong>:<br \/>\nKoka granulas 6 mm ir \u0113rts, ekonomisks un efekt\u012bvs veids, k\u0101 sild\u012bt m\u0101ju vai biznesu, izmantojot viet\u0113jo degvielu. Pas\u016bt\u012bt koksnes granulas 6mm.\u00a0<a href=\"https:\/\/en.wikipedia.org\/wiki\/Pellet_fuel\">https:\/\/en.wikipedia.org\/wiki\/Pellet_fuel<\/a><\/p>\n<p>A1 klases koksnes granulas<br \/>\nDiametrs: 6mm-8mm<br \/>\nZems putek\u013cu saturs &lt;1%<br \/>\nAugsta pelnu ku\u0161anas temperat\u016bra&gt; 1200 \u00b0 C<br \/>\nIzgatavots no lab\u0101kajiem jaunavkokiem<\/p>\n<p><strong>Mas\u012bvkoka un skujkoku koksnes granulas 6mm<\/strong>:<br \/>\ncietkoksnes, piem\u0113ram, k\u013cava, ozols, b\u0113rzs un osis. Un m\u0113s visi zin\u0101m, ka tiek ievietoti t\u0101di skujkoki k\u0101 priede, egle un egle. Pas\u016bt\u012bt koksnes granulas 6mm<\/p>\n<p><strong>Eiropas koksnes granulu pat\u0113ri\u0146\u0161<\/strong>:<br \/>\nLiel\u0101k\u0101 da\u013ca pat\u0113ri\u0146a tika novirz\u012bta siltumener\u0123ijas ra\u017eo\u0161anai, veidojot 61,8%. Granulu pat\u0113ri\u0146u siltumener\u0123ijai var iedal\u012bt tr\u012bs tirgos \u2013 dz\u012bvojamo m\u0101ju apkurei (69%), komerci\u0101lajai apkurei (19%) un siltumener\u0123ijai, ko rada ko\u0123ener\u0101cija (12%). Atliku\u0161ie 38,2% koksnes granulu tika izmantoti ener\u0123ijas ra\u017eo\u0161anai. J\u0101atz\u012bm\u0113, ka tehnolo\u0123ijas ener\u0123ijas ra\u017eo\u0161anai no granul\u0101m siltumener\u0123ijai, elektr\u012bbai vai ab\u0101m ir nobriedu\u0161as, pied\u0101v\u0101jot efekt\u012bvus un uzticamus procesus. Pas\u016bt\u012bt koksnes granulas 6mm.<\/p>\n<p><strong>Koksnes granulu 6mm priek\u0161roc\u012bbas<\/strong>:<br \/>\nJa v\u0113laties ieg\u016bt uzticamu siltuma avotu, ietaup\u012bt naudu un pal\u012bdz\u0113t aizsarg\u0101t vidi, biomasas koksnes granulas 6mm ir lieliska izv\u0113le. Kad granulas deg, t\u0101s izdala t\u0101du pa\u0161u oglek\u013ca dioks\u012bda daudzumu, k\u0101du koksnes biomasa absorb\u0113 t\u0101s aug\u0161anas laik\u0101, padarot t\u0101s oglek\u013ca neitr\u0101las. Pas\u016bt\u012bt koksnes granulas 6mm.<\/p>\n<p>Izcila granulu kvalit\u0101te ir b\u016btiska, lai sasniegtu past\u0101v\u012bgu un optim\u0101lu apkures procesu. T\u0101 k\u0101 past\u0101v da\u017e\u0101das degvielas kvalit\u0101tes, pl\u012bts un katlu \u012bpa\u0161niekiem ir svar\u012bgi izv\u0113l\u0113ties pareizas kvalit\u0101tes degvielu, kas vislab\u0101k der vi\u0146u uzst\u0101d\u012bjumiem. Pas\u016bt\u012bt koksnes granulas 6mm.<\/p>\n<p>Granulu izmanto\u0161ana siltuma ra\u017eo\u0161anai joproj\u0101m bija sp\u0113c\u012bga nozare ES. Granulu izmanto\u0161ana elektr\u012bbas ra\u017eo\u0161an\u0101. Pas\u016bt\u012bt koksnes granulas 6mm.<\/p>\n<p><strong>No kars\u0113\u0161anas l\u012bdz zirgu pakai\u0161iem: Koksnes granulas A1 izmanto<\/strong>:<br \/>\nMazs un kompakts izstr\u0101d\u0101jums, kas risina lielas probl\u0113mas, m\u016bsu granulas ir \u012bsts dabas sp\u0113ks. Aptuveni pudeles kor\u0137a augstum\u0101 tie ir ar ener\u0123iju bag\u0101ti, zemu pelnu, ar zemu mitruma l\u012bmeni un t\u012bru deg\u0161anu sildo\u0161i ener\u0123ijas avoti koksnes granulu sild\u012bt\u0101jiem un katliem dz\u012bvojam\u0101s, komerci\u0101l\u0101s un liela m\u0113roga r\u016bpniecisk\u0101s apkures vajadz\u012bb\u0101m.<\/p>\n<p>M\u016bsu 6mm koka granulas ar\u012b padara dabisku un \u0113rtu zirgu izgul\u0113jumu izv\u0113li. Tie ir \u013coti labi absorb\u0113jo\u0161i, krasi sa\u012bsina laiku, samazina gultas piederumu pat\u0113ri\u0146u un ir viegli uzglab\u0101t un transport\u0113t.<\/p>\n<p><strong>Koka granulu uzglab\u0101\u0161ana 6mm<\/strong>:<br \/>\nLai koksnes granulas b\u016btu p\u0113c iesp\u0113jas ilg\u0101kas, t\u0101s j\u0101uzglab\u0101 telp\u0101s. Mitr\u0101s viet\u0101s var b\u016bt nepiecie\u0161ams sausin\u0101t\u0101js. Pareizi uzglab\u0101jot, granulu der\u012bguma termi\u0146\u0161 var p\u0101rsniegt divus gadus, bet ide\u0101l\u0101 gad\u012bjum\u0101 t\u0101s tiek izmantotas se\u0161u m\u0113ne\u0161u laik\u0101. Uz\u0146\u0113mum\u0101 Europe Pellets m\u0113s varam uzglab\u0101t granulas \u0101rpus\u0113, jo ir liels apgroz\u012bjums, t\u0101p\u0113c neviena tonna granulu nav \u0101rpus\u0113 ilg\u0101k par m\u0113nesi vai diviem.<\/p>\n<p>\u016adens izn\u012bcin\u0101s koksnes granulas. Koka granulu somas nav \u016bdensiztur\u012bgas. Katr\u0101 som\u0101 ir mazi caurumi matiem, lai granulas var\u0113tu elpot. \u012apa\u0161a piesardz\u012bba, lai nov\u0113rstu \u016bdens absorbciju.<\/p>\n<p>Koka granulas A1 palet\u0113 tiks p\u0101rkl\u0101tas ar UV iztur\u012bgu maisi\u0146u \/ p\u0101rsegu, kas ir der\u012bgs l\u012bdz 12 m\u0113ne\u0161iem. Neiz\u0146emiet maisi\u0146u \/ p\u0101rsegu, kam\u0113r netiks izmantotas granulas.<\/p>\n<p>Izejvielu pie\u0146em\u0161ana un uzglab\u0101\u0161ana:<\/p>\n<p>Produkts tiek veikts r\u016bpn\u012bcas teritorij\u0101.<\/p>\n<p>Izejvielu pie\u0146em\u0161anas vieta ir izgatavota no betona pl\u0101tn\u0113m.<\/p>\n<p>Dzelzce\u013ca padev\u0113js non\u0101k viet\u0101, kuru var izmantot izejvielu pieg\u0101dei. Pieejami ar\u012b kravas automa\u0161\u012bnu piek\u013cuves ce\u013ci.<\/p>\n<p>Izejvielu uzglab\u0101\u0161anas vietu veido uzglab\u0101\u0161anas zona un izejmateri\u0101lu zona, kas nekav\u0113joties pieg\u0101d\u0101ta p\u0101rstr\u0101dei.<\/p>\n<p>Transporta izkrau\u0161anu veic koksnes iekr\u0101v\u0113js uz ekskavatora LIEBHERR A 924 \u0412 pamatnes.<\/p>\n<p>Izkrau\u0161ana notiek uzglab\u0101\u0161anas viet\u0101s vai tie\u0161i koksnes pieg\u0101des darba zon\u0101 l\u012bdz p\u0101rstr\u0101dei.<\/p>\n<p>Kokmateri\u0101lu kvalit\u0101te un daudzums tiek pie\u0146emts uz vietas kop\u0101 ar radiolo\u0123isko kontroli.<\/p>\n<p>Granulu degviela (vai granulas) ir biodegviela, kas izgatavota no saspiest\u0101m organisk\u0101m viel\u0101m vai biomasas. Granulas var izgatavot no jebkuras no piec\u0101m visp\u0101r\u0113j\u0101m biomasas kategorij\u0101m: r\u016bpniec\u012bbas atkritumi un blakusprodukti, p\u0101rtikas atkritumi, lauksaimniec\u012bbas atliekas, ener\u0123\u0113tisk\u0101s kult\u016bras un neapstr\u0101d\u0101ti z\u0101\u0123materi\u0101li. Pas\u016bt\u012bt Koksnes Granulas 6mm<\/p>\n<p>Koksnes granulas ir visizplat\u012bt\u0101kais granulu kurin\u0101m\u0101 veids, un t\u0101s parasti ra\u017eo no sabl\u012bv\u0113t\u0101m z\u0101\u0123u skaid\u0101m un ar t\u0101m saist\u012btiem r\u016bpniec\u012bbas atkritumiem, kas radu\u0161ies z\u0101\u0123materi\u0101lu mal\u0161an\u0101, koksnes izstr\u0101d\u0101jumu un m\u0113be\u013cu ra\u017eo\u0161an\u0101 un b\u016bvniec\u012bb\u0101. Citi r\u016bpniec\u012bbas atkritumu avoti ir tuk\u0161i aug\u013cu \u0137ekari, palmu kodolu \u010daumalas, kokosriekstu \u010daumalas, koku galotnes un zari, kas izmesti me\u017eizstr\u0101des laik\u0101. T\u0101 saukt\u0101s \u201cmeln\u0101s granulas\u201d ir izgatavotas no biomasas, kas rafin\u0113tas l\u012bdzin\u0101ties akme\u0146ogl\u0113m un tika izstr\u0101d\u0101tas izmanto\u0161anai eso\u0161aj\u0101s og\u013cu sp\u0113kstacij\u0101s. Pas\u016bt\u012bt Koksnes Granulas 6mm<\/p>\n<p>Granulas tiek iedal\u012btas p\u0113c to sild\u012b\u0161anas v\u0113rt\u012bbas, mitruma un pelnu satura un izm\u0113riem. Tos var izmantot k\u0101 degvielu elektroener\u0123ijas ra\u017eo\u0161anai, komerci\u0101lai vai dz\u012bvojamai apkurei un \u0113diena gatavo\u0161anai. Granulas ir \u0101rk\u0101rt\u012bgi bl\u012bvas, un t\u0101s var ra\u017eot ar zemu mitruma saturu (zem 10%), kas \u013cauj t\u0101s sadedzin\u0101t ar \u013coti augstu deg\u0161anas efektivit\u0101ti.<\/p>\n<p>Vis\u0101m Eiropas apkures iek\u0101rt\u0101m tiek pieg\u0101d\u0101tas tehnisko datu lapas, kur\u0101s nor\u0101d\u012bti biodegvielas parametri, lai sasniegtu p\u0113c iesp\u0113jas augst\u0101ku efektivit\u0101ti un efekt\u012bvu darb\u012bbu. Bie\u017ei ir gad\u012bjumi, kad granulu katlu atteices c\u0113lonis bija sliktas kvalit\u0101tes granulu degvielas pieg\u0101d\u0101t\u0101js. T\u0101p\u0113c pat\u0113r\u0113t\u0101ji lielu uzman\u012bbu piev\u0113r\u0161 koksnes granulu kvalit\u0101tei.<\/p>\n<p>Uz\u0146\u0113mums attiecas uz videi draudz\u012bg\u0101m izejviel\u0101m granulu ra\u017eo\u0161anai, ko pieg\u0101d\u0101 saska\u0146\u0101 ar l\u012bgumiem ar Ukrainas valsts me\u017eniec\u012bbu. Tas dod mums iesp\u0113ju ne tikai garant\u0113t kvalit\u0101tes r\u0101d\u012bt\u0101ju stabilit\u0101ti, bet ar\u012b garant\u0113t pieg\u0101d\u0101to produktu apjomu stabilit\u0101ti. \u0160\u0101da veida sadarb\u012bba nosaka m\u016bsu pien\u0101kumu pret dar\u012bjumu partneriem beznosac\u012bjumu izpildi.<\/p>\n<p>Katra izlaista m\u016bsu koksnes granulu partija atbilst \u012bpa\u0161i izstr\u0101d\u0101tiem un apstiprin\u0101tiem tehniskajiem nosac\u012bjumiem, kas padara m\u016bsu granulas konkur\u0113tsp\u0113j\u012bgas gan viet\u0113j\u0101, gan \u0101rvalstu tirg\u016b. Pelnu saturs m\u016bsu granul\u0101s ir 1% robe\u017e\u0101s, kas \u013cauj tos izmantot priv\u0101tm\u0101ju apkurei. Pas\u016bt\u012bt Koksnes Granulas 6mm<\/p>\n<p>Diametrs 6 mm;<br \/>\nPelnu saturs l\u012bdz 1%;<br \/>\nMitrums l\u012bdz 9%;<br \/>\nTilpuma bl\u012bvums 630 kg \/ m3;<br \/>\nNodilums \u2013 l\u012bdz 3%;<br \/>\nKalorit\u0101tes saturs: 4600 kcal \/ kg.<br \/>\nRa\u017eo\u0161anas pa\u0146\u0113mieni:<\/p>\n<p>Izejviela non\u0101k drupin\u0101t\u0101j\u0101, kas tiek samazin\u0101ts l\u012bdz miltu st\u0101voklim. Ieg\u016bto masu no t\u0101s ievada kalt\u0113 \u2013 granulu pres\u0113, kur\u0101 saspiestas koksnes miltu granulas. Saspie\u0161anas laik\u0101 saspie\u0161ana paaugstina koksnes da\u013ci\u0146\u0101s eso\u0161\u0101 materi\u0101la \u2013 lign\u012bna \u2013 temperat\u016bru, kas m\u012bkstina un saspie\u017eas cie\u0161\u0101 cilindr\u0101. Lai sara\u017eotu vienu tonnu granulu, nepiecie\u0161ams apm\u0113ram 2,3 -2,6 kubikmetri koksnes atkritumu, k\u0101 ar\u012b 0,6 kubikmetri z\u0101\u0123u skaidas tiek sadedzin\u0101tas uz vienu tonnu produkcijas. Pas\u016bt\u012bt Koksnes Granulas 6mm<\/p>\n<p>Gal\u012bg\u0101s granulas atdzes\u0113, iesai\u0146o da\u017e\u0101dos iepakojumos \u2013 s\u0101kot no maziem 15 kg iepakojumiem l\u012bdz lielajiem maisi\u0146iem (lielie r\u016bpnieciskie iepakojumi), kuru svars ir 1,1 tonna \u2013 vai pieg\u0101d\u0101 pat\u0113r\u0113t\u0101jam bez taras. Pas\u016bt\u012bt Koksnes Granulas 6mm<\/p>\n<p>Granulu kr\u0101sns ir kr\u0101sns, kas sadedzina saspiestu koksni vai biomasas granulas, lai rad\u012btu siltuma avotu dz\u012bvojam\u0101m un da\u017ereiz r\u016bpniecisk\u0101m telp\u0101m. Vienm\u0113r\u012bgi padodot degvielu no uzglab\u0101\u0161anas tvertnes (tvertnes) sadedzin\u0101t\u0101 katla zon\u0101, t\u0101 rada nemain\u012bgu liesmu, kurai nav nepiecie\u0161ama fiziska piel\u0101go\u0161ana. Pas\u016bt\u012bt Koksnes Granulas 6mm<\/p>\n<p>Granulu kr\u0101sns efektivit\u0101te var sasniegt 90% vai vair\u0101k. Tas ir vair\u0101k nek\u0101 klasiska malkas kr\u0101sns, kuras efektivit\u0101te ir tikai 40\u201350% (60\u201380% nesen izmantojam\u0101m augstas efektivit\u0101tes kr\u0101sn\u012bm) un daudz kas vair\u0101k par atkl\u0101tu uguni ar efektivit\u0101ti no 5 l\u012bdz 15 %. Pas\u016bt\u012bt Koksnes Granulas 6mm<\/p>\n<p>Granulu kr\u0101snis var sadedzin\u0101t tikai koksnes granulas (k\u0101 min\u0113ja Jodi) vai biodegvielu, piem\u0113ram, \u017e\u0101v\u0113tu kukur\u016bzu (atkar\u012bb\u0101 no faktisk\u0101 mode\u013ca). Neb\u016btu pr\u0101t\u012bgi m\u0113\u0123in\u0101t sadedzin\u0101t ba\u013c\u0137us vai n\u016bjas granulu kr\u0101sns iek\u0161pus\u0113, jo faktiski darbojas granulu kr\u0101sns. Pas\u016bt\u012bt Koksnes Granulas 6mm<\/p>\n","protected":false},"excerpt":{"rendered":"<p>Granulu kr\u0101sns ir kr\u0101sns, kas sadedzina saspiestu koksni vai biomasas granulas, lai rad\u012btu siltuma avotu dz\u012bvojam\u0101m un da\u017ereiz r\u016bpniecisk\u0101m telp\u0101m. Vienm\u0113r\u012bgi padodot degvielu no uzglab\u0101\u0161anas tvertnes (tvertnes) sadedzin\u0101t\u0101 katla zon\u0101, t\u0101 rada nemain\u012bgu liesmu, kurai nav nepiecie\u0161ama fiziska piel\u0101go\u0161ana.<\/p>\n","protected":false},"featured_media":59,"comment_status":"open","ping_status":"closed","template":"","meta":{"_et_pb_use_builder":"","_et_pb_old_content":"","_et_gb_content_width":""},"product_brand":[],"product_cat":[21],"product_tag":[],"class_list":{"0":"post-58","1":"product","2":"type-product","3":"status-publish","4":"has-post-thumbnail","6":"product_cat-wood-pellets","8":"first","9":"instock","10":"shipping-taxable","11":"product-type-simple"},"_links":{"self":[{"href":"https:\/\/greenheatscinawaspolka.com\/index.php\/wp-json\/wp\/v2\/product\/58","targetHints":{"allow":["GET"]}}],"collection":[{"href":"https:\/\/greenheatscinawaspolka.com\/index.php\/wp-json\/wp\/v2\/product"}],"about":[{"href":"https:\/\/greenheatscinawaspolka.com\/index.php\/wp-json\/wp\/v2\/types\/product"}],"replies":[{"embeddable":true,"href":"https:\/\/greenheatscinawaspolka.com\/index.php\/wp-json\/wp\/v2\/comments?post=58"}],"wp:featuredmedia":[{"embeddable":true,"href":"https:\/\/greenheatscinawaspolka.com\/index.php\/wp-json\/wp\/v2\/media\/59"}],"wp:attachment":[{"href":"https:\/\/greenheatscinawaspolka.com\/index.php\/wp-json\/wp\/v2\/media?parent=58"}],"wp:term":[{"taxonomy":"product_brand","embeddable":true,"href":"https:\/\/greenheatscinawaspolka.com\/index.php\/wp-json\/wp\/v2\/product_brand?post=58"},{"taxonomy":"product_cat","embeddable":true,"href":"https:\/\/greenheatscinawaspolka.com\/index.php\/wp-json\/wp\/v2\/product_cat?post=58"},{"taxonomy":"product_tag","embeddable":true,"href":"https:\/\/greenheatscinawaspolka.com\/index.php\/wp-json\/wp\/v2\/product_tag?post=58"}],"curies":[{"name":"wp","href":"https:\/\/api.w.org\/{rel}","templated":true}]}}