{"id":66,"date":"2026-04-26T09:59:44","date_gmt":"2026-04-26T09:59:44","guid":{"rendered":"https:\/\/greenheatscinawaspolka.com\/?post_type=product&#038;p=66"},"modified":"2026-04-26T09:59:44","modified_gmt":"2026-04-26T09:59:44","slug":"peleti-din-lemn-6mm","status":"publish","type":"product","link":"https:\/\/greenheatscinawaspolka.com\/index.php\/product\/peleti-din-lemn-6mm\/","title":{"rendered":"Peleti din lemn 6mm"},"content":{"rendered":"<p><strong>Descriere Pelete de lemn 6mm<\/strong>:<br \/>\nPeleti din lemn de 6 mm un mod convenabil, economic \u0219i eficient de a \u00eenc\u0103lzi o cas\u0103 sau o afacere cu combustibili casnici. Peleti din lemn 6mm.\u00a0<a href=\"https:\/\/en.wikipedia.org\/wiki\/Pellet_fuel\">https:\/\/en.wikipedia.org\/wiki\/Pellet_fuel<\/a><\/p>\n<p>Peleti EN1 de calitate A1<br \/>\nDiametru: 6mm-8mm<br \/>\nCon\u021binut sc\u0103zut de praf &lt;1%<br \/>\nTemperatur\u0103 ridicat\u0103 de topire a cenu\u0219ii&gt; 1200 \u00b0 C<br \/>\nFabricat din cele mai bune p\u0103dure virgine<\/p>\n<p><strong>Pelete de rasinoase 6 mm<\/strong>:<br \/>\nfoioase ca ar\u021bar, stejar, mesteac\u0103n \u0219i frasin. \u0218i \u0219tim cu to\u021bii c\u0103 punerea de rasinoase ca pinul, bradul \u0219i molidul.<\/p>\n<p><strong>Consumul european de pelete de lemn<\/strong>:<br \/>\nMajoritatea consumului s-au referit la produc\u021bia de c\u0103ldur\u0103, reprezent\u00e2nd 61,8%. Consumul de pele\u021bi pentru c\u0103ldur\u0103 poate fi \u00eemp\u0103r\u021bit \u00een trei pie\u021be \u2013 \u00eenc\u0103lzire reziden\u021bial\u0103 (69%), \u00eenc\u0103lzire comercial\u0103 (19%) \u0219i c\u0103ldur\u0103 generat\u0103 de CHP (12%). Restul de 38,2% din pele\u021bi de lemn au fost folosi\u021bi pentru producerea energiei electrice. Trebuie men\u021bionat c\u0103 tehnologiile de producere a energiei din pele\u021bi pentru c\u0103ldur\u0103, electricitate sau ambele, sunt mature, oferind procese eficiente \u0219i fiabile.<\/p>\n<p><strong>Avantajele pele\u021bilor de lemn 6mm<\/strong>:<br \/>\nDac\u0103 dori\u021bi s\u0103 ob\u021bine\u021bi o surs\u0103 fiabil\u0103 de c\u0103ldur\u0103, s\u0103 economisi\u021bi bani \u0219i s\u0103 ajuta\u021bi la protejarea mediului \u00eenconjur\u0103tor, granule de lemn 6mm din biomas\u0103 fac o alegere excelent\u0103. C\u00e2nd pele\u021bii ard, elibereaz\u0103 aceea\u0219i cantitate de dioxid de carbon pe care biomasa lemnului o absoarbe \u00een timpul cre\u0219terii sale, f\u0103c\u00e2ndu-le neutre din carbon.<\/p>\n<p>O calitate excelent\u0103 a pele\u021bilor este esen\u021bial\u0103 pentru a ob\u021bine un proces de \u00eenc\u0103lzire constant \u0219i optim. Deoarece exist\u0103 calit\u0103\u021bi diferite de combustibil, este esen\u021bial ca proprietarii de sobe \u0219i cazane s\u0103 aleag\u0103 combustibilul de calitate adecvat, care s\u0103 se potriveasc\u0103 cel mai bine instala\u021biilor lor. Peleti din lemn 6mm.<\/p>\n<p>Utilizarea pele\u021bilor pentru producerea c\u0103ldurii a r\u0103mas un sector puternic \u00een UE. Utilizarea pele\u021bilor pentru produc\u021bia de energie electric\u0103. Peleti din lemn 6mm<\/p>\n<p>De la \u00eenc\u0103lzire la a\u0219ternut pentru cai: Pelete ENplus A1 utilizeaz\u0103:<br \/>\nUn produs mic \u0219i compact care face fa\u021b\u0103 unor provoc\u0103ri mari, peletele noastre sunt o adev\u0103rat\u0103 for\u021b\u0103 a naturii. \u00cen ceea ce prive\u0219te \u00een\u0103l\u021bimea unui dop de sticl\u0103, acestea sunt o surs\u0103 de \u00eenc\u0103lzire bogat\u0103 \u00een cenu\u0219\u0103, cu umiditate redus\u0103 \u0219i cu umiditate curat\u0103 pentru \u00eenc\u0103lzitoare de peleti \u0219i cazane \u00een aplica\u021bii de \u00eenc\u0103lzire industrial\u0103 reziden\u021bial\u0103, comercial\u0103 \u0219i pe scar\u0103 larg\u0103. Peleti din lemn 6mm<\/p>\n<p>Pele\u021bii no\u0219tri de lemn de 6 mm fac, de asemenea, o alegere natural\u0103 \u0219i confortabil\u0103 pentru a\u0219ternutul ecvin. Acestea sunt foarte absorbante, taie drastic timpul de eliminare, reduc consumul de pat \u0219i sunt u\u0219or de depozitat \u0219i transportat. Peleti din lemn 6mm<\/p>\n<p><strong>Depozitarea peletelor din lemn 6mm<\/strong>:<br \/>\nPentru cea mai bun\u0103 longevitate, peletele de lemn trebuie depozitate \u00een interior. Loca\u021biile umede pot necesita un dezumidificator. C\u00e2nd sunt depozitate \u00een mod corespunz\u0103tor, peletele pot avea un termen de valabilitate de peste doi ani, dar \u00een mod ideal sunt utilizate \u00eentr-o perioad\u0103 de \u0219ase luni. \u00cen Europa Pellets suntem \u00een stare s\u0103 depozit\u0103m pele\u021bi afar\u0103 datorit\u0103 ratei noastre de rulaj ridicate, astfel \u00eenc\u00e2t nici o ton\u0103 de pelete nu este afar\u0103 mai mult de o lun\u0103 sau dou\u0103. Peleti din lemn 6mm<\/p>\n<p>Apa va distruge peletele de lemn. Pungile din lemn de pelete nu sunt impermeabile. Fiecare geant\u0103 con\u021bine mici g\u0103uri de p\u0103r pentru a permite pele\u021bilor s\u0103 respire. Ave\u021bi grij\u0103 special\u0103 pentru a preveni absorb\u021bia apei. Peleti din lemn 6mm.<\/p>\n<p>Peletele din lemn ENplus A1 de palet vor fi acoperite cu o pung\u0103 \/ glug\u0103 rezistent\u0103 la UV, care este eficient\u0103 p\u00e2n\u0103 la 12 luni. Nu \u00eendep\u0103rta\u021bi punga \/ hota p\u00e2n\u0103 c\u00e2nd nu vor fi utilizate peletele. Peleti din lemn 6mm.<\/p>\n<p>Acceptarea accept\u0103rii \u0219i depozit\u0103rii materiilor prime:<\/p>\n<p>Produsul se efectueaz\u0103 pe teritoriul plantei.<\/p>\n<p>Locul de acceptare a materiilor prime este realizat din pl\u0103ci de beton.<\/p>\n<p>Alimentatorul feroviar vine pe site, care poate fi utilizat pentru livrarea materiei prime. Sunt disponibile \u0219i c\u0103i de acces pentru camioane.<\/p>\n<p>Locul de depozitare a materiilor prime const\u0103 din zona de depozitare \u0219i zona de aprovizionare imediat\u0103 a materiei prime pentru prelucrare.<\/p>\n<p>Desc\u0103rcarea transportului este executat\u0103 de un \u00eenc\u0103rc\u0103tor de lemne pe baza excavatorului LIEBHERR A 924 \u0412.<\/p>\n<p>Desc\u0103rcarea se execut\u0103 \u00een zonele de depozitare sau direct \u00een zona de lucru a aprovizion\u0103rii cu lemn p\u00e2n\u0103 la prelucrare.<\/p>\n<p>Calitatea \u0219i acceptarea cantit\u0103\u021bii lemnului se efectueaz\u0103 la fa\u021ba locului, \u00eempreun\u0103 cu controlul radiologic.<\/p>\n<p>Combustibilii pentru pelete (sau pelete) sunt biocombustibili fabrica\u021bi din materie organic\u0103 comprimat\u0103 sau biomas\u0103. Peletele pot fi fabricate din oricare dintre cele cinci categorii generale de biomas\u0103: de\u0219euri industriale \u0219i coproduse, de\u0219euri alimentare, reziduuri agricole, culturi energetice \u0219i cherestea virgin\u0103.<\/p>\n<p>Peletele de lemn sunt cel mai frecvent tip de combustibil pentru pelete \u0219i sunt fabricate \u00een general din rumegu\u0219 compactat \u0219i de\u0219euri industriale aferente provenite de la frezarea cherestelei, fabric\u0103rii produselor din lemn \u0219i mobilier \u0219i construc\u021bii. Alte surse industriale de de\u0219euri includ buchete goale de fructe, coji de miez de palmier, coji de nuc\u0103 de cocos \u0219i v\u00e2rfuri de copaci \u0219i ramuri aruncate \u00een timpul opera\u021biunilor de t\u0103iere. A\u0219a-numitele \u201epelete negre\u201d sunt realizate din biomas\u0103, rafinate pentru a sem\u0103na cu c\u0103rbunele tare \u0219i au fost dezvoltate pentru a fi utilizate \u00een centralele electrice existente pe baz\u0103 de c\u0103rbune. Peleti din lemn 6mm<\/p>\n<p>Peletele sunt clasificate \u00een func\u021bie de valoarea lor de \u00eenc\u0103lzire, umiditatea \u0219i con\u021binutul de cenu\u0219\u0103 \u0219i dimensiunile. Pot fi folosi\u021bi ca combustibili pentru generarea de energie electric\u0103, \u00eenc\u0103lzire comercial\u0103 sau reziden\u021bial\u0103 \u0219i g\u0103tit. Peletele sunt extrem de dense \u0219i pot fi produse cu un con\u021binut sc\u0103zut de umiditate (sub 10%) care le permite s\u0103 fie arse cu un randament de combustie foarte ridicat. Peleti din lemn 6mm<\/p>\n<p>Toate echipamentele europene de \u00eenc\u0103lzire sunt furnizate cu fi\u0219e tehnice care indic\u0103 parametrii biocombustibilului pentru a ob\u021bine cea mai mare eficien\u021b\u0103 posibil\u0103 \u0219i o func\u021bionare eficient\u0103. Exist\u0103 adesea cazuri \u00een care cauza defec\u021biunii cazanelor de pele\u021bi a fost furnizorul de combustibil pentru pele\u021bi de calitate slab\u0103. De aceea, consumatorii acord\u0103 o aten\u021bie deosebit\u0103 calit\u0103\u021bii peletelor de lemn. Peleti din lemn 6mm<\/p>\n<p>Compania se aplic\u0103 materiilor prime ecologice pentru produc\u021bia de pelete, furnizate \u00een cadrul contractelor cu silvicultura de stat din Ucraina. Acest lucru ne ofer\u0103 posibilitatea nu numai s\u0103 garant\u0103m stabilitatea indicatorilor de calitate, ci \u0219i s\u0103 oferim garan\u021bii privind stabilitatea volumelor de produse livrate. Acest tip de cooperare predetermin\u0103 \u00eendeplinirea necondi\u021bionat\u0103 a obliga\u021biilor noastre fa\u021b\u0103 de contrapartide.<\/p>\n<p>Fiecare lot eliberat de pelete de lemn corespunde condi\u021biilor tehnice special dezvoltate \u0219i aprobate, ceea ce face ca peletele noastre s\u0103 fie competitive at\u00e2t pe pia\u021ba intern\u0103, c\u00e2t \u0219i pe pia\u021ba extern\u0103. Con\u021binutul de cenu\u0219\u0103 al peletelor noastre este \u00een limita a 1%, ceea ce permite utilizarea acestora pentru \u00eenc\u0103lzirea caselor private. Peleti din lemn 6mm<\/p>\n<p>Diametru 6 mm;<br \/>\nCon\u021binut de cenu\u0219\u0103 de p\u00e2n\u0103 la 1%;<br \/>\nUmiditate de p\u00e2n\u0103 la 9%;<br \/>\nDensitate \u00een vrac 630 kg \/ m3;<br \/>\nAbraziune \u2013 p\u00e2n\u0103 la 3%;<br \/>\nCon\u021binut caloric: 4600 kcal \/ kg.<br \/>\nTehnici de produc\u021bie:<\/p>\n<p>Materia prim\u0103 intr\u0103 \u00een concasor, care este redus\u0103 la starea de f\u0103in\u0103. Masa rezultat\u0103 este alimentat\u0103 \u00een usc\u0103tor de la acesta \u2013 \u00eentr-o pres\u0103 de pelete \u00een care o past\u0103 de f\u0103in\u0103 de lemn comprimat\u0103. Compresia \u00een timpul pres\u0103rii cre\u0219te temperatura materialului, lignina, con\u021binut\u0103 \u00een particulele de lemn se \u00eenmoaie \u0219i se lipesc \u00eempreun\u0103 \u00eentr-un cilindru str\u00e2ns. Pentru a produce o ton\u0103 de pelete este nevoie de aproximativ 2,3 -2,6 metri cubi de de\u0219euri de lemn, plus 0,6 metri cubi de rumegu\u0219 este ars pe ton\u0103 de produc\u021bie. Peleti din lemn 6mm<\/p>\n<p>Peletele finale sunt r\u0103cite, ambalate \u00een ambalaje diferite \u2013 de la ambalaje mici de 15 kg p\u00e2n\u0103 la saci mari (ambalaje industriale mari) cu o greutate de 1,1 tone \u2013 sau livrate consumatorului \u00een vrac.<br \/>\nUn aragaz cu pele\u021bi este un aragaz care arde lemn comprimat sau pelete de biomas\u0103 pentru a crea o surs\u0103 de c\u0103ldur\u0103 pentru spa\u021biile reziden\u021biale \u0219i, uneori, industriale. Prin alimentarea constant\u0103 a combustibilului dintr-un recipient de depozitare (bunc\u0103r) \u00eentr-o zon\u0103 a vasului de ardere, acesta produce o flac\u0103r\u0103 constant\u0103 care necesit\u0103 ajust\u0103ri fizice pu\u021bin sau deloc. Peleti din lemn 6mm<\/p>\n<p>Eficien\u021ba unei sobe cu pele\u021bi poate fi de p\u00e2n\u0103 la 90% sau mai mult. \u2026 Aceasta este mai mult dec\u00e2t o sob\u0103 clasic\u0103 pe lemne, cu o eficien\u021b\u0103 de numai 40 p\u00e2n\u0103 la 50% (60 p\u00e2n\u0103 la 80% pentru sobele recente cu eficien\u021b\u0103 ridicat\u0103) \u0219i mult mai mult dec\u00e2t un foc deschis, cu o eficien\u021b\u0103 de 5 p\u00e2n\u0103 la 15 %. Peleti din lemn 6mm<\/p>\n<p>Sobele de pelete pot arde numai pelete de lemn (a\u0219a cum a men\u021bionat Jodi) sau biocombustibili, cum ar fi porumbul uscat (\u00een func\u021bie de modelul real). Nu ar fi \u00een\u021belept s\u0103 \u00eencerca\u021bi s\u0103 arde\u021bi bu\u0219teni sau be\u021bi\u0219oare \u00een interiorul unei sobe de pele\u021bi, din cauza modului \u00een care func\u021bioneaz\u0103 efectiv o soba de pele\u021bi. Peleti din lemn 6mm<\/p>\n","protected":false},"excerpt":{"rendered":"<p>Peleti EN1 de calitate A1<br \/>\nDiametru: 6mm-8mm<br \/>\nCon\u021binut sc\u0103zut de praf &lt;1%<br \/>\nTemperatur\u0103 ridicat\u0103 de topire a cenu\u0219ii&gt; 1200 \u00b0 C<br \/>\nFabricat din cele mai bune p\u0103dure virgine<\/p>\n","protected":false},"featured_media":67,"comment_status":"open","ping_status":"closed","template":"","meta":{"_et_pb_use_builder":"","_et_pb_old_content":"","_et_gb_content_width":""},"product_brand":[],"product_cat":[21],"product_tag":[],"class_list":{"0":"post-66","1":"product","2":"type-product","3":"status-publish","4":"has-post-thumbnail","6":"product_cat-wood-pellets","8":"first","9":"instock","10":"shipping-taxable","11":"product-type-simple"},"_links":{"self":[{"href":"https:\/\/greenheatscinawaspolka.com\/index.php\/wp-json\/wp\/v2\/product\/66","targetHints":{"allow":["GET"]}}],"collection":[{"href":"https:\/\/greenheatscinawaspolka.com\/index.php\/wp-json\/wp\/v2\/product"}],"about":[{"href":"https:\/\/greenheatscinawaspolka.com\/index.php\/wp-json\/wp\/v2\/types\/product"}],"replies":[{"embeddable":true,"href":"https:\/\/greenheatscinawaspolka.com\/index.php\/wp-json\/wp\/v2\/comments?post=66"}],"wp:featuredmedia":[{"embeddable":true,"href":"https:\/\/greenheatscinawaspolka.com\/index.php\/wp-json\/wp\/v2\/media\/67"}],"wp:attachment":[{"href":"https:\/\/greenheatscinawaspolka.com\/index.php\/wp-json\/wp\/v2\/media?parent=66"}],"wp:term":[{"taxonomy":"product_brand","embeddable":true,"href":"https:\/\/greenheatscinawaspolka.com\/index.php\/wp-json\/wp\/v2\/product_brand?post=66"},{"taxonomy":"product_cat","embeddable":true,"href":"https:\/\/greenheatscinawaspolka.com\/index.php\/wp-json\/wp\/v2\/product_cat?post=66"},{"taxonomy":"product_tag","embeddable":true,"href":"https:\/\/greenheatscinawaspolka.com\/index.php\/wp-json\/wp\/v2\/product_tag?post=66"}],"curies":[{"name":"wp","href":"https:\/\/api.w.org\/{rel}","templated":true}]}}