{"id":72,"date":"2026-04-26T10:05:13","date_gmt":"2026-04-26T10:05:13","guid":{"rendered":"https:\/\/greenheatscinawaspolka.com\/?post_type=product&#038;p=72"},"modified":"2026-04-26T10:05:13","modified_gmt":"2026-04-26T10:05:13","slug":"pelety-drewniane-6-mm","status":"publish","type":"product","link":"https:\/\/greenheatscinawaspolka.com\/index.php\/product\/pelety-drewniane-6-mm\/","title":{"rendered":"Pelety Drewniane 6 mm"},"content":{"rendered":"<p><strong>Opis granulatu drzewnego 6 mm<\/strong>:<br \/>\nPelety drewniane 6 mm to wygodny, ekonomiczny i wydajny spos\u00f3b na ogrzewanie domu lub firmy za pomoc\u0105 paliw domowych i pozyskiwanych z zewn\u0105trz. Pelety Drewniane 6 mm.\u00a0<a href=\"https:\/\/en.wikipedia.org\/wiki\/Pellet_fuel\">https:\/\/en.wikipedia.org\/wiki\/Pellet_fuel<\/a><\/p>\n<p>Pelety drewniane klasy A1<br \/>\n\u015arednica: 6 mm-8 mm<br \/>\nNiska zawarto\u015b\u0107 py\u0142u &lt;1%<br \/>\nWysoka temperatura topnienia popio\u0142u&gt; 1200 \u00b0 C<br \/>\nWykonane z najlepszych dziewiczych las\u00f3w<\/p>\n<p><strong>Pelety li\u015bciaste z drewna iglastego 6 mm<\/strong>:<br \/>\nli\u015bciaste, takie jak klon, d\u0105b, brzoza i jesion. Wszyscy wiemy, \u017ce umieszczanie drewna mi\u0119kkiego, takiego jak sosna, jod\u0142a i \u015bwierk.<\/p>\n<p><strong>Zu\u017cycie granulatu drzewnego w Europie<\/strong>:<br \/>\nWi\u0119kszo\u015b\u0107 zu\u017cycia przypada\u0142a na produkcj\u0119 ciep\u0142a, co stanowi 61,8%. Zu\u017cycie peletu na ciep\u0142o mo\u017cna dalej podzieli\u0107 na trzy rynki \u2013 ogrzewanie dom\u00f3w (69%), ogrzewanie komercyjne (19%) i ciep\u0142o wytwarzane z CHP (12%). Pozosta\u0142e 38,2% pelletu drzewnego wykorzystano do produkcji energii. Nale\u017cy zauwa\u017cy\u0107, \u017ce technologie wytwarzania energii z granulatu na ciep\u0142o, energi\u0119 elektryczn\u0105 lub oba s\u0105 dojrza\u0142e, oferuj\u0105c wydajne i niezawodne procesy.<\/p>\n<p><strong>Zalety granulatu drzewnego 6 mm<\/strong>:<br \/>\nJe\u015bli chcesz uzyska\u0107 niezawodne \u017ar\u00f3d\u0142o ciep\u0142a, zaoszcz\u0119dzi\u0107 pieni\u0105dze i pom\u00f3c chroni\u0107 \u015brodowisko, pelety drzewne z biomasy 6 mm to \u015bwietny wyb\u00f3r. Kiedy granulki p\u0142on\u0105, uwalniaj\u0105 tak\u0105 sam\u0105 ilo\u015b\u0107 dwutlenku w\u0119gla, jak\u0105 biomasa drzewna absorbuje podczas wzrostu, dzi\u0119ki czemu s\u0105 neutralne pod wzgl\u0119dem emisji dwutlenku w\u0119gla.<\/p>\n<p>Doskona\u0142a jako\u015b\u0107 granulatu jest niezb\u0119dna do osi\u0105gni\u0119cia sta\u0142ego i optymalnego procesu ogrzewania. Poniewa\u017c istniej\u0105 r\u00f3\u017cne jako\u015bci paliw, w\u0142a\u015bciciele piec\u00f3w i kot\u0142\u00f3w musz\u0105 koniecznie wybra\u0107 paliwo odpowiedniej jako\u015bci, kt\u00f3re najlepiej pasuje do ich instalacji.<\/p>\n<p>Wykorzystanie pelletu do produkcji ciep\u0142a pozosta\u0142o silnym sektorem w UE. Wykorzystanie pelletu do produkcji energii elektrycznej. Pelety Drewniane 6 mm.<\/p>\n<p>Od ogrzewania po \u015bci\u00f3\u0142k\u0119 dla koni: Pelety drewniane A1 wykorzystuje:<br \/>\nNasz niewielki i kompaktowy produkt, kt\u00f3ry radzi sobie z du\u017cymi wyzwaniami, nasze pelety s\u0105 prawdziw\u0105 si\u0142\u0105 natury. Oko\u0142o wysoko\u015bci butelki z korka, s\u0105 one bogatym w energi\u0119, niskopopio\u0142owym, o niskiej wilgotno\u015bci i czysto pal\u0105cym si\u0119 \u017ar\u00f3d\u0142em ogrzewania do grzejnik\u00f3w na pelety drzewne i kot\u0142\u00f3w w mieszkalnych, komercyjnych i przemys\u0142owych instalacjach grzewczych na du\u017c\u0105 skal\u0119. Pelety Drewniane 6 mm.<\/p>\n<p>Nasze granulki drzewne 6 mm stanowi\u0105 r\u00f3wnie\u017c naturalny i wygodny wyb\u00f3r \u015bci\u00f3\u0142ki dla koni. S\u0105 bardzo ch\u0142onne, drastycznie skracaj\u0105 czas usuwania, zmniejszaj\u0105 zu\u017cycie po\u015bcieli i s\u0105 \u0142atwe do przechowywania i transportu. Pelety Drewniane 6 mm.<\/p>\n<p><strong>Przechowywanie granulatu drzewnego 6 mm<\/strong>:<br \/>\nAby uzyska\u0107 najlepsz\u0105 trwa\u0142o\u015b\u0107, pelety drzewne nale\u017cy przechowywa\u0107 w pomieszczeniu. Wilgotne miejsca mog\u0105 wymaga\u0107 osuszacza. Przy prawid\u0142owym przechowywaniu pelety mog\u0105 mie\u0107 okres przydatno\u015bci do u\u017cycia ponad dwa lata, ale idealnie s\u0105 zu\u017cyte w ci\u0105gu sze\u015bciu miesi\u0119cy. W Europe Pellets jeste\u015bmy w stanie przechowywa\u0107 pellety na zewn\u0105trz ze wzgl\u0119du na nasz wysoki wska\u017anik obrotu, wi\u0119c \u017cadna tona pelletu nie jest na zewn\u0105trz przez ponad miesi\u0105c lub dwa. Pelety Drewniane 6 mm.<\/p>\n<p>Woda zniszczy pelety drzewne. Torby na pelety drzewne nie s\u0105 wodoodporne. Ka\u017cda torba zawiera ma\u0142e otwory na w\u0142osy, kt\u00f3re umo\u017cliwiaj\u0105 oddychanie granulkom. Zachowaj szczeg\u00f3ln\u0105 ostro\u017cno\u015b\u0107, aby zapobiec absorpcji wody.<\/p>\n<p>Pelety drewniane A1 na palecie b\u0119d\u0105 pokryte odporn\u0105 na promieniowanie UV torb\u0105 \/ kapturem, kt\u00f3ra dzia\u0142a nawet przez 12 miesi\u0119cy. Nie zdejmuj torby \/ kaptura, dop\u00f3ki nie zostan\u0105 u\u017cyte pelety. Pelety Drewniane 6 mm.<\/p>\n<p>Odbi\u00f3r surowca i magazynowanie:<\/p>\n<p>Produkt jest wykonywany na terenie zak\u0142adu.<\/p>\n<p>Miejsce odbioru surowca wykonane jest z p\u0142yt betonowych.<\/p>\n<p>Na miejsce przyje\u017cd\u017ca podajnik kolejowy, kt\u00f3ry mo\u017ce s\u0142u\u017cy\u0107 do dostawy surowca. Dost\u0119pne s\u0105 r\u00f3wnie\u017c trasy dojazdu dla ci\u0119\u017car\u00f3wek.<\/p>\n<p>Sk\u0142ad surowca sk\u0142ada si\u0119 z powierzchni magazynowej oraz strefy surowca dostarczanego bezpo\u015brednio do przetw\u00f3rstwa.<\/p>\n<p>Roz\u0142adunek transportu odbywa si\u0119 za pomoc\u0105 \u0142adowarki do drewna na bazie koparki LIEBHERR A 924 \u0412.<\/p>\n<p>Roz\u0142adunek przebiega w strefach magazynowych lub bezpo\u015brednio do obszaru roboczego dostarczania drewna do obr\u00f3bki.<\/p>\n<p>Odbi\u00f3r jako\u015bci i ilo\u015bci drewna odbywa si\u0119 na miejscu wraz z kontrol\u0105 radiologiczn\u0105.<\/p>\n<p>Paliwa w postaci pelet\u00f3w (lub pelet\u00f3w) to biopaliwa wytwarzane ze spr\u0119\u017conej materii organicznej lub biomasy. Pellety mo\u017cna wytwarza\u0107 z dowolnej z pi\u0119ciu og\u00f3lnych kategorii biomasy: odpady przemys\u0142owe i produkty uboczne, odpady \u017cywno\u015bciowe, pozosta\u0142o\u015bci rolne, ro\u015bliny energetyczne i drewno dziewicze. Pelety Drewniane 6 mm<\/p>\n<p>Pelety drzewne s\u0105 najpowszechniejszym rodzajem pelet\u00f3w i generalnie s\u0105 wytwarzane z zag\u0119szczonych trocin i powi\u0105zanych odpad\u00f3w przemys\u0142owych z przemia\u0142u drewna, produkcji wyrob\u00f3w drzewnych i mebli oraz budownictwa. Inne \u017ar\u00f3d\u0142a odpad\u00f3w przemys\u0142owych obejmuj\u0105 puste ki\u015bcie owoc\u00f3w, \u0142upiny ziaren palm, \u0142upiny orzecha kokosowego oraz wierzcho\u0142ki drzew i ga\u0142\u0119zie wyrzucane podczas operacji pozyskiwania drewna. Tak zwane \u201eczarne pelety\u201d s\u0105 wytwarzane z biomasy, uszlachetniane na wz\u00f3r w\u0119gla kamiennego i zosta\u0142y opracowane z my\u015bl\u0105 o zastosowaniu w istniej\u0105cych elektrowniach w\u0119glowych.<\/p>\n<p>Pellety s\u0105 podzielone na kategorie wed\u0142ug warto\u015bci opa\u0142owej, zawarto\u015bci wilgoci i popio\u0142u oraz wymiar\u00f3w. Mog\u0105 by\u0107 wykorzystywane jako paliwo do wytwarzania energii, ogrzewania komercyjnego lub mieszkalnego oraz do gotowania. Pellety s\u0105 wyj\u0105tkowo g\u0119ste i mog\u0105 by\u0107 wytwarzane przy niskiej zawarto\u015bci wilgoci (poni\u017cej 10%), co pozwala na ich spalanie z bardzo wysok\u0105 sprawno\u015bci\u0105 spalania. Pelety Drewniane 6 mm<\/p>\n<p>Wszystkie europejskie urz\u0105dzenia grzewcze s\u0105 dostarczane z kartami technicznymi wskazuj\u0105cymi parametry biopaliwa w celu uzyskania jak najwy\u017cszej wydajno\u015bci i wydajnej pracy. Cz\u0119sto zdarzaj\u0105 si\u0119 przypadki, gdy przyczyn\u0105 awarii kot\u0142\u00f3w na pellet by\u0142 dostawca z\u0142ej jako\u015bci paliwa na pellety. Dlatego konsumenci przyk\u0142adaj\u0105 du\u017c\u0105 wag\u0119 do jako\u015bci pelletu drzewnego.<\/p>\n<p>Firma korzysta z przyjaznych dla \u015brodowiska surowc\u00f3w do produkcji pelletu, dostarczanych w ramach kontrakt\u00f3w z le\u015bnictwem pa\u0144stwowym Ukrainy. Daje nam to mo\u017cliwo\u015b\u0107 nie tylko zagwarantowania stabilno\u015bci wska\u017anik\u00f3w jako\u015bciowych, ale tak\u017ce zagwarantowania stabilno\u015bci ilo\u015bci dostarczanych produkt\u00f3w. Ten rodzaj wsp\u00f3\u0142pracy determinuje bezwarunkowe wype\u0142nianie naszych zobowi\u0105za\u0144 wobec kontrahent\u00f3w. Pelety Drewniane 6 mm<\/p>\n<p>Ka\u017cda wydana partia naszego pelletu drzewnego odpowiada specjalnie opracowanym i zatwierdzonym warunkom technicznym, co sprawia, \u017ce \u200b\u200bnasze pellety s\u0105 konkurencyjne zar\u00f3wno na rynku krajowym, jak i zagranicznym. Zawarto\u015b\u0107 popio\u0142u w naszych pelletach mie\u015bci si\u0119 w granicach 1%, co pozwala na wykorzystanie ich do ogrzewania dom\u00f3w prywatnych.<\/p>\n<p>\u015arednica 6 mm;<br \/>\nZawarto\u015b\u0107 popio\u0142u do 1%;<br \/>\nWilgotno\u015b\u0107 do 9%;<br \/>\nG\u0119sto\u015b\u0107 nasypowa 630 kg \/ m3;<br \/>\n\u015acieranie \u2013 do 3%;<br \/>\nKaloryczno\u015b\u0107: 4600 kcal \/ kg.<br \/>\nTechniki produkcji:<\/p>\n<p>Surowiec trafia do kruszarki, kt\u00f3ra zostaje zredukowana do stanu m\u0105ki. Powsta\u0142a masa jest podawana z niej do suszarni \u2013 w prasie do peletek, w kt\u00f3rej prasowany jest granulat m\u0105czki drzewnej. \u015aciskanie podczas prasowania podnosi temperatur\u0119 materia\u0142u, lignina zawarta w kawa\u0142kach drewna mi\u0119knie i skleja si\u0119 w ciasny walec. Do wyprodukowania jednej tony pelletu potrzeba oko\u0142o 2,3-2,6 metr\u00f3w sze\u015bciennych odpad\u00f3w drzewnych, a na ton\u0119 produkcji spala si\u0119 dodatkowo 0,6 metra sze\u015bciennego trocin. Pelety Drewniane 6 mm<\/p>\n<p>Gotowy pellet jest sch\u0142adzany, pakowany w r\u00f3\u017cne opakowania \u2013 od ma\u0142ych paczek 15 kg po big-bagi (du\u017ce opakowania przemys\u0142owe) o wadze 1,1 tony \u2013 lub dostarczane do konsumenta luzem.<br \/>\nPiec na pellet to piec, kt\u00f3ry spala sprasowane drewno lub pelety z biomasy, tworz\u0105c \u017ar\u00f3d\u0142o ciep\u0142a dla pomieszcze\u0144 mieszkalnych, a czasem przemys\u0142owych. Poprzez ci\u0105g\u0142e podawanie paliwa ze zbiornika magazynowego (leja zasypowego) do obszaru paleniska, wytwarza sta\u0142y p\u0142omie\u0144, kt\u00f3ry nie wymaga \u017cadnych fizycznych regulacji. Pelety Drewniane 6 mm<\/p>\n<p>Wydajno\u015b\u0107 pieca na pellety mo\u017ce si\u0119ga\u0107 90% lub wi\u0119cej. \u2026 To wi\u0119cej ni\u017c klasyczny piec opalany drewnem o wydajno\u015bci zaledwie 40 do 50% (60 do 80% w przypadku najnowszych piec\u00f3w o wysokiej wydajno\u015bci) i znacznie wi\u0119cej ni\u017c otwarty ogie\u0144 o sprawno\u015bci od 5 do 15 %.<\/p>\n<p>Piece na pellety mog\u0105 spala\u0107 tylko pellety drzewne (jak wspomnia\u0142a Jodi) lub biopaliwa, takie jak suszona kukurydza (w zale\u017cno\u015bci od rzeczywistego modelu). Nie by\u0142oby m\u0105drze pr\u00f3bowa\u0107 spala\u0107 polana lub patyki wewn\u0105trz pieca na pellety, ze wzgl\u0119du na to, jak faktycznie dzia\u0142a piec na pellety. Pelety Drewniane 6 mm<\/p>\n","protected":false},"excerpt":{"rendered":"<p>Pelety drewniane klasy A1<br \/>\n\u015arednica: 6 mm-8 mm<br \/>\nNiska zawarto\u015b\u0107 py\u0142u &lt;1%<br \/>\nWysoka temperatura topnienia popio\u0142u&gt; 1200 \u00b0 C<br \/>\nWykonane z najlepszych dziewiczych las\u00f3w<\/p>\n","protected":false},"featured_media":73,"comment_status":"open","ping_status":"closed","template":"","meta":{"_et_pb_use_builder":"","_et_pb_old_content":"","_et_gb_content_width":""},"product_brand":[],"product_cat":[21],"product_tag":[],"class_list":{"0":"post-72","1":"product","2":"type-product","3":"status-publish","4":"has-post-thumbnail","6":"product_cat-wood-pellets","8":"first","9":"instock","10":"shipping-taxable","11":"product-type-simple"},"_links":{"self":[{"href":"https:\/\/greenheatscinawaspolka.com\/index.php\/wp-json\/wp\/v2\/product\/72","targetHints":{"allow":["GET"]}}],"collection":[{"href":"https:\/\/greenheatscinawaspolka.com\/index.php\/wp-json\/wp\/v2\/product"}],"about":[{"href":"https:\/\/greenheatscinawaspolka.com\/index.php\/wp-json\/wp\/v2\/types\/product"}],"replies":[{"embeddable":true,"href":"https:\/\/greenheatscinawaspolka.com\/index.php\/wp-json\/wp\/v2\/comments?post=72"}],"wp:featuredmedia":[{"embeddable":true,"href":"https:\/\/greenheatscinawaspolka.com\/index.php\/wp-json\/wp\/v2\/media\/73"}],"wp:attachment":[{"href":"https:\/\/greenheatscinawaspolka.com\/index.php\/wp-json\/wp\/v2\/media?parent=72"}],"wp:term":[{"taxonomy":"product_brand","embeddable":true,"href":"https:\/\/greenheatscinawaspolka.com\/index.php\/wp-json\/wp\/v2\/product_brand?post=72"},{"taxonomy":"product_cat","embeddable":true,"href":"https:\/\/greenheatscinawaspolka.com\/index.php\/wp-json\/wp\/v2\/product_cat?post=72"},{"taxonomy":"product_tag","embeddable":true,"href":"https:\/\/greenheatscinawaspolka.com\/index.php\/wp-json\/wp\/v2\/product_tag?post=72"}],"curies":[{"name":"wp","href":"https:\/\/api.w.org\/{rel}","templated":true}]}}