{"id":79,"date":"2026-04-26T10:13:28","date_gmt":"2026-04-26T10:13:28","guid":{"rendered":"https:\/\/greenheatscinawaspolka.com\/?post_type=product&#038;p=79"},"modified":"2026-04-26T10:13:28","modified_gmt":"2026-04-26T10:13:28","slug":"pellets-de-madeira","status":"publish","type":"product","link":"https:\/\/greenheatscinawaspolka.com\/index.php\/product\/pellets-de-madeira\/","title":{"rendered":"Pellets de madeira"},"content":{"rendered":"<p>Os pellets de madeira de 6 mm s\u00e3o uma maneira conveniente, econ\u00f4mica e eficiente de aquecer uma casa ou empresa com combust\u00edveis nacionais e de origem.\u00a0<a href=\"https:\/\/en.wikipedia.org\/wiki\/Pellet_fuel\">https:\/\/en.wikipedia.org\/wiki\/Pellet_fuel<\/a><\/p>\n<p>Gr\u00e2nulos de madeira de grau A1<br \/>\nDi\u00e2metro: 6mm-8mm<br \/>\nBaixo teor de poeira &lt;1%<br \/>\nAlta temperatura de fus\u00e3o de cinzas&gt; 1200 \u00b0 C<br \/>\nFeito das melhores madeiras virgens<\/p>\n<p><strong>Madeira dura contra pellets de madeira macia 6mm<\/strong>:<br \/>\nmadeiras como o bordo, carvalho, b\u00e9tula e cinzas. E todos sabemos que colocar madeiras macias como pinheiro, abeto e abeto.<\/p>\n<p><strong>Consumo europeu de aglomerados de madeira<\/strong>:<br \/>\nA maior parte do consumo foi destinada \u00e0 produ\u00e7\u00e3o de calor, representando 61,8%. O consumo de pellets para aquecimento pode ser dividido em tr\u00eas mercados \u2013 aquecimento residencial (69%), aquecimento comercial (19%) e calor gerado a partir de CHP (12%). Os 38,2% restantes de pellets de madeira foram utilizados na produ\u00e7\u00e3o de energia. Deve-se notar que as tecnologias para produzir energia a partir de pellets para aquecimento, eletricidade ou ambos, s\u00e3o maduras, oferecendo processos eficientes e confi\u00e1veis.<br \/>\nSe voc\u00ea deseja obter uma fonte confi\u00e1vel de calor, economize dinheiro e ajude a proteger o meio ambiente, os aglomerados de madeira de biomassa 6mm s\u00e3o uma \u00f3tima escolha. Quando os pellets queimam, eles liberam a mesma quantidade de di\u00f3xido de carbono que a biomassa da madeira absorve durante o seu crescimento, tornando-os neutros em carbono.<\/p>\n<p>A excelente qualidade do pellet \u00e9 essencial para se obter um processo de aquecimento constante e ideal. Como existem diferentes qualidades de combust\u00edvel, \u00e9 essencial que os propriet\u00e1rios de fog\u00f5es e caldeiras escolham o combust\u00edvel de qualidade certa que melhor se adapte \u00e0s suas instala\u00e7\u00f5es.<\/p>\n<p>A utiliza\u00e7\u00e3o de pellets na produ\u00e7\u00e3o de calor permaneceu um setor forte na UE. O uso de pelotas para produ\u00e7\u00e3o de eletricidade.<\/p>\n<p><strong>Do aquecimento \u00e0 cama de cavalo: Pellets A1 usa<\/strong>:<br \/>\nUm produto pequeno e compacto que enfrenta alguns grandes desafios, nossos pellets s\u00e3o uma verdadeira for\u00e7a da natureza. Mais ou menos da altura de uma rolha de garrafa, s\u00e3o uma fonte de aquecimento rica em energia, com baixas cinzas, baixa umidade e queima limpa para aquecedores e caldeiras de pellets de madeira em aplica\u00e7\u00f5es residenciais, comerciais e em larga escala de aquecimento industrial.<\/p>\n<p>Nossas pelotas de madeira de 6 mm tamb\u00e9m s\u00e3o uma escolha natural e confort\u00e1vel para roupas de cama de cavalo. Eles s\u00e3o altamente absorventes, reduzem drasticamente o tempo de remo\u00e7\u00e3o, reduzem o consumo de roupas de cama e s\u00e3o f\u00e1ceis de armazenar e transportar.<\/p>\n<p><strong>Armazenamento<\/strong>:<br \/>\nPara melhor longevidade, os pellets de madeira devem ser armazenados em ambientes fechados. Locais \u00famidos podem exigir um desumidificador. Quando armazenadas adequadamente, os pellets podem ter um prazo de validade de mais de dois anos, mas, idealmente, s\u00e3o usados \u200b\u200bem um per\u00edodo de seis meses. Na Europa Pellets, podemos armazenar pellets fora por causa de nossa alta taxa de rotatividade, portanto, nenhuma tonelada de pellets fica fora por mais de um m\u00eas ou dois.<\/p>\n<p>A \u00e1gua destruir\u00e1 pellets de madeira. Os sacos de pellets de madeira n\u00e3o s\u00e3o \u00e0 prova d\u2019\u00e1gua. Cada saco cont\u00e9m pequenos orif\u00edcios para o cabelo para permitir a respira\u00e7\u00e3o dos pellets. Tome especial cuidado para evitar a absor\u00e7\u00e3o de \u00e1gua.<\/p>\n<p>Os pellets A1, fornecidos pelo palete, ser\u00e3o cobertos com um saco \/ capuz resistente a UV, que \u00e9 eficaz por at\u00e9 12 meses. N\u00e3o remova o saco \/ capuz at\u00e9 que os pellets sejam usados<\/p>\n<p>A aceita\u00e7\u00e3o da aceita\u00e7\u00e3o da mat\u00e9ria-prima e armazenamento:<\/p>\n<p>O produto \u00e9 realizado no territ\u00f3rio da f\u00e1brica.<\/p>\n<p>O local de aceita\u00e7\u00e3o da mat\u00e9ria-prima \u00e9 feito de lajes de concreto.<\/p>\n<p>Chega ao local um alimentador ferrovi\u00e1rio que pode ser usado para entrega de mat\u00e9ria-prima. Rotas de acesso para caminh\u00f5es tamb\u00e9m est\u00e3o dispon\u00edveis.<\/p>\n<p>O local de armazenamento de mat\u00e9ria-prima consiste em \u00e1rea de armazenamento e \u00e1rea de fornecimento imediato de mat\u00e9ria-prima ao processamento.<\/p>\n<p>O descarregamento do transporte \u00e9 executado por um carregador de madeira na base da escavadeira LIEBHERR A 924 \u0412.<\/p>\n<p>O descarregamento \u00e9 executado em \u00e1reas de armazenamento ou diretamente para a \u00e1rea de trabalho de fornecimento de madeira para processamento.<\/p>\n<p>A aceita\u00e7\u00e3o da qualidade e quantidade da madeira \u00e9 feita in loco junto com o controle radiol\u00f3gico.<\/p>\n<p>Combust\u00edveis de pellets (ou pellets) s\u00e3o biocombust\u00edveis feitos de mat\u00e9ria org\u00e2nica comprimida ou biomassa. Os pellets podem ser feitos de qualquer uma das cinco categorias gerais de biomassa: res\u00edduos industriais e coprodutos, res\u00edduos alimentares, res\u00edduos agr\u00edcolas, culturas energ\u00e9ticas e madeira virgem.<\/p>\n<p>Os pellets de madeira s\u00e3o o tipo mais comum de pellet combust\u00edvel e geralmente s\u00e3o feitos de serragem compactada e res\u00edduos industriais relacionados da moagem de madeira serrada, fabrica\u00e7\u00e3o de produtos de madeira e m\u00f3veis e constru\u00e7\u00e3o. Outras fontes de res\u00edduos industriais incluem cachos de frutas vazios, cascas de palmiste, cascas de coco e copas de \u00e1rvores e galhos descartados durante as opera\u00e7\u00f5es de extra\u00e7\u00e3o. Os chamados \u201cpellets pretos\u201d s\u00e3o feitos de biomassa, refinados para se assemelhar ao carv\u00e3o e foram desenvolvidos para serem usados \u200b\u200bem usinas el\u00e9tricas a carv\u00e3o existentes.<\/p>\n<p>Os pellets s\u00e3o categorizados por seu valor de aquecimento, teor de umidade e cinzas e dimens\u00f5es. Eles podem ser usados \u200b\u200bcomo combust\u00edveis para gera\u00e7\u00e3o de energia, aquecimento comercial ou residencial e cozinha. Os pellets s\u00e3o extremamente densos e podem ser produzidos com baixo teor de umidade (abaixo de 10%), o que permite que sejam queimados com uma efici\u00eancia de combust\u00e3o muito elevada.<\/p>\n<p>Todo o equipamento de aquecimento europeu \u00e9 fornecido com fichas t\u00e9cnicas indicando os par\u00e2metros do biocombust\u00edvel para alcan\u00e7ar a maior efici\u00eancia e opera\u00e7\u00e3o eficiente poss\u00edveis. Frequentemente, h\u00e1 casos em que a causa da falha das caldeiras de pellets foi o fornecedor de combust\u00edvel de pellet de baixa qualidade. \u00c9 por isso que os consumidores prestam muita aten\u00e7\u00e3o \u00e0 qualidade dos pellets de madeira.<\/p>\n<p>A empresa aplica mat\u00e9rias-primas ecol\u00f3gicas para a produ\u00e7\u00e3o de pelotas, fornecidas sob contratos com a silvicultura estatal da Ucr\u00e2nia. Isso nos d\u00e1 a oportunidade n\u00e3o s\u00f3 de garantir a estabilidade dos indicadores de qualidade, mas tamb\u00e9m de dar garantias da estabilidade dos volumes de produtos entregues. Esse tipo de coopera\u00e7\u00e3o predetermina o cumprimento incondicional de nossas obriga\u00e7\u00f5es para com as contrapartes.<\/p>\n<p>Cada lote lan\u00e7ado de nossos pellets de madeira corresponde a condi\u00e7\u00f5es t\u00e9cnicas especialmente desenvolvidas e aprovadas que tornam nossos pellets competitivos nos mercados interno e externo. O teor de cinzas de nossos pellets est\u00e1 dentro de 1%, o que permite us\u00e1-los para aquecimento de casas particulares.<\/p>\n<p>Di\u00e2metro 6 mm;<br \/>\nConte\u00fado de cinzas at\u00e9 1%;<br \/>\nUmidade de at\u00e9 9%;<br \/>\nDensidade aparente 630 kg \/ m3;<br \/>\nAbras\u00e3o \u2013 at\u00e9 3%;<br \/>\nConte\u00fado cal\u00f3rico: 4600 kcal \/ kg.<br \/>\nT\u00e9cnicas de produ\u00e7\u00e3o:<\/p>\n<p>A mat\u00e9ria-prima entra na trituradora, que \u00e9 reduzida ao estado de farinha. A massa resultante \u00e9 alimentada no secador a partir dele \u2013 em uma prensa de pellets na qual uma madeira comprimida pellets de farinha. A compress\u00e3o durante a prensagem aumenta a temperatura do material, a lignina, contida nas part\u00edculas de madeira, amolece e gruda em um cilindro apertado. Para produzir uma tonelada de pellets s\u00e3o necess\u00e1rios cerca de 2,3-2,6 metros c\u00fabicos de res\u00edduos de madeira, mais 0,6 metros c\u00fabicos de serragem s\u00e3o queimados por tonelada de produ\u00e7\u00e3o.<\/p>\n<p>Os pellets finais s\u00e3o resfriados, acondicionados em diferentes embalagens \u2013 desde pequenas embalagens de 15 kg at\u00e9 big-bags (grandes embalagens industriais) de 1,1 tonelada \u2013 ou entregues ao consumidor a granel.<br \/>\nUm fog\u00e3o a pellets \u00e9 um fog\u00e3o que queima madeira comprimida ou pellets de biomassa para criar uma fonte de calor para espa\u00e7os residenciais e \u00e0s vezes industriais. Ao alimentar constantemente o combust\u00edvel de um recipiente de armazenamento (tremonha) em uma \u00e1rea de queima, ele produz uma chama constante que requer pouco ou nenhum ajuste f\u00edsico.<\/p>\n<p>A efici\u00eancia de um fog\u00e3o a pellets pode chegar a 90% ou mais. \u2026 Este \u00e9 mais do que um fog\u00e3o a lenha cl\u00e1ssico, com uma efici\u00eancia de apenas 40 a 50% (60 a 80% para fog\u00f5es de alta efici\u00eancia recentes) e muito mais que uma lareira, com uma efici\u00eancia de 5 a 15 %.<\/p>\n<p>Os fog\u00f5es a pellets s\u00f3 podem queimar pellets de madeira (como Jodi mencionou) ou biocombust\u00edveis como milho seco (dependendo do modelo real). N\u00e3o seria sensato tentar queimar lenha ou gravetos dentro de um fog\u00e3o a pellets, por causa de como um fog\u00e3o a pellets realmente funciona.<\/p>\n","protected":false},"excerpt":{"rendered":"<p>Gr\u00e2nulos de madeira de grau A1<br \/>\nDi\u00e2metro: 6mm-8mm<br \/>\nBaixo teor de poeira &lt;1%<br \/>\nAlta temperatura de fus\u00e3o de cinzas&gt; 1200 \u00b0 C<br \/>\nFeito das melhores madeiras virgens<\/p>\n","protected":false},"featured_media":80,"comment_status":"open","ping_status":"closed","template":"","meta":{"_et_pb_use_builder":"","_et_pb_old_content":"","_et_gb_content_width":""},"product_brand":[],"product_cat":[21],"product_tag":[],"class_list":{"0":"post-79","1":"product","2":"type-product","3":"status-publish","4":"has-post-thumbnail","6":"product_cat-wood-pellets","8":"first","9":"instock","10":"shipping-taxable","11":"product-type-simple"},"_links":{"self":[{"href":"https:\/\/greenheatscinawaspolka.com\/index.php\/wp-json\/wp\/v2\/product\/79","targetHints":{"allow":["GET"]}}],"collection":[{"href":"https:\/\/greenheatscinawaspolka.com\/index.php\/wp-json\/wp\/v2\/product"}],"about":[{"href":"https:\/\/greenheatscinawaspolka.com\/index.php\/wp-json\/wp\/v2\/types\/product"}],"replies":[{"embeddable":true,"href":"https:\/\/greenheatscinawaspolka.com\/index.php\/wp-json\/wp\/v2\/comments?post=79"}],"wp:featuredmedia":[{"embeddable":true,"href":"https:\/\/greenheatscinawaspolka.com\/index.php\/wp-json\/wp\/v2\/media\/80"}],"wp:attachment":[{"href":"https:\/\/greenheatscinawaspolka.com\/index.php\/wp-json\/wp\/v2\/media?parent=79"}],"wp:term":[{"taxonomy":"product_brand","embeddable":true,"href":"https:\/\/greenheatscinawaspolka.com\/index.php\/wp-json\/wp\/v2\/product_brand?post=79"},{"taxonomy":"product_cat","embeddable":true,"href":"https:\/\/greenheatscinawaspolka.com\/index.php\/wp-json\/wp\/v2\/product_cat?post=79"},{"taxonomy":"product_tag","embeddable":true,"href":"https:\/\/greenheatscinawaspolka.com\/index.php\/wp-json\/wp\/v2\/product_tag?post=79"}],"curies":[{"name":"wp","href":"https:\/\/api.w.org\/{rel}","templated":true}]}}