{"id":82,"date":"2026-04-26T12:25:27","date_gmt":"2026-04-26T12:25:27","guid":{"rendered":"https:\/\/greenheatscinawaspolka.com\/?post_type=product&#038;p=82"},"modified":"2026-04-26T12:25:27","modified_gmt":"2026-04-26T12:25:27","slug":"pirkite-medienos-granules-6mm","status":"publish","type":"product","link":"https:\/\/greenheatscinawaspolka.com\/index.php\/product\/pirkite-medienos-granules-6mm\/","title":{"rendered":"Pirkite Medienos Granules 6mm"},"content":{"rendered":"<p><strong>Medienos Pirkite medienos granules 6mm<\/strong>:<br \/>\nMedienos granul\u0117s 6 mm yra patogus, ekonomi\u0161kas ir efektyvus b\u016bdas \u0161ildyti namus ar versl\u0105 naudojant buitin\u012f ir kilm\u0117s kur\u0105.\u00a0<a href=\"https:\/\/en.wikipedia.org\/wiki\/Pellet_fuel\">https:\/\/en.wikipedia.org\/wiki\/Pellet_fuel<\/a><\/p>\n<p>A1 klas\u0117s med\u017eio granul\u0117s<br \/>\nSkersmuo: 6\u20138 mm<br \/>\nMa\u017eas dulki\u0173 kiekis &lt;1%<br \/>\nAuk\u0161tos pelen\u0173 lydymosi temperat\u016bra&gt; 1200 \u00b0 C<br \/>\nPagaminta i\u0161 geriausi\u0173 gryn\u0173 mi\u0161k\u0173<\/p>\n<p><strong>Kietmed\u017eio ir mink\u0161tos medienos granul\u0117s 6mm<\/strong>:<br \/>\nkietmed\u017eio, pavyzd\u017eiui, klevo, \u0105\u017euolo, ber\u017eo ir uosio. Ir mes visi \u017einome, kad dedame mink\u0161tus med\u017eius, pavyzd\u017eiui, pu\u0161is, egles ir egles. Pirkite medienos granules 6mm<\/p>\n<p>Europos medienos granuli\u0173 sunaudojimas:<br \/>\nDid\u017eioji dalis suvartojamos \u0161ilumos gamybai \u2013 61,8%. Granuli\u0173 suvartojim\u0105 \u0161ilumai galima dar suskirstyti \u012f tris rinkas \u2013 gyvenam\u0173j\u0173 nam\u0173 \u0161ildym\u0105 (69%), komercin\u012f \u0161ildym\u0105 (19%) ir \u0161ilum\u0105, gaminam\u0105 i\u0161 kogeneracin\u0117s energijos (12%). Lik\u0119 38,2% medienos granuli\u0173 buvo panaudoti energijai gaminti. Reik\u0117t\u0173 pa\u017eym\u0117ti, kad technologijos, skirtos energijai gaminti i\u0161 granuli\u0173, skirt\u0173 \u0161ilumai, elektrai ar abiems, yra brand\u017eios, jos si\u016blo veiksmingus ir patikimus procesus. Pirkite medienos granules 6mm.<\/p>\n<p><strong>6mm medienos granuli\u0173 prana\u0161umai<\/strong>:<br \/>\nJei norite gauti patikim\u0105 \u0161ilumos \u0161altin\u012f, taupyti pinigus ir pad\u0117ti saugoti aplink\u0105, 6 mm biomas\u0117s med\u017eio granul\u0117s yra puikus pasirinkimas. Kai granul\u0117s dega, jos i\u0161skiria t\u0105 pat\u012f anglies dioksido kiek\u012f, kur\u012f medienos biomas\u0117 sugeria augimo metu, tod\u0117l jie tampa anglies neutral\u016bs. Pirkite medienos granules 6mm<\/p>\n<p>Puiki granuli\u0173 kokyb\u0117 yra b\u016btina norint pasiekti nuolatin\u012f ir optimal\u0173 \u0161ildymo proces\u0105. Kadangi egzistuoja skirtingos kuro r\u016b\u0161ys, krosni\u0173 ir katil\u0173 savininkams b\u016btina pasirinkti tinkamos kokyb\u0117s degalus, kurie geriausiai tinka j\u0173 \u012frenginiams.<\/p>\n<p>Granuli\u0173 naudojimas \u0161ilumai gaminti i\u0161liko stiprus ES sektorius. Granuli\u0173 naudojimas elektros energijai gaminti. Pirkite medienos granules 6mm.<\/p>\n<p><strong>Nuo \u0161ildymo iki \u017eirgo pakrat\u0173: Medienos granul\u0117ms A1 naudojama<\/strong>:<br \/>\nMa\u017eas ir kompakti\u0161kas produktas, i\u0161sprend\u017eiantis didelius i\u0161\u0161\u016bkius, m\u016bs\u0173 granul\u0117s yra tikra gamtos j\u0117ga. Apie butelio kam\u0161tienos auk\u0161t\u012f jie yra daug energijos sunaudojantis, ma\u017eai pelen\u0173, ma\u017eai dr\u0117gm\u0117s ir \u0161variai deginantis \u0161ilumos \u0161altinis medienos granuli\u0173 \u0161ildytuvams ir katilams gyvenamosiose, komercin\u0117se ir didelio masto pramonin\u0117se \u0161ildymo vietose<\/p>\n<p>M\u016bs\u0173 medienos granul\u0117s 6mm taip pat yra nat\u016bralus ir patogus pasirinkimas arklini\u0173 patalyn\u0117ms. Jie yra labai sugeriantys, drasti\u0161kai sutrumpina laik\u0105, suma\u017eina patalyn\u0117s sunaudojim\u0105, juos lengva laikyti ir transportuoti.<\/p>\n<p><strong>Medienos granuli\u0173 laikymas 6 mm<\/strong>:<br \/>\nKad medienos granul\u0117s b\u016bt\u0173 kuo ilgesn\u0117s, jas reikia laikyti patalpose. Dr\u0117gnoje vietoje gali reik\u0117ti sausintuvo. Tinkamai laikant granules, j\u0173 tinkamumo laikas gali b\u016bti ilgesnis nei dveji metai, ta\u010diau geriausia, jei jos naudojamos per \u0161e\u0161is m\u0117nesius. \u201eEurope Pellets\u201c granules galime laikyti lauke, nes m\u016bs\u0173 apyvarta yra auk\u0161ta, taigi n\u0117 viena granuli\u0173 tona n\u0117ra lauke ilgiau nei m\u0117nes\u012f ar du. Pirkite medienos granules 6mm.<\/p>\n<p>Vanduo sunaikins med\u017eio granules. \u201eWood Pellets\u201c mai\u0161ai n\u0117ra atspar\u016bs vandeniui. Kiekviename mai\u0161elyje yra ma\u017eos skyl\u0117s plaukams, kad granul\u0117s gal\u0117t\u0173 kv\u0117puoti. Ypa\u010d atsargiai venkite vandens absorbcijos.<\/p>\n<p>Medienos granul\u0117s A1 pagal pad\u0117kl\u0105 bus padengtos UV spinduliams atspariu krep\u0161iu \/ gaubtu, kuris veiks iki 12 m\u0117nesi\u0173. Nei\u0161imkite mai\u0161o \/ gaubto, kol nebus naudojamos granul\u0117s.<\/p>\n<p>\u017daliavos pri\u0117mimas ir saugojimas:<\/p>\n<p>Produktas atliekamas gamyklos teritorijoje.<\/p>\n<p>\u017daliavos pri\u0117mimo vieta yra pagaminta i\u0161 betono plok\u0161\u010di\u0173.<\/p>\n<p>\u012e viet\u0105 ateina gele\u017einkelio tiektuvas, kuris gali b\u016bti naudojamas \u017ealiavoms pristatyti. Taip pat yra sunkve\u017eimi\u0173 priva\u017eiavimo keliai.<\/p>\n<p>\u017daliav\u0173 sand\u0117liavimo viet\u0105 sudaro sand\u0117liavimo plotas ir \u017ealiav\u0173 plotas, tiesiogiai tiekiamas perdirbti.<\/p>\n<p>Transport\u0105 i\u0161krauna medienos krautuvas ant ekskavatoriaus LIEBHERR A 924 \u0412 pagrindo.<\/p>\n<p>I\u0161krovimas vyksta \u012f sand\u0117liavimo vietas arba tiesiai \u012f medienos tiekimo darbo viet\u0105 perdirbimui.<\/p>\n<p>Medienos kokyb\u0117 ir kiekio pri\u0117mimas atliekamas vietoje kartu su radiologine kontrole.<\/p>\n<p>Granuli\u0173 kuras (arba granul\u0117s) yra biokuras, pagamintas i\u0161 susl\u0117gt\u0173 organini\u0173 med\u017eiag\u0173 ar biomas\u0117s. Granul\u0117s gali b\u016bti gaminamos i\u0161 bet kurios i\u0161 penki\u0173 bendr\u0173j\u0173 biomas\u0117s kategorij\u0173: pramonini\u0173 atliek\u0173 ir \u0161alutini\u0173 produkt\u0173, maisto atliek\u0173, \u017eem\u0117s \u016bkio liku\u010di\u0173, energetini\u0173 augal\u0173 ir pirmosios medienos.<\/p>\n<p>Medienos granul\u0117s yra labiausiai paplitusi granuli\u0173 r\u016b\u0161is ir paprastai gaminamos i\u0161 sutankint\u0173 pjuven\u0173 ir susijusi\u0173 pramonini\u0173 atliek\u0173, susidariusi\u0173 medienos malimo, medienos gamini\u0173 ir bald\u0173 gamybos bei statyb\u0173 metu. Kiti pramoniniai atliek\u0173 \u0161altiniai yra tu\u0161\u010dios vaisi\u0173 kek\u0117s, palmi\u0173 branduolio luk\u0161tai, kokoso luk\u0161tai, med\u017ei\u0173 vir\u0161\u016bn\u0117s ir \u0161akos, i\u0161mestos medienos ruo\u0161os operacij\u0173 metu. Vadinamosios \u201ejuodosios granul\u0117s\u201c yra pagamintos i\u0161 biomas\u0117s, rafinuotos priminti akmens angl\u012f ir buvo sukurtos naudoti esamose anglimi k\u016brenamose elektrin\u0117se. Pirkite Medienos Granules 6mm<\/p>\n<p>Granul\u0117s skirstomos pagal j\u0173 \u0161ildymo vert\u0119, dr\u0117gm\u0117s ir pelen\u0173 kiek\u012f bei matmenis. Jie gali b\u016bti naudojami kaip kuras kuriant elektr\u0105, komercin\u012f ar gyvenam\u0105j\u012f nam\u0105 ir gaminant maist\u0105. Granul\u0117s yra ypa\u010d tankios ir gali b\u016bti gaminamos su ma\u017eu dr\u0117gm\u0117s kiekiu (ma\u017eiau nei 10%), tod\u0117l jas galima deginti labai efektyviai.<\/p>\n<p>Visai Europos \u0161ildymo \u012frangai pateikiami technini\u0173 duomen\u0173 lapai, kuriuose nurodomi biokuro parametrai, kad b\u016bt\u0173 pasiektas kuo didesnis efektyvumas ir efektyvus veikimas. Da\u017enai pasitaiko atvej\u0173, kai granuli\u0173 katil\u0173 gedimo prie\u017eastis buvo nekokybi\u0161ko granuli\u0173 kuro tiek\u0117jas. \u0160tai kod\u0117l vartotojai daug d\u0117mesio skiria medienos granuli\u0173 kokybei. Pirkite Medienos Granules 6mm<\/p>\n<p>Bendrov\u0117 taiko aplinkai nekenksmingas \u017ealiavas granuli\u0173 gamybai, tiekiam\u0105 pagal sutartis su Ukrainos valstybine mi\u0161kininkyste. Tai suteikia mums galimyb\u0119 ne tik garantuoti kokyb\u0117s rodikli\u0173 stabilum\u0105, bet ir garantuoti tiekiam\u0173 produkt\u0173 kieki\u0173 stabilum\u0105. \u0160io tipo bendradarbiavimas i\u0161 anksto lemia bes\u0105lygi\u0161k\u0105 \u012fsipareigojim\u0173 kitoms \u0161alims vykdym\u0105. Pirkite Medienos Granules 6mm<\/p>\n<p>Kiekviena i\u0161leista medienos granuli\u0173 partija atitinka specialiai sukurtas ir patvirtintas technines s\u0105lygas, d\u0117l kuri\u0173 m\u016bs\u0173 granul\u0117s tampa konkurencingos tiek vidaus, tiek u\u017esienio rinkose. Pelen\u0173 kiekis m\u016bs\u0173 granul\u0117se nevir\u0161ija 1%, o tai leid\u017eia juos naudoti priva\u010di\u0173 nam\u0173 \u0161ildymui.<\/p>\n<p>Skersmuo 6 mm;<br \/>\nPelen\u0173 kiekis iki 1%;<br \/>\nDr\u0117gm\u0117 iki 9%;<br \/>\nT\u016brinis tankis 630 kg \/ m3;<br \/>\n\u0160lifavimas \u2013 iki 3%;<br \/>\nKalorij\u0173 kiekis: 4600 kcal \/ kg.<br \/>\nGamybos b\u016bdai:<\/p>\n<p>\u017daliava patenka \u012f smulkintuv\u0105, kuris suma\u017e\u0117ja iki milt\u0173 b\u016bsenos. Gauta mas\u0117 i\u0161 jos tiekiama \u012f d\u017eiovykl\u0105 \u2013 granuli\u0173 presu, kuriame susl\u0117gtos medienos milt\u0173 granul\u0117s. Susl\u0117gimas presavimo metu padidina medienos dalel\u0117se esan\u010dios lignino temperat\u016br\u0105, sumink\u0161t\u0117ja ir sulimpa sandariame cilindre. Vienai tonai granuli\u0173 pagaminti reikia apie 2,3\u20132,6 kubinio metro medienos atliek\u0173, be to, vienai tonai produkcijos sudeginama 0,6 kubinio metro pjuven\u0173. Pirkite Medienos Granules 6mm<\/p>\n<p>Galutin\u0117s granul\u0117s at\u0161aldomos, supakuojamos \u012f skirtingas pakuotes \u2013 nuo ma\u017e\u0173 15 kg pakuo\u010di\u0173 iki didmai\u0161i\u0173 (dideli\u0173 pramonini\u0173 pakuo\u010di\u0173), sverian\u010di\u0173 1,1 tonos \u2013 arba pristatomos vartotojams urmu. Pirkite Medienos Granules 6mm<\/p>\n<p>Granulin\u0117 krosnis yra krosnis, deginanti suspaustas medienos arba biomas\u0117s granules, kad sukurt\u0173 \u0161ilumos \u0161altin\u012f gyvenamosioms ir kartais pramonin\u0117ms patalpoms. Nuolat tiekdamas kur\u0105 i\u0161 saugojimo talpyklos (bunkerio) \u012f deginamojo puodo zon\u0105, jis sukuria nuolatin\u0119 liepsn\u0105, kuriai nereikia joki\u0173 fizini\u0173 koregavim\u0173. Pirkite Medienos Granules 6mm<\/p>\n<p>Granulin\u0117s krosnies efektyvumas gali siekti 90% ar daugiau. Tai daugiau nei klasikin\u0117 malkin\u0117 krosnis, kurios naudingumo koeficientas siekia tik 40\u201350% (60\u201380% naujausioms didelio efektyvumo krosnims) ir daug daugiau nei atvira ugnis, kurios efektyvumas yra nuo 5 iki 15 %. Pirkite Medienos Granules 6mm<\/p>\n<p>Granulin\u0117se krosnyse galima deginti tik medienos granules (kaip min\u0117jo Jodi) arba biokur\u0105, pavyzd\u017eiui, d\u017eiovintus kukur\u016bzus (priklausomai nuo faktinio modelio). Neb\u016bt\u0173 protinga bandyti deginti r\u0105stus ar lazdas granuli\u0173 krosnyje, nes granuli\u0173 krosnis i\u0161 tikr\u0173j\u0173 veikia. Pirkite Medienos Granules 6mm<\/p>\n","protected":false},"excerpt":{"rendered":"<p>Granulin\u0117se krosnyse galima deginti tik medienos granules (kaip min\u0117jo Jodi) arba biokur\u0105, pavyzd\u017eiui, d\u017eiovintus kukur\u016bzus (priklausomai nuo faktinio modelio).<\/p>\n<p>A1 klas\u0117s med\u017eio granul\u0117s<br \/>\nSkersmuo: 6\u20138 mm<br \/>\nMa\u017eas dulki\u0173 kiekis &lt;1%<br \/>\nAuk\u0161tos pelen\u0173 lydymosi temperat\u016bra&gt; 1200 \u00b0 C<br \/>\nPagaminta i\u0161 geriausi\u0173 gryn\u0173 mi\u0161k\u0173<\/p>\n","protected":false},"featured_media":83,"comment_status":"open","ping_status":"closed","template":"","meta":{"_et_pb_use_builder":"","_et_pb_old_content":"","_et_gb_content_width":""},"product_brand":[],"product_cat":[21],"product_tag":[],"class_list":{"0":"post-82","1":"product","2":"type-product","3":"status-publish","4":"has-post-thumbnail","6":"product_cat-wood-pellets","8":"first","9":"instock","10":"shipping-taxable","11":"product-type-simple"},"_links":{"self":[{"href":"https:\/\/greenheatscinawaspolka.com\/index.php\/wp-json\/wp\/v2\/product\/82","targetHints":{"allow":["GET"]}}],"collection":[{"href":"https:\/\/greenheatscinawaspolka.com\/index.php\/wp-json\/wp\/v2\/product"}],"about":[{"href":"https:\/\/greenheatscinawaspolka.com\/index.php\/wp-json\/wp\/v2\/types\/product"}],"replies":[{"embeddable":true,"href":"https:\/\/greenheatscinawaspolka.com\/index.php\/wp-json\/wp\/v2\/comments?post=82"}],"wp:featuredmedia":[{"embeddable":true,"href":"https:\/\/greenheatscinawaspolka.com\/index.php\/wp-json\/wp\/v2\/media\/83"}],"wp:attachment":[{"href":"https:\/\/greenheatscinawaspolka.com\/index.php\/wp-json\/wp\/v2\/media?parent=82"}],"wp:term":[{"taxonomy":"product_brand","embeddable":true,"href":"https:\/\/greenheatscinawaspolka.com\/index.php\/wp-json\/wp\/v2\/product_brand?post=82"},{"taxonomy":"product_cat","embeddable":true,"href":"https:\/\/greenheatscinawaspolka.com\/index.php\/wp-json\/wp\/v2\/product_cat?post=82"},{"taxonomy":"product_tag","embeddable":true,"href":"https:\/\/greenheatscinawaspolka.com\/index.php\/wp-json\/wp\/v2\/product_tag?post=82"}],"curies":[{"name":"wp","href":"https:\/\/api.w.org\/{rel}","templated":true}]}}