{"id":91,"date":"2026-04-26T12:39:33","date_gmt":"2026-04-26T12:39:33","guid":{"rendered":"https:\/\/greenheatscinawaspolka.com\/?post_type=product&#038;p=91"},"modified":"2026-04-26T12:39:33","modified_gmt":"2026-04-26T12:39:33","slug":"trapellets","status":"publish","type":"product","link":"https:\/\/greenheatscinawaspolka.com\/index.php\/product\/trapellets\/","title":{"rendered":"Tr\u00e4pellets"},"content":{"rendered":"<p><strong>Beskrivning av tr\u00e4pellets 6mm<\/strong>:<br \/>\nTr\u00e4pellets 6mm \u00e4r ett bekv\u00e4mt, ekonomiskt och effektivt s\u00e4tt att v\u00e4rma ett hem eller f\u00f6retag med inhemskt br\u00e4nslet.<\/p>\n<p>A1-tr\u00e4pellets<br \/>\nDiameter: 6mm-8mm<br \/>\nL\u00e5g damminneh\u00e5ll &lt;1%<br \/>\nSm\u00e4ltemperatur med h\u00f6g ask&gt; 1200 \u00b0 C<br \/>\nTillverkad av b\u00e4sta virgin woods<\/p>\n<p><strong>Hardwood vs Softwood Wood Pellets 6mm<\/strong>:<br \/>\nl\u00f6vtr\u00e4d som l\u00f6nn, ek, bj\u00f6rk och ask. Och vi vet alla att l\u00e4gga mjukt tr\u00e4 som tall, gran och gran.<\/p>\n<p><strong>Europeiska tr\u00e4pelletsf\u00f6rbrukning<\/strong>:<br \/>\nHuvuddelen av f\u00f6rbrukningen gick till v\u00e4rmeproduktion, vilket motsvarar 61,8%. Pelletsf\u00f6rbrukning f\u00f6r v\u00e4rme kan vidare delas in i tre marknader \u2013 bostadsv\u00e4rme (69%), kommersiell uppv\u00e4rmning (19%) och v\u00e4rme som genereras fr\u00e5n kraftv\u00e4rme (12%). De \u00e5terst\u00e5ende 38,2% tr\u00e4pellets anv\u00e4ndes f\u00f6r kraftproduktion. Det b\u00f6r noteras att teknologierna f\u00f6r produktion av energi fr\u00e5n pellets f\u00f6r v\u00e4rme, el eller b\u00e5da \u00e4r mogna och erbjuder effektiva och p\u00e5litliga processer.<\/p>\n<p><strong>F\u00f6rdelarna med tr\u00e4pellets 6mm<\/strong>:<br \/>\nOm du vill f\u00e5 en p\u00e5litlig v\u00e4rmek\u00e4lla, spara pengar och skydda milj\u00f6n, \u00e4r biomassa tr\u00e4pellets 6mm ett utm\u00e4rkt val. N\u00e4r pelletsen br\u00e4nner sl\u00e4pper de ut samma m\u00e4ngd koldioxid som tr\u00e4biomassan absorberar under dess tillv\u00e4xt, vilket g\u00f6r dem koldioxidneutrala.<\/p>\n<p>Utm\u00e4rkt pelletskvalitet \u00e4r viktigt f\u00f6r att uppn\u00e5 en konstant och optimal uppv\u00e4rmningsprocess. Eftersom olika br\u00e4nslekvaliteter finns, \u00e4r det viktigt f\u00f6r kaminen och pann\u00e4garna att v\u00e4lja r\u00e4tt kvalitetsbr\u00e4nsle som passar b\u00e4st med deras installationer.<\/p>\n<p>Anv\u00e4ndningen av pellets f\u00f6r att producera v\u00e4rme var fortsatt en stark sektor i EU. Anv\u00e4ndning av pellets f\u00f6r elproduktion.<\/p>\n<p><strong>Fr\u00e5n uppv\u00e4rmning till h\u00e4stb\u00e4ddar: Wood Pellets A1 anv\u00e4nder<\/strong>:<br \/>\nEn liten och kompakt produkt som hanterar n\u00e5gra stora utmaningar, v\u00e5ra pellets \u00e4r en verklig naturkraft. Ungef\u00e4r h\u00f6jden p\u00e5 en flaskorkork \u00e4r de en energirik, l\u00e5gaska, l\u00e5gfuktighet och renbrinnande v\u00e4rmek\u00e4lla f\u00f6r tr\u00e4pelletsv\u00e4rmare och pannor i bost\u00e4der, kommersiella och storskaliga industriella uppv\u00e4rmningstill\u00e4mpningar.<\/p>\n<p>V\u00e5ra tr\u00e4pellets 6mm \u00e4r ocks\u00e5 ett naturligt och bekv\u00e4mt val f\u00f6r h\u00e4stb\u00e4ddar. De \u00e4r h\u00f6gabsorberande, drastiskt skuren mucking-tid, minskar s\u00e4ngkonsumtionen och \u00e4r l\u00e4tta att f\u00f6rvara och transportera<\/p>\n<p><strong>Lagring av tr\u00e4pellets 6mm<\/strong>:<br \/>\nF\u00f6r b\u00e4sta livsl\u00e4ngd b\u00f6r tr\u00e4pellets f\u00f6rvaras inomhus. Fuktiga platser kan kr\u00e4va en avfuktare. Vid korrekt lagring kan pellets ha en h\u00e5llbarhet p\u00e5 mer \u00e4n tv\u00e5 \u00e5r, men anv\u00e4nds helst inom en sexm\u00e5nadersperiod. P\u00e5 Europe Pellets kan vi lagra pellets utanf\u00f6r p\u00e5 grund av v\u00e5r h\u00f6ga oms\u00e4ttningshastighet, s\u00e5 inga ton pellets finns ute mer \u00e4n en m\u00e5nad eller tv\u00e5.<\/p>\n<p>Vatten f\u00f6rst\u00f6r tr\u00e4pellets. Tr\u00e4pelletsv\u00e4skor \u00e4r inte vattent\u00e4ta. Varje p\u00e5se inneh\u00e5ller sm\u00e5 h\u00e5rh\u00e5l s\u00e5 att pellets andas. Var s\u00e4rskilt f\u00f6rsiktig f\u00f6r att f\u00f6rhindra vattenabsorption.<\/p>\n<p>Tr\u00e4pellets A1 vid pallen kommer att t\u00e4ckas med en UV-best\u00e4ndig p\u00e5se \/ huva som \u00e4r effektiv i upp till 12 m\u00e5nader. Ta inte bort p\u00e5sen \/ huven f\u00f6rr\u00e4n pelletarna kommer att anv\u00e4ndas. Tr\u00e4pellets<\/p>\n<p>Godk\u00e4nnande av r\u00e5varuaccept och lagring:<\/p>\n<p>Produkten utf\u00f6rs p\u00e5 v\u00e4xtomr\u00e5det.<\/p>\n<p>Anl\u00e4ggningsplats f\u00f6r r\u00e5material \u00e4r gjord av betongplattor.<\/p>\n<p>J\u00e4rnv\u00e4gsmatare kommer till platsen som kan anv\u00e4ndas f\u00f6r leverans av r\u00e5varor. \u00c5tkomstv\u00e4gar f\u00f6r lastbilar finns ocks\u00e5.<\/p>\n<p>Lagring av r\u00e5varor best\u00e5r av lagringsutrymme och omr\u00e5de med r\u00e5varor omedelbar leverans till bearbetning.<\/p>\n<p>Transport lossning utf\u00f6rs av en tr\u00e4lastare p\u00e5 gr\u00e4vmaskinens botten LIEBHERR A 924 \u0412.<\/p>\n<p>Avlastningen g\u00e5r till lagringsutrymmen eller direkt till arbetsomr\u00e5det f\u00f6r virkesf\u00f6rs\u00f6rjning till bearbetning.<\/p>\n<p>Timmerkvalitet och kvantitetsacceptans utf\u00f6rs p\u00e5 plats tillsammans med radiologisk kontroll.<\/p>\n<p>Pelletsbr\u00e4nslen (eller pellets) \u00e4r biobr\u00e4nslen tillverkade av komprimerat organiskt material eller biomassa. Pellets kan tillverkas av n\u00e5gon av fem allm\u00e4nna kategorier av biomassa: industriavfall och samprodukter, matavfall, jordbruksrester, energigr\u00f6dor och jungfru.<\/p>\n<p>Tr\u00e4pellets \u00e4r den vanligaste typen av pelletsbr\u00e4nsle och tillverkas i allm\u00e4nhet av komprimerat s\u00e5gsp\u00e5n och tillh\u00f6rande industriavfall fr\u00e5n malning av virke, tillverkning av tr\u00e4produkter och m\u00f6bler samt konstruktion. Andra industriella avfallsk\u00e4llor inkluderar tomma fruktbuntar, palmk\u00e4rnaskal, kokosn\u00f6tskal och tr\u00e4dtoppar och grenar som kasseras under avverkning. S\u00e5 kallade \u201csvarta pellets\u201d \u00e4r gjorda av biomassa, raffinerade f\u00f6r att likna h\u00e5rdkol och utvecklades f\u00f6r att anv\u00e4ndas i befintliga koleldade kraftverk.<\/p>\n<p>Pellets kategoriseras efter v\u00e4rmev\u00e4rde, fukt och askinneh\u00e5ll och dimensioner. De kan anv\u00e4ndas som br\u00e4nsle f\u00f6r kraftproduktion, kommersiell uppv\u00e4rmning eller uppv\u00e4rmning av bost\u00e4der och matlagning. Pellets \u00e4r extremt t\u00e4ta och kan produceras med l\u00e5g fukthalt (under 10%) som g\u00f6r att de kan br\u00e4nnas med mycket h\u00f6g f\u00f6rbr\u00e4nningseffektivitet.<\/p>\n<p>All europeisk v\u00e4rmeutrustning f\u00f6rses med tekniska datablad som anger parametrar f\u00f6r biobr\u00e4nsle f\u00f6r att uppn\u00e5 h\u00f6gsta m\u00f6jliga effektivitet och effektiva drift. Det finns ofta fall d\u00e5 orsaken till fel p\u00e5 pelletspannor var leverant\u00f6ren av pelletsbr\u00e4nsle av d\u00e5lig kvalitet.<\/p>\n<p>Det \u00e4r d\u00e4rf\u00f6r konsumenterna l\u00e4gger stor vikt vid kvaliteten p\u00e5 tr\u00e4pellets. F\u00f6retaget till\u00e4mpar milj\u00f6v\u00e4nliga r\u00e5varor f\u00f6r pelletsproduktion, levererade enligt kontrakt med Ukrainas statliga skogsbruk.<\/p>\n<p>Detta ger oss m\u00f6jlighet att inte bara garantera stabiliteten hos kvalitetsindikatorer utan ocks\u00e5 att garantera stabiliteten f\u00f6r de levererade produktvolymerna. Denna typ av samarbete f\u00f6rutbest\u00e4mmer ovillkorligt fullg\u00f6randet av v\u00e5ra skyldigheter gentemot motparter.<\/p>\n<p>Varje sl\u00e4ppt parti av v\u00e5ra tr\u00e4pellets motsvarar speciellt utvecklade och godk\u00e4nda tekniska f\u00f6rh\u00e5llanden som g\u00f6r v\u00e5ra pellets konkurrenskraftiga p\u00e5 b\u00e5de inhemska och utl\u00e4ndska marknader. Askinneh\u00e5llet i v\u00e5ra pellets ligger inom 1% vilket g\u00f6r att man kan anv\u00e4nda dem f\u00f6r uppv\u00e4rmning av privata hus.<\/p>\n<p>Diameter 6 mm;<br \/>\nAskinneh\u00e5ll upp till 1%;<br \/>\nLuftfuktighet upp till 9%;<br \/>\nBulkdensitet 630 kg \/ m3;<br \/>\nN\u00f6tning \u2013 upp till 3%;<br \/>\nKaloriinneh\u00e5ll: 4600 kcal \/ kg.<br \/>\nProduktionstekniker:<\/p>\n<p>R\u00e5materialet kommer in i krossen, vilket reduceras till mj\u00f6l. Den resulterande massan matas in i torken fr\u00e5n den \u2013 i en pelletspress i vilken en komprimerad tr\u00e4mj\u00f6l pelletsar. Komprimering under pressning \u00f6kar temperaturen p\u00e5 materialet, lignin, som finns i tr\u00e4partiklar mjuknar och h\u00e4nger ihop i en t\u00e4t cylinder. Att producera ett ton pellets kr\u00e4ver cirka 2,3 -2,6 kubikmeter avfall, plus 0,6 kubikmeter s\u00e5gsp\u00e5n f\u00f6rbr\u00e4nns per ton produktion.<\/p>\n<p>De slutliga pelletsen kyls, f\u00f6rpackas i olika f\u00f6rpackningar \u2013 fr\u00e5n sm\u00e5 15 kg-f\u00f6rpackningar till stora p\u00e5sar (stor industriell f\u00f6rpackning) som v\u00e4ger 1,1 ton \u2013 eller levereras till konsumenten i bulk.<br \/>\nEn pelletskamin \u00e4r en spis som br\u00e4nner komprimerat tr\u00e4 eller biomassa-pellets f\u00f6r att skapa en v\u00e4rmek\u00e4lla f\u00f6r bostads- och ibland industriella utrymmen. Genom att kontinuerligt mata br\u00e4nsle fr\u00e5n en f\u00f6rvaringsbeh\u00e5llare (beh\u00e5llare) till ett omr\u00e5de med br\u00e4nnkrukor producerar det en konstant eld som kr\u00e4ver liten eller ingen fysisk justering.<\/p>\n<p>Pelletsspisens effektivitet kan vara s\u00e5 h\u00f6g som 90% eller mer. \u2026 Detta \u00e4r mer \u00e4n en klassisk vedspis, med en verkningsgrad p\u00e5 endast 40 till 50% (60 till 80% f\u00f6r de senaste h\u00f6geffektiva spisarna) och mycket mer \u00e4n en \u00f6ppen eld, med en verkningsgrad p\u00e5 5 till 15 %.<br \/>\nPelletsugnar kan bara br\u00e4nna tr\u00e4pellets (som Jodi n\u00e4mnde) eller biobr\u00e4nslen som torkad majs (beroende p\u00e5 modell). Det vore inte klokt att f\u00f6rs\u00f6ka br\u00e4nna stockar eller pinnar i en pelletsugn p\u00e5 grund av hur en pelletspanna faktiskt fungerar.<\/p>\n","protected":false},"excerpt":{"rendered":"<p>Detta ger oss m\u00f6jlighet att inte bara garantera stabiliteten hos kvalitetsindikatorer utan ocks\u00e5 att garantera stabiliteten f\u00f6r de levererade produktvolymerna.<\/p>\n<p>A1-tr\u00e4pellets<br \/>\nDiameter: 6mm-8mm<br \/>\nL\u00e5g damminneh\u00e5ll &lt;1%<br \/>\nSm\u00e4ltemperatur med h\u00f6g ask&gt; 1200 \u00b0 C<br \/>\nTillverkad av b\u00e4sta virgin woods<\/p>\n","protected":false},"featured_media":92,"comment_status":"open","ping_status":"closed","template":"","meta":{"_et_pb_use_builder":"","_et_pb_old_content":"","_et_gb_content_width":""},"product_brand":[],"product_cat":[21],"product_tag":[],"class_list":{"0":"post-91","1":"product","2":"type-product","3":"status-publish","4":"has-post-thumbnail","6":"product_cat-wood-pellets","8":"first","9":"instock","10":"shipping-taxable","11":"product-type-simple"},"_links":{"self":[{"href":"https:\/\/greenheatscinawaspolka.com\/index.php\/wp-json\/wp\/v2\/product\/91","targetHints":{"allow":["GET"]}}],"collection":[{"href":"https:\/\/greenheatscinawaspolka.com\/index.php\/wp-json\/wp\/v2\/product"}],"about":[{"href":"https:\/\/greenheatscinawaspolka.com\/index.php\/wp-json\/wp\/v2\/types\/product"}],"replies":[{"embeddable":true,"href":"https:\/\/greenheatscinawaspolka.com\/index.php\/wp-json\/wp\/v2\/comments?post=91"}],"wp:featuredmedia":[{"embeddable":true,"href":"https:\/\/greenheatscinawaspolka.com\/index.php\/wp-json\/wp\/v2\/media\/92"}],"wp:attachment":[{"href":"https:\/\/greenheatscinawaspolka.com\/index.php\/wp-json\/wp\/v2\/media?parent=91"}],"wp:term":[{"taxonomy":"product_brand","embeddable":true,"href":"https:\/\/greenheatscinawaspolka.com\/index.php\/wp-json\/wp\/v2\/product_brand?post=91"},{"taxonomy":"product_cat","embeddable":true,"href":"https:\/\/greenheatscinawaspolka.com\/index.php\/wp-json\/wp\/v2\/product_cat?post=91"},{"taxonomy":"product_tag","embeddable":true,"href":"https:\/\/greenheatscinawaspolka.com\/index.php\/wp-json\/wp\/v2\/product_tag?post=91"}],"curies":[{"name":"wp","href":"https:\/\/api.w.org\/{rel}","templated":true}]}}