{"id":93,"date":"2026-04-26T12:47:11","date_gmt":"2026-04-26T12:47:11","guid":{"rendered":"https:\/\/greenheatscinawaspolka.com\/?post_type=product&#038;p=93"},"modified":"2026-04-26T12:47:19","modified_gmt":"2026-04-26T12:47:19","slug":"puitgraanulid-6mm","status":"publish","type":"product","link":"https:\/\/greenheatscinawaspolka.com\/index.php\/product\/puitgraanulid-6mm\/","title":{"rendered":"Puitgraanulid 6mm"},"content":{"rendered":"<p><strong><span dir=\"auto\">6mm puidugraanulite kirjeldus<\/span><\/strong><span dir=\"auto\">\u00a0:<\/span><br \/>\n<span dir=\"auto\">Puitgraanulid 6mm on mugav, \u00f6konoomne ja t\u00f5hus viis kodu v\u00f5i ettev\u00f5tte soojendamiseks kodumaiste ja hangitavate k\u00fctustega.\u00a0\u00a0<\/span><a href=\"https:\/\/en.wikipedia.org\/wiki\/Pellet_fuel\"><span dir=\"auto\">https:\/\/en.wikipedia.org\/wiki\/Pellet_fuel<\/span><\/a><\/p>\n<p><span dir=\"auto\">A1 class puidugraanulid<\/span><br \/>\n<span dir=\"auto\">L\u00e4bim\u00f5\u00f5t: 6mm-8mm<\/span><br \/>\n<span dir=\"auto\">Madal tolmu sisaldus &lt;1%<\/span><br \/>\n<span dir=\"auto\">K\u00f5rge tuha sulamistemperatuur&gt; 1200 \u00b0 C<\/span><br \/>\n<span dir=\"auto\">Valmistatud parimatest neitsipuudest<\/span><\/p>\n<p><strong><span dir=\"auto\">Lehtpuit vs okaspuu puidugraanulid 6mm<\/span><\/strong><span dir=\"auto\">\u00a0:<\/span><br \/>\n<span dir=\"auto\">lehtpuud nagu vaher, tamm, kask ja saar. Ja me k\u00f5ik teame, et paneme okaspuid nagu m\u00e4nd, kuusk ja kuusk.<\/span><\/p>\n<p><strong><span dir=\"auto\">Euroopa puidugraanulite tarbimine<\/span><\/strong><span dir=\"auto\">\u00a0:<\/span><br \/>\n<span dir=\"auto\">Suurem osa tarbimisest l\u00e4ks soojuse tootmisele, moodustades 61.8%. Pelletik\u00fctuse tarbimine soojuse tootmiseks v\u00f5ib jagada kolme turgudeks \u2013 elamute k\u00fctmine (69%), \u00e4rik\u00fcte (19%) ja koostootmisel toodetav soojus (12%). \u00dclej\u00e4\u00e4nud 38.2% puidugraanulitest kasutati elektritootmiseks. Tuleb m\u00e4rkida, et graanulitest energia tootmiseks soojuse, elektri v\u00f5i m\u00f5lema jaoks on tehnoloogiad k\u00fcpsed, pakkudes t\u00f5husaid ja usaldusv\u00e4\u00e4rseid protsesse. Puitgraanulid 6mm.<\/span><\/p>\n<p><strong><span dir=\"auto\">6mm puidugraanulite eelised<\/span><\/strong><span dir=\"auto\">\u00a0:<\/span><br \/>\n<span dir=\"auto\">Kui soovite saada usaldusv\u00e4\u00e4rset soojusallikat, s\u00e4\u00e4sta raha ja aidata kaitsta keskkonda, on biomassiga puidugraanulid 6mm suurep\u00e4rane valik. Kui pelletid p\u00f5levad, eraldavad nad sama palju s\u00fcsinikdioksiidi, mida puidu biomass kasvu ajal neelab, muutes need s\u00fcsinik-neutraalseks. Puitgraanulid 6mm<\/span><\/p>\n<p><span dir=\"auto\">Pelleti suurep\u00e4rane kvaliteet on pideva ja optimaalse kuumutusprotsessi saavutamiseks h\u00e4davajalik. Kuna k\u00fctusekvaliteedid on erinevad, on ahjude ja katelde omanike jaoks oluline valida \u00f5ige kvaliteediga k\u00fctus, mis sobib k\u00f5ige paremini nende paigaldusega.<\/span><\/p>\n<p><span dir=\"auto\">Pelletite kasutamine soojuse tootmiseks oli ELis tugev sektor. Pelletite kasutamine elektrienergia tootmiseks. Puitgraanulid 6mm.<\/span><\/p>\n<p><span dir=\"auto\">Kuumutamisest hobuse allapanemiseni: puidugraanulid A1 kasutab:<\/span><br \/>\n<span dir=\"auto\">V\u00e4ike ja kompaktne toode, mis lahendab suuri v\u00e4ljakutseid. Meie graanulid on t\u00f5eline loodusj\u00f5ud. Ligikaudu pudelikorgi k\u00f5rguse kohta on need energiarikkad, madala tuha, madala niiskuse ja puhta p\u00f5letavusega k\u00fctteallikad puidugraanulite k\u00fcttekehadele ja kateldele elamu-, \u00e4ri- ja suuremahulistes t\u00f6\u00f6stuslikes k\u00fctterakendustes. Puitgraanulid 6mm<\/span><\/p>\n<p><span dir=\"auto\">Meie 6mm puidugraanulid muudavad hobuste voodipesu loomuliku ja mugava valiku. Need on h\u00e4sti imavad, v\u00e4hendavad drastiliselt aja mahav\u00f5tmist, v\u00e4hendavad voodipesu tarbimist ning neid on lihtne ladustada ja transportida. Puitgraanulid 6mm.<\/span><\/p>\n<p><strong><span dir=\"auto\">Puidugraanulite hoidmine 6mm<\/span><\/strong><span dir=\"auto\">\u00a0:<\/span><br \/>\n<span dir=\"auto\">Parima pikaealisuse tagamiseks tuleks puidugraanuleid hoida siseruumides. Niisketes kohtades v\u00f5ib olla vaja \u00f5hukuivatit. \u00d5ige ladustamise korral v\u00f5ib pelletite k\u00f5lblikkusaeg olla \u00fcle kahe aasta, kuid ideaaljuhul kasutatakse neid kuue kuu jooksul. Europe Pelletsis suudame oma k\u00f5rge k\u00e4ibe m\u00e4\u00e4ra t\u00f5ttu pelleteid ladustada ka v\u00e4ljaspool, nii et \u00fckski tonn pelletit pole v\u00e4ljaspool kuud v\u00f5i kaks. Puitgraanulid 6mm.<\/span><\/p>\n<p><span dir=\"auto\">Puitgraanulid Vesi h\u00e4vitab puidugraanulid. Puidugraanulite kotid ei ole veekindlad. Igas kotis on v\u00e4ikesed juukseaugud, mis v\u00f5imaldavad graanulitel hingata. Eriline ettevaatus on vajalik vee imendumise v\u00e4ltimiseks.<\/span><\/p>\n<p><span dir=\"auto\">Puidugraanulid A1 kaetakse kaubaaluse k\u00fcljes UV-vastupidava koti \/ kapotiga, mis on efektiivne kuni 12 kuud. \u00c4rge eemaldage kotti \/ kapoti enne, kui graanuleid kasutatakse. Puitgraanulid 6mm.<\/span><\/p>\n<p><span dir=\"auto\">Receipt and acceptance of raw materials:<\/span><\/p>\n<p><span dir=\"auto\">The product is manufactured on the factory premises.<\/span><\/p>\n<p><span dir=\"auto\">The raw material reception area is made of concrete slabs.<\/span><\/p>\n<p><span dir=\"auto\">A rail feeder is available on site for raw material delivery. Truck access roads are also available.<\/span><\/p>\n<p><span dir=\"auto\">The raw material storage area consists of a warehouse area and an area for direct delivery of raw materials for processing.<\/span><\/p>\n<p><span dir=\"auto\">Unloading of transport is carried out by a timber truck based on a LIEBHERR A 924 B excavator.<\/span><\/p>\n<p><span dir=\"auto\">Unloading takes place in storage facilities or directly in the work area where wood is supplied for processing.\u00a0<\/span><\/p>\n<p><span dir=\"auto\">Quality and quantity acceptance of lumber is carried out on-site, along with radiological monitoring. Puitgraanulid 6mm<\/span><\/p>\n<p><span dir=\"auto\">Fuel pellets (or pellets) are a biofuel made from compressed organic matter, or biomass. Pellets can be made from any one of five main categories of biomass: industrial waste and byproducts, food scraps, agricultural residues, energy crops, and virgin wood.\u00a0<\/span><\/p>\n<p><span dir=\"auto\">Wood pellets are the most common type of fuel pellet and are typically produced from compacted sawdust and related industrial waste from sawmilling, wood product and furniture manufacturing, and construction. Other sources of industrial waste include empty fruit bunches, palm kernel shells, coconut husks, and tree tops and branches discarded during logging operations. So-called &#8220;black pellets&#8221; are made from biomass refined into coal and were developed for use in existing coal-fired power plants. Puitgraanulid 6mm<\/span><\/p>\n<p><span dir=\"auto\">Pellets are classified by their calorific value, moisture content, ash content, and size. They can be used as fuel for electricity generation, commercial or residential heating, and cooking. Pellets are very dense and can be produced with low moisture content (below 10%), allowing them to burn with very high combustion efficiency. Puitgraanulid 6mm<\/span><\/p>\n<p><span dir=\"auto\">All European heating equipment is supplied with technical data sheets specifying biofuel parameters to ensure maximum efficiency and effective operation. Pellet boiler failures are often caused by poor-quality pellet fuel supplied by the supplier. This is why consumers pay close attention to the quality of wood pellets.<\/span><\/p>\n<p><span dir=\"auto\">The company uses environmentally friendly raw materials for pellet production, supplied under contracts with the State Forestry Service of Ukraine. This allows us to not only guarantee consistent quality but also guarantee consistent supply volumes. This type of cooperation ensures the unconditional fulfillment of our obligations to our partners. Puitgraanulid 6mm<\/span><\/p>\n<p><span dir=\"auto\">Each batch of our wood pellets meets specially developed and approved specifications, making them competitive in both domestic and international markets. The ash content of our pellets does not exceed 1%, making them suitable for heating private homes.<\/span><\/p>\n<p><span dir=\"auto\">Diameter 6 mm;<\/span><br \/>\n<span dir=\"auto\">Ash content up to 1%;<\/span><br \/>\n<span dir=\"auto\">Moisture up to 9%;<\/span><br \/>\n<span dir=\"auto\">Bulk density 630 kg \/ m3;<\/span><br \/>\n<span dir=\"auto\">Abrasion &#8211; up to 3%;<\/span><br \/>\n<span dir=\"auto\">Caloric content: 4600 kcal \/ kg.<\/span><br \/>\n<span dir=\"auto\">Production technologies:<\/span><\/p>\n<p><span dir=\"auto\">The raw material enters a crusher, which turns it into flour. The resulting mass is fed into a dryer\u2014a pellet press\u2014where the wood flour is pressed into pellets. The compression during pressing increases the temperature of the material, softening the lignin contained in the wood particles and clumping them together to form a dense cylinder. Producing one ton of pellets requires approximately 2.3-2.6 cubic meters of wood waste, plus 0.6 cubic meters of sawdust is burned per ton of product. Puitgraanulid 6mm<\/span><\/p>\n<p><span dir=\"auto\">The finished pellets are cooled and packaged in a variety of containers\u2014from small 15 kg bags to big bags (large industrial packaging) weighing 1.1 tons\u2014or delivered to the consumer in bulk.<\/span><\/p>\n<p><span dir=\"auto\">A pellet stove is a stove that burns compressed wood pellets or biomass pellets to create a heat source for residential and sometimes industrial spaces. By continuously feeding fuel from a storage tank (hopper) into the combustion zone, it produces a constant flame that requires virtually no physical adjustments. Puitgraanulid 6mm<\/span><\/p>\n<p><span dir=\"auto\">The efficiency of a pellet stove can reach 90% or more. \u2026 This is more than a classic wood stove, with an efficiency of only 40 to 50% (60 to 80% for modern high-efficiency stoves), and much more than an open fire, with an efficiency of 5 to 15%. Puitgraanulid 6mm<\/span><\/p>\n<p><span dir=\"auto\">Pellet stoves can only burn wood pellets (as Jody mentioned) or biofuels like dried corn (depending on the actual model). It would be unwise to try to burn logs or sticks inside a pellet stove, as pellet stoves actually work. Puitgraanulid 6mm<\/span><\/p>\n","protected":false},"excerpt":{"rendered":"<p>Parima pikaealisuse tagamiseks tuleks puidugraanuleid hoida siseruumides. Niisketes kohtades v\u00f5ib olla vaja \u00f5hukuivatit. \u00d5ige ladustamise korral v\u00f5ib pelletite k\u00f5lblikkusaeg olla \u00fcle kahe aasta, kuid ideaaljuhul kasutatakse neid kuue kuu jooksul.<\/p>\n","protected":false},"featured_media":94,"comment_status":"open","ping_status":"closed","template":"","meta":{"_et_pb_use_builder":"","_et_pb_old_content":"","_et_gb_content_width":""},"product_brand":[],"product_cat":[21],"product_tag":[],"class_list":{"0":"post-93","1":"product","2":"type-product","3":"status-publish","4":"has-post-thumbnail","6":"product_cat-wood-pellets","8":"first","9":"instock","10":"shipping-taxable","11":"product-type-simple"},"_links":{"self":[{"href":"https:\/\/greenheatscinawaspolka.com\/index.php\/wp-json\/wp\/v2\/product\/93","targetHints":{"allow":["GET"]}}],"collection":[{"href":"https:\/\/greenheatscinawaspolka.com\/index.php\/wp-json\/wp\/v2\/product"}],"about":[{"href":"https:\/\/greenheatscinawaspolka.com\/index.php\/wp-json\/wp\/v2\/types\/product"}],"replies":[{"embeddable":true,"href":"https:\/\/greenheatscinawaspolka.com\/index.php\/wp-json\/wp\/v2\/comments?post=93"}],"wp:featuredmedia":[{"embeddable":true,"href":"https:\/\/greenheatscinawaspolka.com\/index.php\/wp-json\/wp\/v2\/media\/94"}],"wp:attachment":[{"href":"https:\/\/greenheatscinawaspolka.com\/index.php\/wp-json\/wp\/v2\/media?parent=93"}],"wp:term":[{"taxonomy":"product_brand","embeddable":true,"href":"https:\/\/greenheatscinawaspolka.com\/index.php\/wp-json\/wp\/v2\/product_brand?post=93"},{"taxonomy":"product_cat","embeddable":true,"href":"https:\/\/greenheatscinawaspolka.com\/index.php\/wp-json\/wp\/v2\/product_cat?post=93"},{"taxonomy":"product_tag","embeddable":true,"href":"https:\/\/greenheatscinawaspolka.com\/index.php\/wp-json\/wp\/v2\/product_tag?post=93"}],"curies":[{"name":"wp","href":"https:\/\/api.w.org\/{rel}","templated":true}]}}