{"id":96,"date":"2026-04-26T12:50:48","date_gmt":"2026-04-26T12:50:48","guid":{"rendered":"https:\/\/greenheatscinawaspolka.com\/?post_type=product&#038;p=96"},"modified":"2026-04-26T12:50:48","modified_gmt":"2026-04-26T12:50:48","slug":"traepiller","status":"publish","type":"product","link":"https:\/\/greenheatscinawaspolka.com\/index.php\/product\/traepiller\/","title":{"rendered":"Tr\u00e6piller"},"content":{"rendered":"<p><strong>Beskrivelse af tr\u00e6piller 6mm<\/strong>:<br \/>\nTr\u00e6kugler 6mm en praktisk, \u00f8konomisk og effektiv m\u00e5de at varme et hjem eller forretning med husholdnings- og sourcebr\u00e6ndstof p\u00e5. Tr\u00e6piller.\u00a0<a href=\"https:\/\/en.wikipedia.org\/wiki\/Pellet_boiler\">https:\/\/en.wikipedia.org\/wiki\/Pellet_boiler<\/a><\/p>\n<p>A1-tr\u00e6pellets<br \/>\nDiameter: 6mm-8mm<br \/>\nLavt st\u00f8vindhold &lt;1%<br \/>\nSmeltetemperatur med h\u00f8j ask&gt; 1200 \u00b0 C<br \/>\nLavet af bedste virgin woods<\/p>\n<p><strong>Hardwood vs Softwood Wood Pellets 6mm<\/strong>:<br \/>\nh\u00e5rdttr\u00e6 som ahorn, eg, birk og ask. Og vi ved alle, at der l\u00e6gges bl\u00f8dt tr\u00e6 som fyr, gran og gran.<\/p>\n<p><strong>Europ\u00e6isk tr\u00e6pelletsforbrug<\/strong>:<br \/>\nSt\u00f8rstedelen af \u200b\u200bforbruget gik til varmeproduktion, svarende til 61,8%. Pelletforbrug til varme kan yderligere opdeles i tre markeder \u2013 boligopvarmning (69%), kommerciel opvarmning (19%) og varme genereret fra kraftvarmeproduktion (12%). De resterende 38,2% af tr\u00e6piller blev brugt til kraftproduktion. Det skal bem\u00e6rkes, at teknologierne til produktion af energi ud af pellets til varme, elektricitet eller begge dele er modne og tilbyder effektive og p\u00e5lidelige processer.<\/p>\n<p><strong>Fordelene ved tr\u00e6piller 6mm<\/strong>:<br \/>\nHvis du \u00f8nsker at f\u00e5 en p\u00e5lidelig varmekilde, skal du spare penge og hj\u00e6lpe med at beskytte milj\u00f8et, Biomasse Wood Pellets 6mm er et godt valg. N\u00e5r pellets br\u00e6nder, frigiver de den samme m\u00e6ngde kuldioxid, som tr\u00e6biomassen absorberer under dens v\u00e6kst, hvilket g\u00f8r dem kulstofneutrale. Tr\u00e6piller<\/p>\n<p>Fremragende pellets kvalitet er vigtig for at opn\u00e5 en konstant og optimal opvarmningsproces. Da der findes forskellige br\u00e6ndstofkvaliteter, er det vigtigt, at komfur- og kedelejere v\u00e6lger den rigtige br\u00e6ndstof, der passer bedst til deres installationer. Tr\u00e6piller.<\/p>\n<p>Brugen af \u200b\u200bpellets til produktion af varme var fortsat en st\u00e6rk sektor i EU. Anvendelse af pellets til elproduktion. Tr\u00e6piller<\/p>\n<p><strong>Fra opvarmning til hestesenget\u00f8j: Tr\u00e6pellets A1 bruger<\/strong>:<br \/>\nEt lille og kompakt produkt, der tackler nogle store udfordringer, vores pellets er en sand naturkraft. Omkring h\u00f8jden af \u200b\u200ben flaskekork er de en energirig, lav aske, lav fugtighed og renbr\u00e6ndende opvarmningskilde til tr\u00e6pelletsvarmere og kedler i bolig-, kommercielle og store industrielle opvarmningsanvendelser. Tr\u00e6piller.<\/p>\n<p>Vores tr\u00e6pellets 6mm er ogs\u00e5 et naturligt og behageligt valg til hesteunderlag. De er meget absorberende, drastisk afsk\u00e5ret mucking-tid, reducerer forbrug af senget\u00f8j og er nemme at opbevare og transportere. Tr\u00e6piller<\/p>\n<p><strong>Opbevaring af tr\u00e6piller 6 mm<\/strong>:<br \/>\nFor at opn\u00e5 den bedste levetid skal tr\u00e6pellets opbevares indend\u00f8rs. Fugtige placeringer kan kr\u00e6ve en affugter. Ved korrekt opbevaring kan pellets have en holdbarhed p\u00e5 over to \u00e5r, men ideelt bruges det inden for en periode p\u00e5 seks m\u00e5neder. P\u00e5 Europe Pellets er vi i stand til at opbevare pellets uden for p\u00e5 grund af vores h\u00f8je oms\u00e6tningshastighed, s\u00e5 ingen ton pellets er uden for mere end en m\u00e5ned eller to. Tr\u00e6piller.<\/p>\n<p>Vand vil \u00f8del\u00e6gge tr\u00e6piller. Tr\u00e6pillerposer er ikke vandt\u00e6tte. Hver pose indeholder sm\u00e5 h\u00e5rhuller, s\u00e5 pellets kan tr\u00e6kke vejret. V\u00e6r s\u00e6rlig forsigtig for at forhindre vandabsorption. Tr\u00e6piller<\/p>\n<p>Tr\u00e6kugler A1 ved pallen leveres med en UV-resistent taske \/ h\u00e6tte, der er effektiv i op til 12 m\u00e5neder. Fjern ikke posen \/ h\u00e6tten, f\u00f8r pellets vil blive brugt.<\/p>\n<p>Accept af accept og opbevaring af r\u00e5varer:<\/p>\n<p>Produktet udf\u00f8res p\u00e5 planteomr\u00e5det.<\/p>\n<p>Sted til godkendelse af r\u00e5varer er lavet af betonplader.<\/p>\n<p>Jernbanef\u00f8der kommer til stedet, som kan bruges til levering af r\u00e5materialer. Adgangsveje til lastbiler er ogs\u00e5 tilg\u00e6ngelige.<\/p>\n<p>R\u00e5varelagringssted best\u00e5r af lageromr\u00e5de og areal med r\u00e5materiale \u00f8jeblikkelig levering til forarbejdning.<\/p>\n<p>Transportafl\u00e6sning udf\u00f8res af en tr\u00e6l\u00e6sser p\u00e5 bunden af \u200b\u200bgravemaskinen LIEBHERR A 924 \u0412.<\/p>\n<p>Afl\u00e6sning l\u00f8ber ind i lageromr\u00e5der eller direkte til arbejdsomr\u00e5det for tr\u00e6forsyning til forarbejdning.<\/p>\n<p>T\u00f8mmerkvalitet og kvantitetsaccept udf\u00f8res p\u00e5 stedet sammen med radiologisk kontrol.<\/p>\n<p>Pelletsbr\u00e6ndstoffer (eller pellets) er biobr\u00e6ndstoffer fremstillet af komprimeret organisk materiale eller biomasse. Pellets kan fremstilles af en af \u200b\u200bfem generelle kategorier af biomasse: industriaffald og biprodukter, madaffald, landbrugsrester, energiafgr\u00f8der og virgin t\u00f8mmer.<\/p>\n<p>Tr\u00e6piller er den mest almindelige type pillebr\u00e6ndstof og er generelt fremstillet af komprimeret savsmuld og besl\u00e6gtet industrielt affald fra formaling af t\u00f8mmer, fremstilling af tr\u00e6produkter og m\u00f8bler samt konstruktion. Andre industrielle affaldskilder inkluderer tomme frugtekunster, palme-kerneskaller, kokosn\u00f8ddeskaller og tr\u00e6toppe og grene, der kasseres under logning. S\u00e5kaldte \u201csorte pellets\u201d er lavet af biomasse, raffineret til at ligne h\u00e5rdt kul og blev udviklet til at blive brugt i eksisterende kulfyrede kraftv\u00e6rker.<\/p>\n<p>Pellets er kategoriseret efter deres opvarmningsv\u00e6rdi, fugt og askeindhold og dimensioner. De kan bruges som br\u00e6ndstof til energiproduktion, kommerciel opvarmning eller boligopvarmning og madlavning. Pellets er ekstremt t\u00e6tte og kan produceres med et lavt fugtindhold (under 10%), der g\u00f8r det muligt at br\u00e6nde dem med en meget h\u00f8j forbr\u00e6ndingseffektivitet.<\/p>\n<p>Alt europ\u00e6isk varmeudstyr leveres med tekniske datablade, der angiver parametre for biobr\u00e6ndstof for at opn\u00e5 den h\u00f8jest mulige effektivitet og effektive drift. Der er ofte tilf\u00e6lde, hvor \u00e5rsagen til svigt af pillekedler var leverand\u00f8ren af \u200b\u200bpillebr\u00e6ndstof af d\u00e5rlig kvalitet.<\/p>\n<p>Derfor er forbrugerne meget opm\u00e6rksomme p\u00e5 kvaliteten af \u200b\u200btr\u00e6piller. Virksomheden anvender milj\u00f8venlige r\u00e5materialer til pelletsproduktion, leveret i henhold til kontrakter med det statslige skovbrug i Ukraine.<\/p>\n<p>Dette giver os mulighed for ikke kun at garantere stabiliteten af \u200b\u200bkvalitetsindikatorer, men ogs\u00e5 at garantere stabiliteten i de leverede produktvolumener. Denne type samarbejde forudbestemmer den ubetingede opfyldelse af vores forpligtelser over for modparter.<\/p>\n<p>Hvert frigivet parti af vores tr\u00e6piller svarer til specielt udviklede og godkendte tekniske forhold, der g\u00f8r vores tr\u00e6piller konkurrencedygtige p\u00e5 b\u00e5de indenlandske og udenlandske markeder. Askeindholdet i vores pellets er inden for 1%, der g\u00f8r det muligt for dem at bruge dem til opvarmning af private huse.<\/p>\n<p>Diameter 6 mm;<br \/>\nAskeindhold op til 1%;<br \/>\nFugtighed op til 9%;<br \/>\nBulk massefylde 630 kg \/ m3;<br \/>\nSlid \u2013 op til 3%;<br \/>\nKalorieindhold: 4600 kcal \/ kg.<br \/>\nProduktionsteknikker:<\/p>\n<p>R\u00e5materialet kommer ind i knuseren, som reduceres til melens tilstand. Den resulterende masse f\u00f8res ind i t\u00f8rretumbleren fra den \u2013 i en pelletpresse, hvor en komprimeret tr\u00e6melpiller. Kompression under presning \u00f8ger temperaturen p\u00e5 materialet, lignin, der er indeholdt i tr\u00e6partikler, bl\u00f8dg\u00f8res og kl\u00e6ber sammen i en t\u00e6t cylinder. At producere et ton pellets tager cirka 2,3 -2,6 kubikmeter affaldstr\u00e6 plus 0,6 kubikmeter savsmuld forbr\u00e6ndes pr. Ton produktion.<\/p>\n<p>De endelige pellets afk\u00f8les, pakkes i forskellige emballager \u2013 fra sm\u00e5 15 kg emballager til bigbags (stor industriel emballage), der vejer 1,1 ton \u2013 eller leveres til forbrugeren i l\u00f8s v\u00e6gt.<br \/>\nEn pilleovn er en ovn, der br\u00e6nder komprimeret tr\u00e6 eller biomassepiller for at skabe en varmekilde til boliger og undertiden industrielle rum. Ved konstant at f\u00f8re br\u00e6ndstof fra en opbevaringsbeholder (beholder) ind i et omr\u00e5de med forbr\u00e6ndingspotte, producerer det en konstant flamme, der kr\u00e6ver ringe eller ingen fysiske justeringer.<\/p>\n<p>Effektiviteten af \u200b\u200ben pilleovn kan v\u00e6re s\u00e5 h\u00f8j som 90% eller mere. \u2026 Dette er mere end en klassisk br\u00e6ndeovn med en effektivitet p\u00e5 kun 40 til 50% (60 til 80% for nylige h\u00f8jeffektive ovne) og meget mere end en \u00e5ben ild med en effektivitet p\u00e5 5 til 15 %.<\/p>\n<p>Pilleovne kan kun br\u00e6nde tr\u00e6piller (som Jodi n\u00e6vnte) eller biobr\u00e6ndstoffer s\u00e5som t\u00f8rret majs (afh\u00e6ngigt af den aktuelle model). Det ville ikke v\u00e6re klogt at fors\u00f8ge at br\u00e6nde tr\u00e6stammer eller pinde inde i en pilleovn p\u00e5 grund af, hvordan en pilleovn rent faktisk fungerer.<\/p>\n","protected":false},"excerpt":{"rendered":"<p>Hvert frigivet parti af vores tr\u00e6piller svarer til specielt udviklede og godkendte tekniske forhold, der g\u00f8r vores tr\u00e6piller konkurrencedygtige p\u00e5 b\u00e5de indenlandske og udenlandske markeder. Dette giver os mulighed for ikke kun at garantere stabiliteten af \u200b\u200bkvalitetsindikatorer, men ogs\u00e5 at garantere stabiliteten i de leverede produktvolumener.<\/p>\n","protected":false},"featured_media":97,"comment_status":"open","ping_status":"closed","template":"","meta":{"_et_pb_use_builder":"","_et_pb_old_content":"","_et_gb_content_width":""},"product_brand":[],"product_cat":[21],"product_tag":[],"class_list":{"0":"post-96","1":"product","2":"type-product","3":"status-publish","4":"has-post-thumbnail","6":"product_cat-wood-pellets","8":"first","9":"instock","10":"shipping-taxable","11":"product-type-simple"},"_links":{"self":[{"href":"https:\/\/greenheatscinawaspolka.com\/index.php\/wp-json\/wp\/v2\/product\/96","targetHints":{"allow":["GET"]}}],"collection":[{"href":"https:\/\/greenheatscinawaspolka.com\/index.php\/wp-json\/wp\/v2\/product"}],"about":[{"href":"https:\/\/greenheatscinawaspolka.com\/index.php\/wp-json\/wp\/v2\/types\/product"}],"replies":[{"embeddable":true,"href":"https:\/\/greenheatscinawaspolka.com\/index.php\/wp-json\/wp\/v2\/comments?post=96"}],"wp:featuredmedia":[{"embeddable":true,"href":"https:\/\/greenheatscinawaspolka.com\/index.php\/wp-json\/wp\/v2\/media\/97"}],"wp:attachment":[{"href":"https:\/\/greenheatscinawaspolka.com\/index.php\/wp-json\/wp\/v2\/media?parent=96"}],"wp:term":[{"taxonomy":"product_brand","embeddable":true,"href":"https:\/\/greenheatscinawaspolka.com\/index.php\/wp-json\/wp\/v2\/product_brand?post=96"},{"taxonomy":"product_cat","embeddable":true,"href":"https:\/\/greenheatscinawaspolka.com\/index.php\/wp-json\/wp\/v2\/product_cat?post=96"},{"taxonomy":"product_tag","embeddable":true,"href":"https:\/\/greenheatscinawaspolka.com\/index.php\/wp-json\/wp\/v2\/product_tag?post=96"}],"curies":[{"name":"wp","href":"https:\/\/api.w.org\/{rel}","templated":true}]}}