{"id":98,"date":"2026-04-26T12:54:41","date_gmt":"2026-04-26T12:54:41","guid":{"rendered":"https:\/\/greenheatscinawaspolka.com\/?post_type=product&#038;p=98"},"modified":"2026-04-26T12:54:41","modified_gmt":"2026-04-26T12:54:41","slug":"tre-pellets","status":"publish","type":"product","link":"https:\/\/greenheatscinawaspolka.com\/index.php\/product\/tre-pellets\/","title":{"rendered":"Tre pellets"},"content":{"rendered":"<p><strong>Beskrivelse av tre pellets 6mm<\/strong>:<br \/>\nWood Pellets 6mm en praktisk, \u00f8konomisk og effektiv m\u00e5te \u00e5 varme opp et hjem eller virksomhet med innenlandsk og hentet brensel.\u00a0<a href=\"https:\/\/en.wikipedia.org\/wiki\/Pellet_fuel\">https:\/\/en.wikipedia.org\/wiki\/Pellet_fuel<\/a><\/p>\n<p>A1-trepellets<br \/>\nDiameter: 6mm-8mm<br \/>\nLavt st\u00f8vinnhold &lt;1%<br \/>\nSmeltetemperatur med h\u00f8y ask&gt; 1200 \u00b0 C<br \/>\nLaget av beste virgin woods<\/p>\n<p><strong>Hardwood vs Softwood Wood Pellets 6mm<\/strong>:<br \/>\nl\u00f8vtre som l\u00f8nn, eik, bj\u00f8rk og aske. Og vi vet alle at det \u00e5 sette bartre som furu, gran og gran. Tre pellets.<\/p>\n<p><strong>European Wood Pellet Consumption<\/strong>:<br \/>\nSt\u00f8rstedelen av forbruket gikk til varmeproduksjon, som representerte 61,8%. Pelletsforbruk for varme kan videre deles inn i tre markeder \u2013 boligvarme (69%), kommersiell oppvarming (19%) og varme generert fra kraftvarme (12%). De resterende 38,2% av trepellets ble brukt til kraftproduksjon. Det skal bemerkes at teknologiene for \u00e5 produsere energi ut av pellets for varme, elektrisitet eller begge deler, er modne, og tilbyr effektive og p\u00e5litelige prosesser. Tre pellets<\/p>\n<p><strong>Fordelene med trepellets 6mm<\/strong>:<br \/>\nHvis du \u00f8nsker \u00e5 f\u00e5 en p\u00e5litelig varmekilde, kan du spare penger og beskytte milj\u00f8et, gj\u00f8r biomasse Wood Pellets 6mm et godt valg. N\u00e5r pelletsen brenner, frigj\u00f8r de den samme mengden karbondioksid som trebiomassen tar opp under veksten, noe som gj\u00f8r dem karbonneutrale. Tre pellets<\/p>\n<p>Utmerket pellets kvalitet er viktig for \u00e5 oppn\u00e5 en konstant og optimal oppvarmingsprosess. Ettersom det finnes forskjellige drivstoffkvaliteter, er det avgj\u00f8rende for eierne av komfyren og kjelen \u00e5 velge riktig drivstoff av h\u00f8y kvalitet som passer best til deres installasjoner. Tre pellets<\/p>\n<p>Bruken av pellets for \u00e5 produsere varme var fortsatt en sterk sektor i EU. Bruk av pellets for elektrisitetsproduksjon. Tre pellets.<\/p>\n<p><strong>Fra oppvarming til hestesenget\u00f8y: Wood Pellets A1 bruker<\/strong>:<br \/>\nEt lite og kompakt produkt som takler noen store utfordringer. V\u00e5re pellets er en sann naturkraft. Omtrent h\u00f8yden p\u00e5 en flaske kork, de er en energirik, lav-aske, lav fuktighet og rent-brennende varmekilde for vedpelletsovner og kjeler i bolig, kommersiell og storskala industriell oppvarmingsapplikasjoner. Tre pellets<\/p>\n<p>V\u00e5re trepellets 6mm er ogs\u00e5 et naturlig og behagelig valg for senget\u00f8y i hestene. De er sv\u00e6rt absorberende, drastisk kuttet mucking tid, reduserer senget\u00f8y forbruk, og er enkle \u00e5 oppbevare og transportere. Tre pellets.<\/p>\n<p><strong>Oppbevaring av trepellets 6mm<\/strong>:<br \/>\nFor best mulig levetid, b\u00f8r trepilletter lagres innend\u00f8rs. Fuktige steder kan kreve en avfukter. N\u00e5r lagret riktig, kan pellets ha en holdbarhet p\u00e5 over to \u00e5r, men ideelt sett brukes det innen en seks m\u00e5neders periode. P\u00e5 Europe Pellets kan vi lagre pellets ute p\u00e5 grunn av v\u00e5r h\u00f8ye omsetningshastighet, s\u00e5 ingen tonn med pellets er ute i mer enn en m\u00e5ned eller to. Tre pellets<\/p>\n<p>Vann vil \u00f8delegge trepellets. Wood Pellets-poser er ikke vanntette. Hver pose inneholder sm\u00e5 h\u00e5rhull for \u00e5 la pelletene puste. V\u00e6r spesielt forsiktig for \u00e5 forhindre vannopptak. Tre pellets<\/p>\n<p>Trepellets\u00a0 A1 ved pallen kommer dekket med en UV-motstandsdyktig pose \/ hette som er effektiv i opptil 12 m\u00e5neder. Ikke fjern posen \/ hetten f\u00f8r pelletene skal brukes.<\/p>\n<p>Aksept av aksept og lagring av r\u00e5varer:<\/p>\n<p>Produktet utf\u00f8res p\u00e5 planteomr\u00e5det.<\/p>\n<p>R\u00e5stoffmottakssted er laget av betongplater.<\/p>\n<p>Jernbanemater kommer til stedet som kan brukes til levering av r\u00e5varer. Adkomstveier for lastebiler er ogs\u00e5 tilgjengelige.<\/p>\n<p>R\u00e5varelagringssted best\u00e5r av lageromr\u00e5de og areal med r\u00e5vare umiddelbar forsyning til prosessering. Tre pellets<\/p>\n<p>Transport losses utf\u00f8rt av en tre laster p\u00e5 bunnen av gravemaskinen LIEBHERR A 924 \u0412.<\/p>\n<p>Lossing g\u00e5r inn i lagringsomr\u00e5der eller direkte til arbeidsomr\u00e5det for treforsyning til prosessering.<\/p>\n<p>T\u00f8mmerkvalitet og kvantitetsaksept utf\u00f8res p\u00e5 stedet sammen med radiologisk kontroll.<\/p>\n<p>Pelletsdrivstoff (eller pellets) er biodrivstoff laget av komprimert organisk materiale eller biomasse. Pellets kan lages fra en av fem generelle kategorier biomasse: industriavfall og biprodukter, matavfall, jordbruksrester, energiavlinger og jomfru. Tre pellets<\/p>\n<p>Trepellets er den vanligste typen pelletsdrivstoff og er vanligvis laget av komprimert sagflis og tilh\u00f8rende industriavfall fra fresing av t\u00f8mmer, produksjon av treprodukter og m\u00f8bler og konstruksjon. Andre industrielle avfallskilder inkluderer tomme fruktbunter, palmekjerneskall, kokosn\u00f8tskjell og tretopper og greiner som kastes under hogst. S\u00e5kalte \u201csvarte pellets\u201d er laget av biomasse, raffinert for \u00e5 ligne stenkull og ble utviklet for \u00e5 brukes i eksisterende kullkraftverk.<\/p>\n<p>Pellets er kategorisert etter oppvarmingsverdi, fuktighet og askeinnhold og dimensjoner. De kan brukes som drivstoff for kraftproduksjon, kommersiell oppvarming eller boligoppvarming og matlaging. Pellets er ekstremt tette og kan produseres med lavt fuktighetsinnhold (under 10%) som gj\u00f8r at de kan brennes med sv\u00e6rt h\u00f8y forbrenningseffektivitet.<\/p>\n<p>Alt europeisk varmeutstyr leveres med tekniske datablad som indikerer parametere for biodrivstoff for \u00e5 oppn\u00e5 h\u00f8yest mulig effektivitet og effektiv drift. Det er ofte tilfeller der \u00e5rsaken til svikt i pelletkjeler var leverand\u00f8ren av pelletsdrivstoff av d\u00e5rlig kvalitet. Tre pellets<\/p>\n<p>Det er derfor forbrukerne f\u00f8lger n\u00f8ye med p\u00e5 kvaliteten p\u00e5 trepiller. Selskapet gjelder milj\u00f8vennlige r\u00e5varer for pelletsproduksjon, levert under kontrakter med det statlige skogbruket i Ukraina.<\/p>\n<p>Dette gir oss muligheten til ikke bare \u00e5 garantere stabiliteten til kvalitetsindikatorer, men ogs\u00e5 \u00e5 gi garantier for stabiliteten i de leverte produktvolumene. Denne typen samarbeid forutbestemmer ubetinget oppfyllelse av v\u00e5re forpliktelser overfor motparter. Tre pellets<\/p>\n<p>Hver utgitt batch av trepellets tilsvarer spesialutviklede og godkjente tekniske forhold som gj\u00f8r v\u00e5re pellets konkurransedyktige i b\u00e5de innenlandske og utenlandske markeder. Askeinnholdet i pelletsene v\u00e5re er innenfor 1% som gj\u00f8r at man kan bruke dem til oppvarming av private hus.<\/p>\n<p>Diameter 6 mm;<br \/>\nAskeinnhold opptil 1%;<br \/>\nFuktighet opptil 9%;<br \/>\nBulk tetthet 630 kg \/ m3;<br \/>\nSlitasje \u2013 opptil 3%;<br \/>\nKaloriinnhold: 4600 kcal \/ kg.<br \/>\nProduksjonsteknikker:<\/p>\n<p>R\u00e5materialet kommer inn i knuseren, som reduseres til melens tilstand. Den resulterende massen mates inn i t\u00f8rketrommelen fra den \u2013 i en pelletspresse der en komprimert tremel pellets. Kompresjon under pressing \u00f8ker temperaturen p\u00e5 materialet, lignin, som er inneholdt i trepartikler, mykner og henger sammen i en tett sylinder. \u00c5 produsere ett tonn pellets tar omtrent 2,3 -2,6 kubikkmeter avfall, pluss 0,6 kubikkmeter sagflis blir brent per tonn produksjon. Tre pellets<\/p>\n<p>De endelige pellets blir avkj\u00f8lt, pakket i forskjellige emballasjer \u2013 fra sm\u00e5 15 kg pakker til store poser (stor industriell emballasje) som veier 1,1 tonn \u2013 eller leveres til forbrukeren i bulk.<br \/>\nEn pelletsovn er en komfyr som brenner komprimert treverk eller biomassepellets for \u00e5 skape en varmekilde for boliger og til tider industrielle rom. Ved \u00e5 jevnlig f\u00f8re drivstoff fra en lagringsbeholder (beholder) inn i et brennkanneomr\u00e5de, produserer det en konstant flamme som krever liten eller ingen fysiske justeringer. Tre pellets<\/p>\n<p>Effektiviteten til en pelletsovn kan v\u00e6re s\u00e5 h\u00f8y som 90% eller mer. \u2026 Dette er mer enn en klassisk vedovn, med en effektivitet p\u00e5 bare 40 til 50% (60 til 80% for nylige h\u00f8yeffektive ovner) og mye mer enn \u00e5pen ild, med en effektivitet p\u00e5 5 til 15 %.<br \/>\nPelletsovner kan bare brenne trepellets (som Jodi nevnte) eller biodrivstoff som t\u00f8rket mais (avhengig av modell). Det ville ikke v\u00e6re lurt \u00e5 pr\u00f8ve \u00e5 brenne t\u00f8mmerstokker eller pinner inne i en pelletsovn, p\u00e5 grunn av hvordan en pelletsovn faktisk fungerer. Tre pellets<\/p>\n","protected":false},"excerpt":{"rendered":"<p>Wood Pellets 6mm en praktisk, \u00f8konomisk og effektiv m\u00e5te \u00e5 varme opp et hjem eller virksomhet med innenlandsk og hentet brensel. Jernbanemater kommer til stedet som kan brukes til levering av r\u00e5varer.<\/p>\n<p>A1-trepellets<br \/>\nDiameter: 6mm-8mm<br \/>\nLavt st\u00f8vinnhold &lt;1%<br \/>\nSmeltetemperatur med h\u00f8y ask&gt; 1200 \u00b0 C<br \/>\nLaget av beste virgin woods<\/p>\n","protected":false},"featured_media":99,"comment_status":"open","ping_status":"closed","template":"","meta":{"_et_pb_use_builder":"","_et_pb_old_content":"","_et_gb_content_width":""},"product_brand":[],"product_cat":[21],"product_tag":[],"class_list":{"0":"post-98","1":"product","2":"type-product","3":"status-publish","4":"has-post-thumbnail","6":"product_cat-wood-pellets","8":"first","9":"instock","10":"shipping-taxable","11":"product-type-simple"},"_links":{"self":[{"href":"https:\/\/greenheatscinawaspolka.com\/index.php\/wp-json\/wp\/v2\/product\/98","targetHints":{"allow":["GET"]}}],"collection":[{"href":"https:\/\/greenheatscinawaspolka.com\/index.php\/wp-json\/wp\/v2\/product"}],"about":[{"href":"https:\/\/greenheatscinawaspolka.com\/index.php\/wp-json\/wp\/v2\/types\/product"}],"replies":[{"embeddable":true,"href":"https:\/\/greenheatscinawaspolka.com\/index.php\/wp-json\/wp\/v2\/comments?post=98"}],"wp:featuredmedia":[{"embeddable":true,"href":"https:\/\/greenheatscinawaspolka.com\/index.php\/wp-json\/wp\/v2\/media\/99"}],"wp:attachment":[{"href":"https:\/\/greenheatscinawaspolka.com\/index.php\/wp-json\/wp\/v2\/media?parent=98"}],"wp:term":[{"taxonomy":"product_brand","embeddable":true,"href":"https:\/\/greenheatscinawaspolka.com\/index.php\/wp-json\/wp\/v2\/product_brand?post=98"},{"taxonomy":"product_cat","embeddable":true,"href":"https:\/\/greenheatscinawaspolka.com\/index.php\/wp-json\/wp\/v2\/product_cat?post=98"},{"taxonomy":"product_tag","embeddable":true,"href":"https:\/\/greenheatscinawaspolka.com\/index.php\/wp-json\/wp\/v2\/product_tag?post=98"}],"curies":[{"name":"wp","href":"https:\/\/api.w.org\/{rel}","templated":true}]}}